{"id":52835,"date":"2023-11-17T07:39:02","date_gmt":"2023-11-17T06:39:02","guid":{"rendered":"https:\/\/mapau.es\/producto\/pack-deruet-lavabo-espejo-capsula-2\/"},"modified":"2026-03-30T17:12:32","modified_gmt":"2026-03-30T15:12:32","slug":"pack-deruet-lavabo-espejo-capsula-2","status":"publish","type":"product","link":"https:\/\/mapau.es\/fr\/producto\/pack-deruet-lavabo-espejo-capsula-2\/","title":{"rendered":"Pack DERUET + \u00e9vier + capsule miroir"},"content":{"rendered":"<p>Meuble bas avec vasque et miroir int\u00e9gr\u00e9s. Ce meuble comprend des tiroirs \u00e0 effet encastr\u00e9 et des \u00e9tag\u00e8res d\u00e9coratives. Fabriqu\u00e9 en panneaux de particules de 19 mm avec rev\u00eatement thermolaqu\u00e9 et finitions optimales, il est \u00e9cologique et recyclable. Ces quatre \u00e9l\u00e9ments sont \u00e9quip\u00e9s de fixations murales avec syst\u00e8me anti-affaissement. Il repose sur une structure m\u00e9tallique double face minimaliste aux lignes \u00e9pur\u00e9es, \u00e9quip\u00e9e d&rsquo;un syst\u00e8me d&rsquo;absorption des chocs et supportant une charge de 25 kg. Il offre un acc\u00e8s total et un espace de rangement optimal. Une vasque en c\u00e9ramique et un miroir int\u00e9gr\u00e9 sont inclus. Le meuble est livr\u00e9 libre et pr\u00eat \u00e0 \u00eatre fix\u00e9 au mur. Un kit de fixation est disponible. Robinetterie et bonde non incluses. Fabriqu\u00e9 en Espagne.<\/p>\n","protected":false},"excerpt":{"rendered":"<p>Meuble bas avec vasque et miroir int\u00e9gr\u00e9s. Ce meuble comprend des tiroirs \u00e0 effet encastr\u00e9 et des \u00e9tag\u00e8res d\u00e9coratives. Fabriqu\u00e9 en panneaux de particules de 19 mm avec rev\u00eatement thermolaqu\u00e9 et finitions optimales, il est \u00e9cologique et recyclable. Ces quatre \u00e9l\u00e9ments sont \u00e9quip\u00e9s de fixations murales avec syst\u00e8me anti-affaissement. Il repose sur une structure m\u00e9tallique &hellip; <a href=\"https:\/\/mapau.es\/fr\/producto\/pack-deruet-lavabo-espejo-capsula-2\/\">Continued<\/a><\/p>\n","protected":false},"featured_media":13031,"comment_status":"closed","ping_status":"open","template":"","meta":{"_acf_changed":false},"product_brand":[722],"product_cat":[664],"product_tag":[],"class_list":{"0":"post-52835","1":"product","2":"type-product","3":"status-publish","4":"has-post-thumbnail","6":"product_brand-deruet","7":"product_cat-meubles-de-salle-de-bain","8":"pa_colores-blanc-mat","9":"pa_colores-chene-bardolino-blanc","10":"pa_colores-chene-noir-de-jais-blanc","11":"pa_colores-noyer-blanc","12":"pa_medidas-480","13":"pa_medidas-481","14":"pa_medidas-489","15":"pa_medidas-485","17":"first","18":"instock","19":"purchasable","20":"product-type-variable"},"acf":[],"_links":{"self":[{"href":"https:\/\/mapau.es\/fr\/wp-json\/wp\/v2\/product\/52835","targetHints":{"allow":["GET"]}}],"collection":[{"href":"https:\/\/mapau.es\/fr\/wp-json\/wp\/v2\/product"}],"about":[{"href":"https:\/\/mapau.es\/fr\/wp-json\/wp\/v2\/types\/product"}],"replies":[{"embeddable":true,"href":"https:\/\/mapau.es\/fr\/wp-json\/wp\/v2\/comments?post=52835"}],"wp:featuredmedia":[{"embeddable":true,"href":"https:\/\/mapau.es\/fr\/wp-json\/wp\/v2\/media\/13031"}],"wp:attachment":[{"href":"https:\/\/mapau.es\/fr\/wp-json\/wp\/v2\/media?parent=52835"}],"wp:term":[{"taxonomy":"product_brand","embeddable":true,"href":"https:\/\/mapau.es\/fr\/wp-json\/wp\/v2\/product_brand?post=52835"},{"taxonomy":"product_cat","embeddable":true,"href":"https:\/\/mapau.es\/fr\/wp-json\/wp\/v2\/product_cat?post=52835"},{"taxonomy":"product_tag","embeddable":true,"href":"https:\/\/mapau.es\/fr\/wp-json\/wp\/v2\/product_tag?post=52835"}],"curies":[{"name":"wp","href":"https:\/\/api.w.org\/{rel}","templated":true}]}}