{"id":52836,"date":"2023-11-17T07:37:56","date_gmt":"2023-11-17T06:37:56","guid":{"rendered":"https:\/\/mapau.es\/producto\/pack-chauveau-lavabo-espejo-circular-2\/"},"modified":"2026-03-30T17:12:54","modified_gmt":"2026-03-30T15:12:54","slug":"pack-chauveau-lavabo-espejo-circular-2","status":"publish","type":"product","link":"https:\/\/mapau.es\/fr\/producto\/pack-chauveau-lavabo-espejo-circular-2\/","title":{"rendered":"Pack CHAUVEAU + lavabo + miroir rond"},"content":{"rendered":"<p>Meuble bas avec vasque et miroir rond. Ce meuble est dot\u00e9 d&rsquo;un effet encadr\u00e9 et de poign\u00e9es profil\u00e9es. Fabriqu\u00e9 en panneaux de particules de 19 mm avec rev\u00eatement m\u00e9lamin\u00e9 et finitions de surface optimales, il est \u00e9cologique et recyclable. Il comprend des crochets avec syst\u00e8me anti-affaissement. Le caisson m\u00e9tallique \u00e0 double paroi arbore une esth\u00e9tique minimaliste, avec des nervures fines et des lignes l\u00e9g\u00e8res, un m\u00e9canisme d&rsquo;absorption des chocs, une capacit\u00e9 de charge de 25 kg, une accessibilit\u00e9 totale et un espace de rangement polyvalent. Une vasque en c\u00e9ramique et un miroir rond sont inclus. Le meuble est livr\u00e9 libre et pr\u00eat \u00e0 \u00eatre fix\u00e9 au mur. Un kit de fixation est disponible. Robinetterie et bonde non incluses. Fabriqu\u00e9 en Espagne.<\/p>\n","protected":false},"excerpt":{"rendered":"<p>Meuble bas avec vasque et miroir rond. Ce meuble est dot\u00e9 d&rsquo;un effet encadr\u00e9 et de poign\u00e9es profil\u00e9es. Fabriqu\u00e9 en panneaux de particules de 19 mm avec rev\u00eatement m\u00e9lamin\u00e9 et finitions de surface optimales, il est \u00e9cologique et recyclable. Il comprend des crochets avec syst\u00e8me anti-affaissement. Le caisson m\u00e9tallique \u00e0 double paroi arbore une esth\u00e9tique &hellip; <a href=\"https:\/\/mapau.es\/fr\/producto\/pack-chauveau-lavabo-espejo-circular-2\/\">Continued<\/a><\/p>\n","protected":false},"featured_media":13002,"comment_status":"closed","ping_status":"open","template":"","meta":{"_acf_changed":false},"product_brand":[721],"product_cat":[664],"product_tag":[],"class_list":{"0":"post-52836","1":"product","2":"type-product","3":"status-publish","4":"has-post-thumbnail","6":"product_brand-chauveau","7":"product_cat-meubles-de-salle-de-bain","8":"pa_colores-blanc","9":"pa_colores-chene-de-bardolino","10":"pa_colores-chene-noir-de-jais","11":"pa_colores-noyer","12":"pa_colores-terre-cuite","13":"pa_colores-vert-argile","14":"pa_colores-macadam","15":"pa_medidas-480","16":"pa_medidas-481","17":"pa_medidas-489","18":"pa_medidas-485","20":"first","21":"instock","22":"purchasable","23":"product-type-variable"},"acf":[],"_links":{"self":[{"href":"https:\/\/mapau.es\/fr\/wp-json\/wp\/v2\/product\/52836","targetHints":{"allow":["GET"]}}],"collection":[{"href":"https:\/\/mapau.es\/fr\/wp-json\/wp\/v2\/product"}],"about":[{"href":"https:\/\/mapau.es\/fr\/wp-json\/wp\/v2\/types\/product"}],"replies":[{"embeddable":true,"href":"https:\/\/mapau.es\/fr\/wp-json\/wp\/v2\/comments?post=52836"}],"wp:featuredmedia":[{"embeddable":true,"href":"https:\/\/mapau.es\/fr\/wp-json\/wp\/v2\/media\/13002"}],"wp:attachment":[{"href":"https:\/\/mapau.es\/fr\/wp-json\/wp\/v2\/media?parent=52836"}],"wp:term":[{"taxonomy":"product_brand","embeddable":true,"href":"https:\/\/mapau.es\/fr\/wp-json\/wp\/v2\/product_brand?post=52836"},{"taxonomy":"product_cat","embeddable":true,"href":"https:\/\/mapau.es\/fr\/wp-json\/wp\/v2\/product_cat?post=52836"},{"taxonomy":"product_tag","embeddable":true,"href":"https:\/\/mapau.es\/fr\/wp-json\/wp\/v2\/product_tag?post=52836"}],"curies":[{"name":"wp","href":"https:\/\/api.w.org\/{rel}","templated":true}]}}