{"id":52837,"date":"2023-11-17T07:37:12","date_gmt":"2023-11-17T06:37:12","guid":{"rendered":"https:\/\/mapau.es\/producto\/pack-audran-lavabo-espejo-led-2\/"},"modified":"2026-03-30T17:12:54","modified_gmt":"2026-03-30T15:12:54","slug":"pack-audran-lavabo-espejo-led-2","status":"publish","type":"product","link":"https:\/\/mapau.es\/fr\/producto\/pack-audran-lavabo-espejo-led-2\/","title":{"rendered":"Pack AUDRAN + \u00e9vier + miroir LED"},"content":{"rendered":"<p>Meuble sous-vasque avec vasque et miroir LED. Ce meuble est \u00e9quip\u00e9 de portes \u00e0 poign\u00e9es profil\u00e9es et de pieds en m\u00e9tal noir mat. Il est compos\u00e9 de panneaux de particules de 19 mm avec un rev\u00eatement m\u00e9lamine, offrant des caract\u00e9ristiques de surface optimales et un respect de l&rsquo;environnement et une recyclabilit\u00e9. Il comprend des crochets avec syst\u00e8me anti-affaissement et des charni\u00e8res nickel\u00e9es \u00e9quip\u00e9es de pistons \u00e0 fermeture amortie. Un bol en c\u00e9ramique est inclus. Le miroir est \u00e9quip\u00e9 d&rsquo;un \u00e9clairage LED (IP65, 8,4 W, 910 lm, 6 000 K). Le mobilier est gratuit et pr\u00eat \u00e0 \u00eatre utilis\u00e9 sur votre mur. Un kit de fixation est disponible. Robinetterie et bonde non incluses. J&rsquo;ai fabriqu\u00e9 en Espagne.<\/p>\n","protected":false},"excerpt":{"rendered":"<p>Meuble sous-vasque avec vasque et miroir LED. Ce meuble est \u00e9quip\u00e9 de portes \u00e0 poign\u00e9es profil\u00e9es et de pieds en m\u00e9tal noir mat. Il est compos\u00e9 de panneaux de particules de 19 mm avec un rev\u00eatement m\u00e9lamine, offrant des caract\u00e9ristiques de surface optimales et un respect de l&rsquo;environnement et une recyclabilit\u00e9. Il comprend des crochets &hellip; <a href=\"https:\/\/mapau.es\/fr\/producto\/pack-audran-lavabo-espejo-led-2\/\">Continued<\/a><\/p>\n","protected":false},"featured_media":12993,"comment_status":"closed","ping_status":"open","template":"","meta":{"_acf_changed":false},"product_brand":[720],"product_cat":[664],"product_tag":[],"class_list":{"0":"post-52837","1":"product","2":"type-product","3":"status-publish","4":"has-post-thumbnail","6":"product_brand-audran","7":"product_cat-meubles-de-salle-de-bain","8":"pa_colores-blanc","9":"pa_colores-chene-de-bardolino","10":"pa_medidas-480","11":"pa_medidas-481","12":"pa_medidas-489","13":"pa_medidas-485","15":"first","16":"instock","17":"purchasable","18":"product-type-variable"},"acf":[],"_links":{"self":[{"href":"https:\/\/mapau.es\/fr\/wp-json\/wp\/v2\/product\/52837","targetHints":{"allow":["GET"]}}],"collection":[{"href":"https:\/\/mapau.es\/fr\/wp-json\/wp\/v2\/product"}],"about":[{"href":"https:\/\/mapau.es\/fr\/wp-json\/wp\/v2\/types\/product"}],"replies":[{"embeddable":true,"href":"https:\/\/mapau.es\/fr\/wp-json\/wp\/v2\/comments?post=52837"}],"wp:featuredmedia":[{"embeddable":true,"href":"https:\/\/mapau.es\/fr\/wp-json\/wp\/v2\/media\/12993"}],"wp:attachment":[{"href":"https:\/\/mapau.es\/fr\/wp-json\/wp\/v2\/media?parent=52837"}],"wp:term":[{"taxonomy":"product_brand","embeddable":true,"href":"https:\/\/mapau.es\/fr\/wp-json\/wp\/v2\/product_brand?post=52837"},{"taxonomy":"product_cat","embeddable":true,"href":"https:\/\/mapau.es\/fr\/wp-json\/wp\/v2\/product_cat?post=52837"},{"taxonomy":"product_tag","embeddable":true,"href":"https:\/\/mapau.es\/fr\/wp-json\/wp\/v2\/product_tag?post=52837"}],"curies":[{"name":"wp","href":"https:\/\/api.w.org\/{rel}","templated":true}]}}