{"id":52838,"date":"2023-11-17T07:36:54","date_gmt":"2023-11-17T06:36:54","guid":{"rendered":"https:\/\/mapau.es\/producto\/pack-allegrain-lavabo-espejo-capsula-2\/"},"modified":"2026-03-30T17:13:05","modified_gmt":"2026-03-30T15:13:05","slug":"pack-allegrain-lavabo-espejo-capsula-2","status":"publish","type":"product","link":"https:\/\/mapau.es\/fr\/producto\/pack-allegrain-lavabo-espejo-capsula-2\/","title":{"rendered":"Pack ALLEGRAIN + \u00e9vier + capsule miroir"},"content":{"rendered":"<p>Meuble vasque de salle de bain avec vasque int\u00e9gr\u00e9e et miroir. Ce meuble se compose d&rsquo;un caisson et d&rsquo;un porte-latte, gr\u00e2ce \u00e0 une poign\u00e9e profil\u00e9e. Fabriqu\u00e9 en panneaux de particules de 19 mm avec rev\u00eatement m\u00e9lamin\u00e9 et finitions de surface optimales, il est \u00e9cologique et recyclable. Il est livr\u00e9 libre avec les fixations murales \u00e9quip\u00e9es d&rsquo;un syst\u00e8me anti-affaissement. Le caisson m\u00e9tallique \u00e0 double paroi pr\u00e9sente une esth\u00e9tique minimaliste, avec des lignes fines et \u00e9pur\u00e9es, un m\u00e9canisme d&rsquo;amortissement, une capacit\u00e9 de charge de 25 kg, une accessibilit\u00e9 totale et un encombrement optimal. Les charni\u00e8res nickel\u00e9es sont \u00e9quip\u00e9es d&rsquo;un piston \u00e0 fort amortissement pour une ouverture et une fermentation en douceur. Une vasque en c\u00e9ramique avec miroir int\u00e9gr\u00e9 est incluse. Le meuble est livr\u00e9 libre et pr\u00eat \u00e0 \u00eatre install\u00e9 au mur. Un kit de fixation est disponible. Robinetterie et bonde non incluses. Fabriqu\u00e9 en Espagne.<\/p>\n","protected":false},"excerpt":{"rendered":"<p>Meuble vasque de salle de bain avec vasque int\u00e9gr\u00e9e et miroir. Ce meuble se compose d&rsquo;un caisson et d&rsquo;un porte-latte, gr\u00e2ce \u00e0 une poign\u00e9e profil\u00e9e. Fabriqu\u00e9 en panneaux de particules de 19 mm avec rev\u00eatement m\u00e9lamin\u00e9 et finitions de surface optimales, il est \u00e9cologique et recyclable. Il est livr\u00e9 libre avec les fixations murales \u00e9quip\u00e9es &hellip; <a href=\"https:\/\/mapau.es\/fr\/producto\/pack-allegrain-lavabo-espejo-capsula-2\/\">Continued<\/a><\/p>\n","protected":false},"featured_media":12984,"comment_status":"closed","ping_status":"open","template":"","meta":{"_acf_changed":false},"product_brand":[719],"product_cat":[664],"product_tag":[],"class_list":{"0":"post-52838","1":"product","2":"type-product","3":"status-publish","4":"has-post-thumbnail","6":"product_brand-allegrain","7":"product_cat-meubles-de-salle-de-bain","8":"pa_colores-blanc","9":"pa_colores-chene-de-bardolino","10":"pa_medidas-480","11":"pa_medidas-481","12":"pa_medidas-489","13":"pa_medidas-485","15":"first","16":"instock","17":"purchasable","18":"product-type-variable"},"acf":[],"_links":{"self":[{"href":"https:\/\/mapau.es\/fr\/wp-json\/wp\/v2\/product\/52838","targetHints":{"allow":["GET"]}}],"collection":[{"href":"https:\/\/mapau.es\/fr\/wp-json\/wp\/v2\/product"}],"about":[{"href":"https:\/\/mapau.es\/fr\/wp-json\/wp\/v2\/types\/product"}],"replies":[{"embeddable":true,"href":"https:\/\/mapau.es\/fr\/wp-json\/wp\/v2\/comments?post=52838"}],"wp:featuredmedia":[{"embeddable":true,"href":"https:\/\/mapau.es\/fr\/wp-json\/wp\/v2\/media\/12984"}],"wp:attachment":[{"href":"https:\/\/mapau.es\/fr\/wp-json\/wp\/v2\/media?parent=52838"}],"wp:term":[{"taxonomy":"product_brand","embeddable":true,"href":"https:\/\/mapau.es\/fr\/wp-json\/wp\/v2\/product_brand?post=52838"},{"taxonomy":"product_cat","embeddable":true,"href":"https:\/\/mapau.es\/fr\/wp-json\/wp\/v2\/product_cat?post=52838"},{"taxonomy":"product_tag","embeddable":true,"href":"https:\/\/mapau.es\/fr\/wp-json\/wp\/v2\/product_tag?post=52838"}],"curies":[{"name":"wp","href":"https:\/\/api.w.org\/{rel}","templated":true}]}}