{"id":52839,"date":"2023-07-18T14:57:37","date_gmt":"2023-07-18T12:57:37","guid":{"rendered":"https:\/\/mapau.es\/producto\/pack-virebent-lavabo-espejo-redondo-2\/"},"modified":"2026-03-30T17:13:05","modified_gmt":"2026-03-30T15:13:05","slug":"pack-virebent-lavabo-espejo-redondo-2","status":"publish","type":"product","link":"https:\/\/mapau.es\/fr\/producto\/pack-virebent-lavabo-espejo-redondo-2\/","title":{"rendered":"Pack VIREBENT + lavabo + miroir rond"},"content":{"rendered":"<p>Suite salle de bain comprenant un meuble bas, un lavabo et un miroir rond. Meuble \u00e0 suspension avec fa\u00e7ade d\u00e9corative d\u00e9coup\u00e9e au laser. Panneaux en particules de m\u00e9lamine de 19 mm aux propri\u00e9t\u00e9s de surface optimales. Surface parfaitement tang\u00e9e. Tiroir m\u00e9tallique double paroi au design minimaliste, caract\u00e9ris\u00e9 par des nervures fines et des lignes discr\u00e8tes, un syst\u00e8me de fermeture amortie, une accessibilit\u00e9 totale et un grand espace de rangement. Crochets r\u00e9glables avec syst\u00e8me anti-check, r\u00e9glables horizontalement et verticalement. Supporte seulement 120 kg pour le crochet. Con\u00e7u pour une installation de robinetterie murale. Lavabo en c\u00e9ramique blanc brillant inclus. Miroir rond inclus. Assemblage gratuit et pr\u00eat \u00e0 fixer sur votre mur. Kit de fixation inclus. Robinetterie et bonde non incluses. J&rsquo;ai fabriqu\u00e9 en Espagne.<\/p>\n","protected":false},"excerpt":{"rendered":"<p>Suite salle de bain comprenant un meuble bas, un lavabo et un miroir rond. Meuble \u00e0 suspension avec fa\u00e7ade d\u00e9corative d\u00e9coup\u00e9e au laser. Panneaux en particules de m\u00e9lamine de 19 mm aux propri\u00e9t\u00e9s de surface optimales. Surface parfaitement tang\u00e9e. Tiroir m\u00e9tallique double paroi au design minimaliste, caract\u00e9ris\u00e9 par des nervures fines et des lignes discr\u00e8tes, &hellip; <a href=\"https:\/\/mapau.es\/fr\/producto\/pack-virebent-lavabo-espejo-redondo-2\/\">Continued<\/a><\/p>\n","protected":false},"featured_media":12962,"comment_status":"closed","ping_status":"open","template":"","meta":{"_acf_changed":false},"product_brand":[718],"product_cat":[664],"product_tag":[],"class_list":{"0":"post-52839","1":"product","2":"type-product","3":"status-publish","4":"has-post-thumbnail","6":"product_brand-virebent","7":"product_cat-meubles-de-salle-de-bain","8":"pa_caracteristicas-2-tiroirs","9":"pa_caracteristicas-1-tiroir","10":"pa_colores-chene-de-bardolino","11":"pa_colores-jet","12":"pa_colores-noyer","13":"pa_medidas-480","14":"pa_medidas-481","15":"pa_medidas-482","16":"pa_medidas-489","17":"pa_medidas-485","19":"first","20":"instock","21":"purchasable","22":"product-type-variable"},"acf":[],"_links":{"self":[{"href":"https:\/\/mapau.es\/fr\/wp-json\/wp\/v2\/product\/52839","targetHints":{"allow":["GET"]}}],"collection":[{"href":"https:\/\/mapau.es\/fr\/wp-json\/wp\/v2\/product"}],"about":[{"href":"https:\/\/mapau.es\/fr\/wp-json\/wp\/v2\/types\/product"}],"replies":[{"embeddable":true,"href":"https:\/\/mapau.es\/fr\/wp-json\/wp\/v2\/comments?post=52839"}],"wp:featuredmedia":[{"embeddable":true,"href":"https:\/\/mapau.es\/fr\/wp-json\/wp\/v2\/media\/12962"}],"wp:attachment":[{"href":"https:\/\/mapau.es\/fr\/wp-json\/wp\/v2\/media?parent=52839"}],"wp:term":[{"taxonomy":"product_brand","embeddable":true,"href":"https:\/\/mapau.es\/fr\/wp-json\/wp\/v2\/product_brand?post=52839"},{"taxonomy":"product_cat","embeddable":true,"href":"https:\/\/mapau.es\/fr\/wp-json\/wp\/v2\/product_cat?post=52839"},{"taxonomy":"product_tag","embeddable":true,"href":"https:\/\/mapau.es\/fr\/wp-json\/wp\/v2\/product_tag?post=52839"}],"curies":[{"name":"wp","href":"https:\/\/api.w.org\/{rel}","templated":true}]}}