{"id":52840,"date":"2023-07-18T14:57:18","date_gmt":"2023-07-18T12:57:18","guid":{"rendered":"https:\/\/mapau.es\/producto\/pack-didot-lavabo-2\/"},"modified":"2026-03-30T17:13:17","modified_gmt":"2026-03-30T15:13:17","slug":"pack-didot-lavabo-2","status":"publish","type":"product","link":"https:\/\/mapau.es\/fr\/producto\/pack-didot-lavabo-2\/","title":{"rendered":"Pack DIDOT + \u00e9vier"},"content":{"rendered":"<p>Ensemble de salle de bains comprenant un meuble sous-vasque et un lavabo. Le meuble est compos\u00e9 de panneaux de particules double face de 19 mm et pr\u00e9sente des finitions optimales. Il est \u00e9quip\u00e9 d&rsquo;une surface hygi\u00e9nique, d&rsquo;une charni\u00e8re en acier nickel\u00e9 avec piston anti-d\u00e9raillement et d&rsquo;un r\u00e9glage tridimensionnel. Les crochets sont \u00e9quip\u00e9s d&rsquo;un syst\u00e8me anti-casse r\u00e9glable horizontalement et verticalement, supportant jusqu&rsquo;\u00e0 120 kg chacun. Un \u00e9l\u00e9ment de meuble en r\u00e9sine blanche, compos\u00e9 de trois pi\u00e8ces, est inclus. Le montage est gratuit, le meuble est pr\u00e9-assembl\u00e9 et compatible avec le syst\u00e8me de fixation murale. Robinetterie et miroir non inclus. Fabriqu\u00e9 en Espagne.<\/p>\n","protected":false},"excerpt":{"rendered":"<p>Ensemble de salle de bains comprenant un meuble sous-vasque et un lavabo. Le meuble est compos\u00e9 de panneaux de particules double face de 19 mm et pr\u00e9sente des finitions optimales. Il est \u00e9quip\u00e9 d&rsquo;une surface hygi\u00e9nique, d&rsquo;une charni\u00e8re en acier nickel\u00e9 avec piston anti-d\u00e9raillement et d&rsquo;un r\u00e9glage tridimensionnel. Les crochets sont \u00e9quip\u00e9s d&rsquo;un syst\u00e8me anti-casse &hellip; <a href=\"https:\/\/mapau.es\/fr\/producto\/pack-didot-lavabo-2\/\">Continued<\/a><\/p>\n","protected":false},"featured_media":12955,"comment_status":"closed","ping_status":"open","template":"","meta":{"_acf_changed":false},"product_brand":[717],"product_cat":[664],"product_tag":[],"class_list":{"0":"post-52840","1":"product","2":"type-product","3":"status-publish","4":"has-post-thumbnail","6":"product_brand-didot","7":"product_cat-meubles-de-salle-de-bain","8":"pa_caracteristicas-portes","9":"pa_colores-blanc-noir-de-jais","10":"pa_colores-blanc-noyer","11":"pa_colores-chene-blanc-de-bardolino","12":"pa_colores-chene-noir-de-bardolin","13":"pa_colores-noir-noir-de-jais","14":"pa_colores-noir-noyer","15":"pa_medidas-503","17":"first","18":"instock","19":"purchasable","20":"product-type-variable"},"acf":[],"_links":{"self":[{"href":"https:\/\/mapau.es\/fr\/wp-json\/wp\/v2\/product\/52840","targetHints":{"allow":["GET"]}}],"collection":[{"href":"https:\/\/mapau.es\/fr\/wp-json\/wp\/v2\/product"}],"about":[{"href":"https:\/\/mapau.es\/fr\/wp-json\/wp\/v2\/types\/product"}],"replies":[{"embeddable":true,"href":"https:\/\/mapau.es\/fr\/wp-json\/wp\/v2\/comments?post=52840"}],"wp:featuredmedia":[{"embeddable":true,"href":"https:\/\/mapau.es\/fr\/wp-json\/wp\/v2\/media\/12955"}],"wp:attachment":[{"href":"https:\/\/mapau.es\/fr\/wp-json\/wp\/v2\/media?parent=52840"}],"wp:term":[{"taxonomy":"product_brand","embeddable":true,"href":"https:\/\/mapau.es\/fr\/wp-json\/wp\/v2\/product_brand?post=52840"},{"taxonomy":"product_cat","embeddable":true,"href":"https:\/\/mapau.es\/fr\/wp-json\/wp\/v2\/product_cat?post=52840"},{"taxonomy":"product_tag","embeddable":true,"href":"https:\/\/mapau.es\/fr\/wp-json\/wp\/v2\/product_tag?post=52840"}],"curies":[{"name":"wp","href":"https:\/\/api.w.org\/{rel}","templated":true}]}}