{"id":52841,"date":"2023-07-18T14:56:32","date_gmt":"2023-07-18T12:56:32","guid":{"rendered":"https:\/\/mapau.es\/producto\/pack-lavigne-lavabo-espejo-redondo-2\/"},"modified":"2026-03-30T17:13:17","modified_gmt":"2026-03-30T15:13:17","slug":"pack-lavigne-lavabo-espejo-redondo-2","status":"publish","type":"product","link":"https:\/\/mapau.es\/fr\/producto\/pack-lavigne-lavabo-espejo-redondo-2\/","title":{"rendered":"Pack LAVIGNE + lavabo + miroir rond"},"content":{"rendered":"<p>Cet ensemble de salle de bains comprend un meuble sous-basque, un lavabo basque en pierre et un miroir rond. Le meuble est orn\u00e9 de pierres et d&rsquo;un \u00e9l\u00e9ment d\u00e9coratif, avec des d\u00e9tails d\u00e9coratifs sur les fa\u00e7ades. Il est r\u00e9alis\u00e9 en panneaux de particules de 19 mm avec un rev\u00eatement m\u00e9lamin\u00e9 aux caract\u00e9ristiques de surface optimales. La surface est scell\u00e9e pour une hygi\u00e8ne parfaite. Le meuble m\u00e9tallique double face pr\u00e9sente une esth\u00e9tique minimaliste, avec des lignes \u00e9pur\u00e9es et des fonctionnalit\u00e9s pratiques\u00a0: m\u00e9canisme d&rsquo;amortissement, accessibilit\u00e9 totale et grande libert\u00e9 de mouvement. Les pieds sont \u00e9quip\u00e9s d&rsquo;un syst\u00e8me anti-chute avec r\u00e9glage horizontal et vertical. Le meuble supporte un poids maximal de 120 kg. Une vasque en c\u00e9ramique blanche brillante et un miroir rond compl\u00e8tent l&rsquo;ensemble. Le meuble est livr\u00e9 libre et pr\u00eat \u00e0 \u00eatre fix\u00e9 au mur. Un kit de fixation est disponible. Robinetterie et bonde non incluses. Fabriqu\u00e9 en Espagne.<\/p>\n","protected":false},"excerpt":{"rendered":"<p>Cet ensemble de salle de bains comprend un meuble sous-basque, un lavabo basque en pierre et un miroir rond. Le meuble est orn\u00e9 de pierres et d&rsquo;un \u00e9l\u00e9ment d\u00e9coratif, avec des d\u00e9tails d\u00e9coratifs sur les fa\u00e7ades. Il est r\u00e9alis\u00e9 en panneaux de particules de 19 mm avec un rev\u00eatement m\u00e9lamin\u00e9 aux caract\u00e9ristiques de surface optimales. &hellip; <a href=\"https:\/\/mapau.es\/fr\/producto\/pack-lavigne-lavabo-espejo-redondo-2\/\">Continued<\/a><\/p>\n","protected":false},"featured_media":12938,"comment_status":"closed","ping_status":"open","template":"","meta":{"_acf_changed":false},"product_brand":[716],"product_cat":[664],"product_tag":[],"class_list":{"0":"post-52841","1":"product","2":"type-product","3":"status-publish","4":"has-post-thumbnail","6":"product_brand-lavigne","7":"product_cat-meubles-de-salle-de-bain","8":"pa_caracteristicas-2-tiroirs","9":"pa_caracteristicas-1-tiroir","10":"pa_colores-blanc","11":"pa_colores-chene-de-bardolino","12":"pa_colores-jet","13":"pa_colores-noyer","14":"pa_medidas-480","15":"pa_medidas-481","16":"pa_medidas-489","17":"pa_medidas-485","19":"first","20":"instock","21":"purchasable","22":"product-type-variable"},"acf":[],"_links":{"self":[{"href":"https:\/\/mapau.es\/fr\/wp-json\/wp\/v2\/product\/52841","targetHints":{"allow":["GET"]}}],"collection":[{"href":"https:\/\/mapau.es\/fr\/wp-json\/wp\/v2\/product"}],"about":[{"href":"https:\/\/mapau.es\/fr\/wp-json\/wp\/v2\/types\/product"}],"replies":[{"embeddable":true,"href":"https:\/\/mapau.es\/fr\/wp-json\/wp\/v2\/comments?post=52841"}],"wp:featuredmedia":[{"embeddable":true,"href":"https:\/\/mapau.es\/fr\/wp-json\/wp\/v2\/media\/12938"}],"wp:attachment":[{"href":"https:\/\/mapau.es\/fr\/wp-json\/wp\/v2\/media?parent=52841"}],"wp:term":[{"taxonomy":"product_brand","embeddable":true,"href":"https:\/\/mapau.es\/fr\/wp-json\/wp\/v2\/product_brand?post=52841"},{"taxonomy":"product_cat","embeddable":true,"href":"https:\/\/mapau.es\/fr\/wp-json\/wp\/v2\/product_cat?post=52841"},{"taxonomy":"product_tag","embeddable":true,"href":"https:\/\/mapau.es\/fr\/wp-json\/wp\/v2\/product_tag?post=52841"}],"curies":[{"name":"wp","href":"https:\/\/api.w.org\/{rel}","templated":true}]}}