{"id":52842,"date":"2023-07-18T14:55:58","date_gmt":"2023-07-18T12:55:58","guid":{"rendered":"https:\/\/mapau.es\/producto\/pack-moinet-lavabo-espejo-capsula-2\/"},"modified":"2026-03-30T17:13:28","modified_gmt":"2026-03-30T15:13:28","slug":"pack-moinet-lavabo-espejo-capsula-2","status":"publish","type":"product","link":"https:\/\/mapau.es\/fr\/producto\/pack-moinet-lavabo-espejo-capsula-2\/","title":{"rendered":"Pack MOINET + \u00e9vier + capsule miroir"},"content":{"rendered":"<p>Ensemble comprenant un meuble-lavabo, une vasque et un miroir int\u00e9gr\u00e9. Le meuble-lavabo est \u00e9quip\u00e9 d&rsquo;une cr\u00e9dence avec cache-culbuteurs et d&rsquo;une plaque d\u00e9corative inf\u00e9rieure. La fa\u00e7ade est couleur latte. Ce meuble-lavabo suspendu est fabriqu\u00e9 en panneaux de particules de 19 mm avec un rev\u00eatement m\u00e9lamin\u00e9 et des caract\u00e9ristiques de surface optimales. La surface est scell\u00e9e pour une hygi\u00e8ne optimale. La structure m\u00e9tallique \u00e0 double paroi pr\u00e9sente une esth\u00e9tique minimaliste, avec des nervures et des lignes droites fines, un syst\u00e8me de fermeture amortissant, une accessibilit\u00e9 totale et un grand espace de mouvement. Les crochets sont \u00e9quip\u00e9s d&rsquo;un syst\u00e8me anti-chute avec r\u00e9glage horizontal et vertical, supportant jusqu&rsquo;\u00e0 120 kg par crochet. Un repose-pieds en c\u00e9ramique blanche est inclus. Le meuble est \u00e9quip\u00e9 d&rsquo;une installation murale avec une carte de cr\u00e9dit. Un miroir int\u00e9gr\u00e9 est \u00e9galement inclus. Le meuble est libre et pr\u00eat \u00e0 \u00eatre install\u00e9 au mur. Un kit de fixation est disponible. Robinetterie et bonde non incluses. Fabriqu\u00e9 en Espagne.<\/p>\n","protected":false},"excerpt":{"rendered":"<p>Ensemble comprenant un meuble-lavabo, une vasque et un miroir int\u00e9gr\u00e9. Le meuble-lavabo est \u00e9quip\u00e9 d&rsquo;une cr\u00e9dence avec cache-culbuteurs et d&rsquo;une plaque d\u00e9corative inf\u00e9rieure. La fa\u00e7ade est couleur latte. Ce meuble-lavabo suspendu est fabriqu\u00e9 en panneaux de particules de 19 mm avec un rev\u00eatement m\u00e9lamin\u00e9 et des caract\u00e9ristiques de surface optimales. La surface est scell\u00e9e pour &hellip; <a href=\"https:\/\/mapau.es\/fr\/producto\/pack-moinet-lavabo-espejo-capsula-2\/\">Continued<\/a><\/p>\n","protected":false},"featured_media":12929,"comment_status":"closed","ping_status":"open","template":"","meta":{"_acf_changed":false},"product_brand":[715],"product_cat":[664],"product_tag":[],"class_list":{"0":"post-52842","1":"product","2":"type-product","3":"status-publish","4":"has-post-thumbnail","6":"product_brand-moinet","7":"product_cat-meubles-de-salle-de-bain","8":"pa_caracteristicas-2-tiroirs","9":"pa_caracteristicas-1-tiroir","10":"pa_colores-blanc","11":"pa_colores-chene-de-bardolino","12":"pa_medidas-480","13":"pa_medidas-481","14":"pa_medidas-489","15":"pa_medidas-485","17":"first","18":"instock","19":"purchasable","20":"product-type-variable"},"acf":[],"_links":{"self":[{"href":"https:\/\/mapau.es\/fr\/wp-json\/wp\/v2\/product\/52842","targetHints":{"allow":["GET"]}}],"collection":[{"href":"https:\/\/mapau.es\/fr\/wp-json\/wp\/v2\/product"}],"about":[{"href":"https:\/\/mapau.es\/fr\/wp-json\/wp\/v2\/types\/product"}],"replies":[{"embeddable":true,"href":"https:\/\/mapau.es\/fr\/wp-json\/wp\/v2\/comments?post=52842"}],"wp:featuredmedia":[{"embeddable":true,"href":"https:\/\/mapau.es\/fr\/wp-json\/wp\/v2\/media\/12929"}],"wp:attachment":[{"href":"https:\/\/mapau.es\/fr\/wp-json\/wp\/v2\/media?parent=52842"}],"wp:term":[{"taxonomy":"product_brand","embeddable":true,"href":"https:\/\/mapau.es\/fr\/wp-json\/wp\/v2\/product_brand?post=52842"},{"taxonomy":"product_cat","embeddable":true,"href":"https:\/\/mapau.es\/fr\/wp-json\/wp\/v2\/product_cat?post=52842"},{"taxonomy":"product_tag","embeddable":true,"href":"https:\/\/mapau.es\/fr\/wp-json\/wp\/v2\/product_tag?post=52842"}],"curies":[{"name":"wp","href":"https:\/\/api.w.org\/{rel}","templated":true}]}}