{"id":52843,"date":"2023-07-18T14:54:47","date_gmt":"2023-07-18T12:54:47","guid":{"rendered":"https:\/\/mapau.es\/producto\/pack-meyer-lavabo-espejo-led-2\/"},"modified":"2026-03-30T17:13:43","modified_gmt":"2026-03-30T15:13:43","slug":"pack-meyer-lavabo-espejo-led-2","status":"publish","type":"product","link":"https:\/\/mapau.es\/fr\/producto\/pack-meyer-lavabo-espejo-led-2\/","title":{"rendered":"Pack MEYER + vasque + miroir LED"},"content":{"rendered":"<p>Suite salle de bain compos\u00e9e d&rsquo;un meuble basque suspendu, d&rsquo;une vasque et d&rsquo;un miroir avec \u00e9clairage LED. Le mobilier suspendu est compos\u00e9 de deux modules ind\u00e9pendants et modulables, et s&rsquo;adapte \u00e0 tous les espaces. Il int\u00e8gre des tiroirs et des rangements d\u00e9coratifs. J&rsquo;ai fabriqu\u00e9 des panneaux m\u00e9lamin\u00e9s particuliers de 19 mm, offrant une surface parfaitement huil\u00e9e et \u00e9tanche. La structure m\u00e9tallique minimaliste \u00e0 double paroi se distingue par ses fines nervures et ses lignes droites, son syst\u00e8me de fermeture amortie, son accessibilit\u00e9 totale et son grand volume de rangement \u00e0 l&rsquo;arri\u00e8re. Les crochets sont \u00e9quip\u00e9s d&rsquo;un syst\u00e8me anti-affaissement r\u00e9glable horizontalement et verticalement. La structure en crochet supporte jusqu&rsquo;\u00e0 120 kg. Il est \u00e9quip\u00e9 de vases suspendus, le meuble porte le nom de quatre vases en c\u00e9ramique blanc brillant. Le miroir est \u00e9quip\u00e9 d&rsquo;une lumi\u00e8re LED (IP65, 8,4 W, 910 lm, temp\u00e9rature de couleur 6000 K). Un kit de fixation murale est propos\u00e9, le meuble est propos\u00e9 en suspension quatre-soir. Robinetterie et bonde non incluses. J&rsquo;ai fabriqu\u00e9 en Espagne.<\/p>\n","protected":false},"excerpt":{"rendered":"<p>Suite salle de bain compos\u00e9e d&rsquo;un meuble basque suspendu, d&rsquo;une vasque et d&rsquo;un miroir avec \u00e9clairage LED. Le mobilier suspendu est compos\u00e9 de deux modules ind\u00e9pendants et modulables, et s&rsquo;adapte \u00e0 tous les espaces. Il int\u00e8gre des tiroirs et des rangements d\u00e9coratifs. J&rsquo;ai fabriqu\u00e9 des panneaux m\u00e9lamin\u00e9s particuliers de 19 mm, offrant une surface parfaitement &hellip; <a href=\"https:\/\/mapau.es\/fr\/producto\/pack-meyer-lavabo-espejo-led-2\/\">Continued<\/a><\/p>\n","protected":false},"featured_media":12904,"comment_status":"closed","ping_status":"open","template":"","meta":{"_acf_changed":false},"product_brand":[714],"product_cat":[664],"product_tag":[],"class_list":{"0":"post-52843","1":"product","2":"type-product","3":"status-publish","4":"has-post-thumbnail","6":"product_brand-meyer","7":"product_cat-meubles-de-salle-de-bain","8":"pa_caracteristicas-2-tiroirs","9":"pa_caracteristicas-4-tiroirs","10":"pa_colores-blanc","11":"pa_colores-chene-de-bardolino","12":"pa_colores-jet","13":"pa_colores-noyer","14":"pa_colores-terre-cuite","15":"pa_colores-vert-argile","16":"pa_medidas-480","17":"pa_medidas-481","18":"pa_medidas-489","19":"pa_medidas-485","21":"first","22":"instock","23":"purchasable","24":"product-type-variable"},"acf":[],"_links":{"self":[{"href":"https:\/\/mapau.es\/fr\/wp-json\/wp\/v2\/product\/52843","targetHints":{"allow":["GET"]}}],"collection":[{"href":"https:\/\/mapau.es\/fr\/wp-json\/wp\/v2\/product"}],"about":[{"href":"https:\/\/mapau.es\/fr\/wp-json\/wp\/v2\/types\/product"}],"replies":[{"embeddable":true,"href":"https:\/\/mapau.es\/fr\/wp-json\/wp\/v2\/comments?post=52843"}],"wp:featuredmedia":[{"embeddable":true,"href":"https:\/\/mapau.es\/fr\/wp-json\/wp\/v2\/media\/12904"}],"wp:attachment":[{"href":"https:\/\/mapau.es\/fr\/wp-json\/wp\/v2\/media?parent=52843"}],"wp:term":[{"taxonomy":"product_brand","embeddable":true,"href":"https:\/\/mapau.es\/fr\/wp-json\/wp\/v2\/product_brand?post=52843"},{"taxonomy":"product_cat","embeddable":true,"href":"https:\/\/mapau.es\/fr\/wp-json\/wp\/v2\/product_cat?post=52843"},{"taxonomy":"product_tag","embeddable":true,"href":"https:\/\/mapau.es\/fr\/wp-json\/wp\/v2\/product_tag?post=52843"}],"curies":[{"name":"wp","href":"https:\/\/api.w.org\/{rel}","templated":true}]}}