{"id":52844,"date":"2023-07-18T14:53:41","date_gmt":"2023-07-18T12:53:41","guid":{"rendered":"https:\/\/mapau.es\/producto\/pack-belleville-lavabo-espejo-redondo-2\/"},"modified":"2026-03-30T17:13:54","modified_gmt":"2026-03-30T15:13:54","slug":"pack-belleville-lavabo-espejo-redondo-2","status":"publish","type":"product","link":"https:\/\/mapau.es\/fr\/producto\/pack-belleville-lavabo-espejo-redondo-2\/","title":{"rendered":"BELLEVILLE Pack + lavabo + miroir rond"},"content":{"rendered":"<p>Ensemble de salle de bains comprenant un meuble sous-vasque, un lavabo et un miroir rond. Le meuble est \u00e9quip\u00e9 de deux cr\u00e9dences et d&rsquo;un panneau lat\u00e9ral d\u00e9coratif, avec des d\u00e9tails en relief sur les fa\u00e7ades. Le meuble sous-vasque est r\u00e9alis\u00e9 en panneaux de particules de 19 mm avec un rev\u00eatement m\u00e9lamin\u00e9 et des caract\u00e9ristiques de surface optimales. La surface est scell\u00e9e pour une hygi\u00e8ne parfaite. Le caisson m\u00e9tallique \u00e0 double paroi pr\u00e9sente une esth\u00e9tique minimaliste, avec des nervures fines et des lignes droites, un syst\u00e8me de fermeture amortissant, une accessibilit\u00e9 totale et un grand espace de rangement. Les cr\u00e9dences sont \u00e9quip\u00e9es d&rsquo;un syst\u00e8me anti-chute avec r\u00e9glage horizontal et vertical. Le caisson supporte jusqu&rsquo;\u00e0 120 kg. L&rsquo;ensemble est con\u00e7u pour une installation murale avec un meuble sous-vasque. Un lavabo \u00e0 poser en c\u00e9ramique blanche brillante et un miroir rond sont inclus. Le montage est libre et pr\u00eat \u00e0 \u00eatre fix\u00e9 au mur. Un kit de fixation est disponible. Robinetterie et bonde non incluses. Fabriqu\u00e9 en Espagne.<\/p>\n","protected":false},"excerpt":{"rendered":"<p>Ensemble de salle de bains comprenant un meuble sous-vasque, un lavabo et un miroir rond. Le meuble est \u00e9quip\u00e9 de deux cr\u00e9dences et d&rsquo;un panneau lat\u00e9ral d\u00e9coratif, avec des d\u00e9tails en relief sur les fa\u00e7ades. Le meuble sous-vasque est r\u00e9alis\u00e9 en panneaux de particules de 19 mm avec un rev\u00eatement m\u00e9lamin\u00e9 et des caract\u00e9ristiques de &hellip; <a href=\"https:\/\/mapau.es\/fr\/producto\/pack-belleville-lavabo-espejo-redondo-2\/\">Continued<\/a><\/p>\n","protected":false},"featured_media":50851,"comment_status":"closed","ping_status":"closed","template":"","meta":{"_acf_changed":false},"product_brand":[713],"product_cat":[664],"product_tag":[],"class_list":{"0":"post-52844","1":"product","2":"type-product","3":"status-publish","4":"has-post-thumbnail","6":"product_brand-belleville","7":"product_cat-meubles-de-salle-de-bain","8":"pa_caracteristicas-2-tiroirs","9":"pa_colores-blanc","10":"pa_colores-chene-de-bardolino","11":"pa_colores-jet","12":"pa_colores-noyer","13":"pa_colores-terre-cuite","14":"pa_colores-vert-argile","15":"pa_medidas-480","16":"pa_medidas-481","17":"pa_medidas-482","18":"pa_medidas-489","20":"first","21":"instock","22":"purchasable","23":"product-type-variable"},"acf":[],"_links":{"self":[{"href":"https:\/\/mapau.es\/fr\/wp-json\/wp\/v2\/product\/52844","targetHints":{"allow":["GET"]}}],"collection":[{"href":"https:\/\/mapau.es\/fr\/wp-json\/wp\/v2\/product"}],"about":[{"href":"https:\/\/mapau.es\/fr\/wp-json\/wp\/v2\/types\/product"}],"replies":[{"embeddable":true,"href":"https:\/\/mapau.es\/fr\/wp-json\/wp\/v2\/comments?post=52844"}],"wp:featuredmedia":[{"embeddable":true,"href":"https:\/\/mapau.es\/fr\/wp-json\/wp\/v2\/media\/50851"}],"wp:attachment":[{"href":"https:\/\/mapau.es\/fr\/wp-json\/wp\/v2\/media?parent=52844"}],"wp:term":[{"taxonomy":"product_brand","embeddable":true,"href":"https:\/\/mapau.es\/fr\/wp-json\/wp\/v2\/product_brand?post=52844"},{"taxonomy":"product_cat","embeddable":true,"href":"https:\/\/mapau.es\/fr\/wp-json\/wp\/v2\/product_cat?post=52844"},{"taxonomy":"product_tag","embeddable":true,"href":"https:\/\/mapau.es\/fr\/wp-json\/wp\/v2\/product_tag?post=52844"}],"curies":[{"name":"wp","href":"https:\/\/api.w.org\/{rel}","templated":true}]}}