{"id":52846,"date":"2023-03-29T14:25:31","date_gmt":"2023-03-29T12:25:31","guid":{"rendered":"https:\/\/mapau.es\/producto\/pack-artois-noyer-160-cm-double-lavabo-double-miroir-circular-2\/"},"modified":"2026-03-30T17:04:19","modified_gmt":"2026-03-30T15:04:19","slug":"pack-artois-noyer-160-cm-double-lavabo-double-miroir-circular-2","status":"publish","type":"product","link":"https:\/\/mapau.es\/fr\/producto\/pack-artois-noyer-160-cm-double-lavabo-double-miroir-circular-2\/","title":{"rendered":"Pack ARTOIS pour \u00e9vier 160 cm + double vasque + double miroir circulaire"},"content":{"rendered":"<p>Pack compos\u00e9 d&rsquo;un meuble, d&rsquo;un double vasque et d&rsquo;un double miroir circulaire. Meuble sous-basque suspendu avec une fa\u00e7ade entour\u00e9e de grilles d\u00e9coratives. Meuble basque suspendu en panneaux de particules de 19 mm avec face arri\u00e8re et caract\u00e9ristiques de surface optimales. Surface scell\u00e9e hygi\u00e9niquement.Tiroir m\u00e9tallique \u00e0 double paroi \u00e0 l&rsquo;esth\u00e9tique minimaliste, aux nervures fines et aux lignes droites, \u00e0 la fermeture en douceur, \u00e0 l&rsquo;accessibilit\u00e9 totale et \u00e0 l&rsquo;espace arri\u00e8re disponible. Ceintures avec syst\u00e8me anti-d\u00e9faillance \u00e0 r\u00e9glage horizontal et vertical supportant 120 kg pour ceintures. Meuble pr\u00eat \u00e0 fixer le robinet au mur. Deux lavabos en c\u00e9ramique blanche et deux miroirs circulaires inclus. L&rsquo;unit\u00e9 est assembl\u00e9e librement, pr\u00eate \u00e0 \u00eatre fix\u00e9e au mur. Le kit pour le placement des meubles est inclus. Robinet et siphon non inclus. J&rsquo;ai fabriqu\u00e9 en Espagne.<\/p>\n","protected":false},"excerpt":{"rendered":"<p>Pack compos\u00e9 d&rsquo;un meuble, d&rsquo;un double vasque et d&rsquo;un double miroir circulaire. Meuble sous-basque suspendu avec une fa\u00e7ade entour\u00e9e de grilles d\u00e9coratives. Meuble basque suspendu en panneaux de particules de 19 mm avec face arri\u00e8re et caract\u00e9ristiques de surface optimales. Surface scell\u00e9e hygi\u00e9niquement.Tiroir m\u00e9tallique \u00e0 double paroi \u00e0 l&rsquo;esth\u00e9tique minimaliste, aux nervures fines et aux &hellip; <a href=\"https:\/\/mapau.es\/fr\/producto\/pack-artois-noyer-160-cm-double-lavabo-double-miroir-circular-2\/\">Continued<\/a><\/p>\n","protected":false},"featured_media":12779,"comment_status":"closed","ping_status":"open","template":"","meta":{"_acf_changed":false},"product_brand":[712],"product_cat":[664],"product_tag":[],"class_list":{"0":"post-52846","1":"product","2":"type-product","3":"status-publish","4":"has-post-thumbnail","6":"product_brand-artois","7":"product_cat-meubles-de-salle-de-bain","8":"pa_caracteristicas-2-tiroirs","9":"pa_colores-noyer","10":"pa_medidas-489","12":"first","13":"instock","14":"purchasable","15":"product-type-simple"},"acf":[],"_links":{"self":[{"href":"https:\/\/mapau.es\/fr\/wp-json\/wp\/v2\/product\/52846","targetHints":{"allow":["GET"]}}],"collection":[{"href":"https:\/\/mapau.es\/fr\/wp-json\/wp\/v2\/product"}],"about":[{"href":"https:\/\/mapau.es\/fr\/wp-json\/wp\/v2\/types\/product"}],"replies":[{"embeddable":true,"href":"https:\/\/mapau.es\/fr\/wp-json\/wp\/v2\/comments?post=52846"}],"wp:featuredmedia":[{"embeddable":true,"href":"https:\/\/mapau.es\/fr\/wp-json\/wp\/v2\/media\/12779"}],"wp:attachment":[{"href":"https:\/\/mapau.es\/fr\/wp-json\/wp\/v2\/media?parent=52846"}],"wp:term":[{"taxonomy":"product_brand","embeddable":true,"href":"https:\/\/mapau.es\/fr\/wp-json\/wp\/v2\/product_brand?post=52846"},{"taxonomy":"product_cat","embeddable":true,"href":"https:\/\/mapau.es\/fr\/wp-json\/wp\/v2\/product_cat?post=52846"},{"taxonomy":"product_tag","embeddable":true,"href":"https:\/\/mapau.es\/fr\/wp-json\/wp\/v2\/product_tag?post=52846"}],"curies":[{"name":"wp","href":"https:\/\/api.w.org\/{rel}","templated":true}]}}