{"id":52860,"date":"2023-03-29T14:24:39","date_gmt":"2023-03-29T12:24:39","guid":{"rendered":"https:\/\/mapau.es\/producto\/pack-artois-blanc-80-cm-lavabo-miroir-circular-2\/"},"modified":"2026-03-30T17:04:24","modified_gmt":"2026-03-30T15:04:24","slug":"pack-artois-blanc-80-cm-lavabo-miroir-circular-2","status":"publish","type":"product","link":"https:\/\/mapau.es\/fr\/producto\/pack-artois-blanc-80-cm-lavabo-miroir-circular-2\/","title":{"rendered":"Pack ARTOIS blanc 80 cm + vase + miroir rond"},"content":{"rendered":"<p>Pack compos\u00e9 d&rsquo;un meuble, d&rsquo;un lavabo et d&rsquo;un miroir circulaire. Meuble sous-basque suspendu avec une fa\u00e7ade entour\u00e9e de grilles d\u00e9coratives. Meuble basque suspendu en panneaux de particules de 19 mm avec face arri\u00e8re et caract\u00e9ristiques de surface optimales. Surface scell\u00e9e hygi\u00e9niquement.Tiroir m\u00e9tallique \u00e0 double paroi \u00e0 l&rsquo;esth\u00e9tique minimaliste, aux nervures fines et aux lignes droites, \u00e0 la fermeture en douceur, \u00e0 l&rsquo;accessibilit\u00e9 totale et \u00e0 l&rsquo;espace arri\u00e8re disponible. Ceintures avec syst\u00e8me anti-d\u00e9faillance \u00e0 r\u00e9glage horizontal et vertical supportant 120 kg pour ceintures. Meuble pr\u00eat \u00e0 fixer le robinet au mur. Un bol en c\u00e9ramique blanche avec un miroir circulaire inclus. L&rsquo;unit\u00e9 est assembl\u00e9e librement, pr\u00eate \u00e0 \u00eatre fix\u00e9e au mur. Le kit pour le placement des meubles est inclus. Robinet et siphon non inclus. J&rsquo;ai fabriqu\u00e9 en Espagne.<\/p>\n","protected":false},"excerpt":{"rendered":"<p>Pack compos\u00e9 d&rsquo;un meuble, d&rsquo;un lavabo et d&rsquo;un miroir circulaire. Meuble sous-basque suspendu avec une fa\u00e7ade entour\u00e9e de grilles d\u00e9coratives. Meuble basque suspendu en panneaux de particules de 19 mm avec face arri\u00e8re et caract\u00e9ristiques de surface optimales. Surface scell\u00e9e hygi\u00e9niquement.Tiroir m\u00e9tallique \u00e0 double paroi \u00e0 l&rsquo;esth\u00e9tique minimaliste, aux nervures fines et aux lignes droites, &hellip; <a href=\"https:\/\/mapau.es\/fr\/producto\/pack-artois-blanc-80-cm-lavabo-miroir-circular-2\/\">Continued<\/a><\/p>\n","protected":false},"featured_media":0,"comment_status":"closed","ping_status":"open","template":"","meta":{"_acf_changed":false},"product_brand":[],"product_cat":[664],"product_tag":[],"class_list":{"0":"post-52860","1":"product","2":"type-product","3":"status-publish","5":"product_cat-meubles-de-salle-de-bain","6":"pa_caracteristicas-1-tiroir","7":"pa_colores-blanc","8":"pa_medidas-485","10":"first","11":"instock","12":"purchasable","13":"product-type-simple"},"acf":[],"_links":{"self":[{"href":"https:\/\/mapau.es\/fr\/wp-json\/wp\/v2\/product\/52860","targetHints":{"allow":["GET"]}}],"collection":[{"href":"https:\/\/mapau.es\/fr\/wp-json\/wp\/v2\/product"}],"about":[{"href":"https:\/\/mapau.es\/fr\/wp-json\/wp\/v2\/types\/product"}],"replies":[{"embeddable":true,"href":"https:\/\/mapau.es\/fr\/wp-json\/wp\/v2\/comments?post=52860"}],"wp:attachment":[{"href":"https:\/\/mapau.es\/fr\/wp-json\/wp\/v2\/media?parent=52860"}],"wp:term":[{"taxonomy":"product_brand","embeddable":true,"href":"https:\/\/mapau.es\/fr\/wp-json\/wp\/v2\/product_brand?post=52860"},{"taxonomy":"product_cat","embeddable":true,"href":"https:\/\/mapau.es\/fr\/wp-json\/wp\/v2\/product_cat?post=52860"},{"taxonomy":"product_tag","embeddable":true,"href":"https:\/\/mapau.es\/fr\/wp-json\/wp\/v2\/product_tag?post=52860"}],"curies":[{"name":"wp","href":"https:\/\/api.w.org\/{rel}","templated":true}]}}