{"id":52870,"date":"2023-03-29T14:09:53","date_gmt":"2023-03-29T12:09:53","guid":{"rendered":"https:\/\/mapau.es\/producto\/pack-touraine-nogal-80-cm-lavabo-espejo-led-2\/"},"modified":"2026-03-30T17:04:31","modified_gmt":"2026-03-30T15:04:31","slug":"pack-touraine-nogal-80-cm-lavabo-espejo-led-2","status":"publish","type":"product","link":"https:\/\/mapau.es\/fr\/producto\/pack-touraine-nogal-80-cm-lavabo-espejo-led-2\/","title":{"rendered":"Pack TOURAINE 80 cm noir + vasque + miroir LED"},"content":{"rendered":"<p>Ensemble de salle de bains comprenant un meuble suspendu basque, un lavabo et un miroir avec \u00e9clairage LED. Le meuble suspendu est compos\u00e9 de deux modules ind\u00e9pendants et modulables, et s&rsquo;adapte \u00e0 tous les espaces. Fabriqu\u00e9 en panneaux de particules de 19 mm avec rev\u00eatement m\u00e9lamin\u00e9, il offre des caract\u00e9ristiques de surface optimales et une finition hygi\u00e9nique. Ce meuble minimaliste double face poss\u00e8de une structure m\u00e9tallique aux lignes \u00e9pur\u00e9es et fonctionnelles, un syst\u00e8me de fermeture amortissant les chocs, une accessibilit\u00e9 totale et un volume standard. Les crochets sont \u00e9quip\u00e9s d&rsquo;un syst\u00e8me anti-basculement r\u00e9glable horizontalement et verticalement et supportent jusqu&rsquo;\u00e0 120 kg chacun. Un lavabo \u00e0 poser en c\u00e9ramique blanche brillante est inclus. Le miroir est \u00e9quip\u00e9 d&rsquo;un \u00e9clairage LED (IP65, 8,4 W, 910 lm, temp\u00e9rature de couleur 6000 K). Le montage est simple et le meuble est pr\u00eat \u00e0 \u00eatre fix\u00e9 au mur. Un kit de fixation est disponible. Robinetterie et bonde non incluses. Fabriqu\u00e9 en Espagne.<\/p>\n","protected":false},"excerpt":{"rendered":"<p>Ensemble de salle de bains comprenant un meuble suspendu basque, un lavabo et un miroir avec \u00e9clairage LED. Le meuble suspendu est compos\u00e9 de deux modules ind\u00e9pendants et modulables, et s&rsquo;adapte \u00e0 tous les espaces. Fabriqu\u00e9 en panneaux de particules de 19 mm avec rev\u00eatement m\u00e9lamin\u00e9, il offre des caract\u00e9ristiques de surface optimales et une &hellip; <a href=\"https:\/\/mapau.es\/fr\/producto\/pack-touraine-nogal-80-cm-lavabo-espejo-led-2\/\">Continued<\/a><\/p>\n","protected":false},"featured_media":12706,"comment_status":"closed","ping_status":"open","template":"","meta":{"_acf_changed":false},"product_brand":[711],"product_cat":[664],"product_tag":[],"class_list":{"0":"post-52870","1":"product","2":"type-product","3":"status-publish","4":"has-post-thumbnail","6":"product_brand-touraine","7":"product_cat-meubles-de-salle-de-bain","8":"pa_caracteristicas-2-tiroirs","9":"pa_colores-noyer","10":"pa_medidas-485","12":"first","13":"instock","14":"purchasable","15":"product-type-simple"},"acf":[],"_links":{"self":[{"href":"https:\/\/mapau.es\/fr\/wp-json\/wp\/v2\/product\/52870","targetHints":{"allow":["GET"]}}],"collection":[{"href":"https:\/\/mapau.es\/fr\/wp-json\/wp\/v2\/product"}],"about":[{"href":"https:\/\/mapau.es\/fr\/wp-json\/wp\/v2\/types\/product"}],"replies":[{"embeddable":true,"href":"https:\/\/mapau.es\/fr\/wp-json\/wp\/v2\/comments?post=52870"}],"wp:featuredmedia":[{"embeddable":true,"href":"https:\/\/mapau.es\/fr\/wp-json\/wp\/v2\/media\/12706"}],"wp:attachment":[{"href":"https:\/\/mapau.es\/fr\/wp-json\/wp\/v2\/media?parent=52870"}],"wp:term":[{"taxonomy":"product_brand","embeddable":true,"href":"https:\/\/mapau.es\/fr\/wp-json\/wp\/v2\/product_brand?post=52870"},{"taxonomy":"product_cat","embeddable":true,"href":"https:\/\/mapau.es\/fr\/wp-json\/wp\/v2\/product_cat?post=52870"},{"taxonomy":"product_tag","embeddable":true,"href":"https:\/\/mapau.es\/fr\/wp-json\/wp\/v2\/product_tag?post=52870"}],"curies":[{"name":"wp","href":"https:\/\/api.w.org\/{rel}","templated":true}]}}