{"id":52873,"date":"2023-03-29T14:09:20","date_gmt":"2023-03-29T12:09:20","guid":{"rendered":"https:\/\/mapau.es\/producto\/pack-aunis-lavabo-espejo-capsula-2\/"},"modified":"2026-03-30T17:14:06","modified_gmt":"2026-03-30T15:14:06","slug":"pack-aunis-lavabo-espejo-capsula-2","status":"publish","type":"product","link":"https:\/\/mapau.es\/fr\/producto\/pack-aunis-lavabo-espejo-capsula-2\/","title":{"rendered":"Pack AUNIS + lavabo + capsule miroir"},"content":{"rendered":"<p>Cet ensemble comprend un meuble-lavabo, une vasque et un miroir. Le meuble-lavabo est compos\u00e9 d&rsquo;un placard avec portes et d&rsquo;un plan de travail pour une vasque \u00e0 poser, orn\u00e9 de d\u00e9tails d\u00e9coratifs en relief sur les fa\u00e7ades. Ce meuble-lavabo suspendu est fabriqu\u00e9 en panneaux de particules de 19 mm avec un rev\u00eatement m\u00e9lamin\u00e9 aux propri\u00e9t\u00e9s de surface optimales. La surface est parfaitement \u00e9tanche. La charni\u00e8re en acier nickel\u00e9 est \u00e9quip\u00e9e d&rsquo;un double piston. Elle offre un r\u00e9glage tridimensionnel. Les crochets sont \u00e9quip\u00e9s d&rsquo;un syst\u00e8me anti-chute avec r\u00e9glage horizontal et vertical, supportant jusqu&rsquo;\u00e0 120 kg par crochet. Les pierres d\u00e9coratives en m\u00e9tal noir sont incluses. Une vasque \u00e0 poser en c\u00e9ramique blanche est fournie. Un miroir de style capsule est \u00e9galement inclus. Le meuble-lavabo est enti\u00e8rement assembl\u00e9 et pr\u00eat \u00e0 \u00eatre install\u00e9 au mur. Un kit de fixation est disponible. Robinetterie et bonde non incluses. Fabriqu\u00e9 en Espagne.<\/p>\n","protected":false},"excerpt":{"rendered":"<p>Cet ensemble comprend un meuble-lavabo, une vasque et un miroir. Le meuble-lavabo est compos\u00e9 d&rsquo;un placard avec portes et d&rsquo;un plan de travail pour une vasque \u00e0 poser, orn\u00e9 de d\u00e9tails d\u00e9coratifs en relief sur les fa\u00e7ades. Ce meuble-lavabo suspendu est fabriqu\u00e9 en panneaux de particules de 19 mm avec un rev\u00eatement m\u00e9lamin\u00e9 aux propri\u00e9t\u00e9s &hellip; <a href=\"https:\/\/mapau.es\/fr\/producto\/pack-aunis-lavabo-espejo-capsula-2\/\">Continued<\/a><\/p>\n","protected":false},"featured_media":12685,"comment_status":"closed","ping_status":"open","template":"","meta":{"_acf_changed":false},"product_brand":[710],"product_cat":[664],"product_tag":[],"class_list":{"0":"post-52873","1":"product","2":"type-product","3":"status-publish","4":"has-post-thumbnail","6":"product_brand-aunis","7":"product_cat-meubles-de-salle-de-bain","8":"pa_caracteristicas-portes","9":"pa_colores-blanc","10":"pa_colores-jet","11":"pa_colores-noyer","12":"pa_colores-chene","13":"pa_medidas-481","14":"pa_medidas-485","16":"first","17":"instock","18":"purchasable","19":"product-type-variable"},"acf":[],"_links":{"self":[{"href":"https:\/\/mapau.es\/fr\/wp-json\/wp\/v2\/product\/52873","targetHints":{"allow":["GET"]}}],"collection":[{"href":"https:\/\/mapau.es\/fr\/wp-json\/wp\/v2\/product"}],"about":[{"href":"https:\/\/mapau.es\/fr\/wp-json\/wp\/v2\/types\/product"}],"replies":[{"embeddable":true,"href":"https:\/\/mapau.es\/fr\/wp-json\/wp\/v2\/comments?post=52873"}],"wp:featuredmedia":[{"embeddable":true,"href":"https:\/\/mapau.es\/fr\/wp-json\/wp\/v2\/media\/12685"}],"wp:attachment":[{"href":"https:\/\/mapau.es\/fr\/wp-json\/wp\/v2\/media?parent=52873"}],"wp:term":[{"taxonomy":"product_brand","embeddable":true,"href":"https:\/\/mapau.es\/fr\/wp-json\/wp\/v2\/product_brand?post=52873"},{"taxonomy":"product_cat","embeddable":true,"href":"https:\/\/mapau.es\/fr\/wp-json\/wp\/v2\/product_cat?post=52873"},{"taxonomy":"product_tag","embeddable":true,"href":"https:\/\/mapau.es\/fr\/wp-json\/wp\/v2\/product_tag?post=52873"}],"curies":[{"name":"wp","href":"https:\/\/api.w.org\/{rel}","templated":true}]}}