{"id":52874,"date":"2023-03-29T14:07:04","date_gmt":"2023-03-29T12:07:04","guid":{"rendered":"https:\/\/mapau.es\/producto\/pack-berry-lavabo-espejo-led-4\/"},"modified":"2026-03-30T17:14:06","modified_gmt":"2026-03-30T15:14:06","slug":"pack-berry-lavabo-espejo-led-4","status":"publish","type":"product","link":"https:\/\/mapau.es\/fr\/producto\/pack-berry-lavabo-espejo-led-4\/","title":{"rendered":"Pack BERRY + \u00e9vier + miroir LED"},"content":{"rendered":"<p>Ce pack comprend un meuble bas, un meuble bas et un miroir LED. Le mobilier se compose d&rsquo;une armoire avec porte et d&rsquo;un plan de travail en bois. La penderie est r\u00e9alis\u00e9e en panneaux de particules de 19 mm avec un rev\u00eatement transparent et pr\u00e9sente des caract\u00e9ristiques de surface optimales. Elle est \u00e9quip\u00e9e d&rsquo;une surface en acier inoxydable, d&rsquo;une charni\u00e8re en acier nickel\u00e9 avec piston anti-emboutissement et d&rsquo;un r\u00e9glage en hauteur tridimensionnel. Les crochets sont \u00e9quip\u00e9s d&rsquo;un syst\u00e8me anti-casse avec r\u00e9glage horizontal et vertical, supportant jusqu&rsquo;\u00e0 120 kg par crochet. Un vase d\u00e9coratif en c\u00e9ramique blanche est inclus. Le miroir rectangulaire int\u00e8gre un \u00e9clairage LED (IP44, 12 W, 1100 lm, 6000 K). Le mobilier est livr\u00e9 mont\u00e9 et pr\u00eat \u00e0 \u00eatre fix\u00e9 au mur. Un kit de fixation est disponible. Robinetterie et bonde non incluses. Fabriqu\u00e9 en Espagne.<\/p>\n","protected":false},"excerpt":{"rendered":"<p>Ce pack comprend un meuble bas, un meuble bas et un miroir LED. Le mobilier se compose d&rsquo;une armoire avec porte et d&rsquo;un plan de travail en bois. La penderie est r\u00e9alis\u00e9e en panneaux de particules de 19 mm avec un rev\u00eatement transparent et pr\u00e9sente des caract\u00e9ristiques de surface optimales. Elle est \u00e9quip\u00e9e d&rsquo;une surface &hellip; <a href=\"https:\/\/mapau.es\/fr\/producto\/pack-berry-lavabo-espejo-led-4\/\">Continued<\/a><\/p>\n","protected":false},"featured_media":12678,"comment_status":"closed","ping_status":"open","template":"","meta":{"_acf_changed":false},"product_brand":[709],"product_cat":[664],"product_tag":[],"class_list":{"0":"post-52874","1":"product","2":"type-product","3":"status-publish","4":"has-post-thumbnail","6":"product_brand-berry","7":"product_cat-meubles-de-salle-de-bain","8":"pa_caracteristicas-portes","9":"pa_medidas-481","10":"pa_medidas-492","12":"first","13":"instock","14":"purchasable","15":"product-type-variable"},"acf":[],"_links":{"self":[{"href":"https:\/\/mapau.es\/fr\/wp-json\/wp\/v2\/product\/52874","targetHints":{"allow":["GET"]}}],"collection":[{"href":"https:\/\/mapau.es\/fr\/wp-json\/wp\/v2\/product"}],"about":[{"href":"https:\/\/mapau.es\/fr\/wp-json\/wp\/v2\/types\/product"}],"replies":[{"embeddable":true,"href":"https:\/\/mapau.es\/fr\/wp-json\/wp\/v2\/comments?post=52874"}],"wp:featuredmedia":[{"embeddable":true,"href":"https:\/\/mapau.es\/fr\/wp-json\/wp\/v2\/media\/12678"}],"wp:attachment":[{"href":"https:\/\/mapau.es\/fr\/wp-json\/wp\/v2\/media?parent=52874"}],"wp:term":[{"taxonomy":"product_brand","embeddable":true,"href":"https:\/\/mapau.es\/fr\/wp-json\/wp\/v2\/product_brand?post=52874"},{"taxonomy":"product_cat","embeddable":true,"href":"https:\/\/mapau.es\/fr\/wp-json\/wp\/v2\/product_cat?post=52874"},{"taxonomy":"product_tag","embeddable":true,"href":"https:\/\/mapau.es\/fr\/wp-json\/wp\/v2\/product_tag?post=52874"}],"curies":[{"name":"wp","href":"https:\/\/api.w.org\/{rel}","templated":true}]}}