{"id":52878,"date":"2023-01-12T19:45:03","date_gmt":"2023-01-12T18:45:03","guid":{"rendered":"https:\/\/mapau.es\/producto\/complemento-ecrins-deco-2\/"},"modified":"2026-03-30T17:14:06","modified_gmt":"2026-03-30T15:14:06","slug":"complemento-ecrins-deco-2","status":"publish","type":"product","link":"https:\/\/mapau.es\/fr\/producto\/complemento-ecrins-deco-2\/","title":{"rendered":"Accessoires d\u00e9coratifs ECRINS"},"content":{"rendered":"<p>Accessoire de salle de bain mesurant 36 x 140 cm, enti\u00e8rement r\u00e9alis\u00e9 en mat\u00e9riaux stratifi\u00e9s avec syst\u00e8me d&rsquo;absorption des chocs. \u00c9tag\u00e8res int\u00e9rieures incluses. Charni\u00e8re en acier nickel\u00e9 avec amortisseur pour une fermeture en douceur. Ajustement tridimensionnel. Supports muraux supportant jusqu&rsquo;\u00e0 65 kg chacun. Chants finis avec un rev\u00eatement PVC de 1 mm. J&rsquo;ai fabriqu\u00e9 en Espagne.<\/p>\n","protected":false},"excerpt":{"rendered":"<p>Accessoire de salle de bain mesurant 36 x 140 cm, enti\u00e8rement r\u00e9alis\u00e9 en mat\u00e9riaux stratifi\u00e9s avec syst\u00e8me d&rsquo;absorption des chocs. \u00c9tag\u00e8res int\u00e9rieures incluses. Charni\u00e8re en acier nickel\u00e9 avec amortisseur pour une fermeture en douceur. Ajustement tridimensionnel. Supports muraux supportant jusqu&rsquo;\u00e0 65 kg chacun. Chants finis avec un rev\u00eatement PVC de 1 mm. J&rsquo;ai fabriqu\u00e9 en &hellip; <a href=\"https:\/\/mapau.es\/fr\/producto\/complemento-ecrins-deco-2\/\">Continued<\/a><\/p>\n","protected":false},"featured_media":24008,"comment_status":"closed","ping_status":"open","template":"","meta":{"_acf_changed":false},"product_brand":[707],"product_cat":[667],"product_tag":[],"class_list":{"0":"post-52878","1":"product","2":"type-product","3":"status-publish","4":"has-post-thumbnail","6":"product_brand-ecrins","7":"product_cat-accessoires","8":"pa_caracteristicas-portes","9":"pa_colores-blanc","10":"pa_colores-jet","11":"pa_colores-noyer","12":"pa_colores-chene","13":"pa_colores-gris","14":"pa_medidas-482","16":"first","17":"instock","18":"purchasable","19":"product-type-variable"},"acf":[],"_links":{"self":[{"href":"https:\/\/mapau.es\/fr\/wp-json\/wp\/v2\/product\/52878","targetHints":{"allow":["GET"]}}],"collection":[{"href":"https:\/\/mapau.es\/fr\/wp-json\/wp\/v2\/product"}],"about":[{"href":"https:\/\/mapau.es\/fr\/wp-json\/wp\/v2\/types\/product"}],"replies":[{"embeddable":true,"href":"https:\/\/mapau.es\/fr\/wp-json\/wp\/v2\/comments?post=52878"}],"wp:featuredmedia":[{"embeddable":true,"href":"https:\/\/mapau.es\/fr\/wp-json\/wp\/v2\/media\/24008"}],"wp:attachment":[{"href":"https:\/\/mapau.es\/fr\/wp-json\/wp\/v2\/media?parent=52878"}],"wp:term":[{"taxonomy":"product_brand","embeddable":true,"href":"https:\/\/mapau.es\/fr\/wp-json\/wp\/v2\/product_brand?post=52878"},{"taxonomy":"product_cat","embeddable":true,"href":"https:\/\/mapau.es\/fr\/wp-json\/wp\/v2\/product_cat?post=52878"},{"taxonomy":"product_tag","embeddable":true,"href":"https:\/\/mapau.es\/fr\/wp-json\/wp\/v2\/product_tag?post=52878"}],"curies":[{"name":"wp","href":"https:\/\/api.w.org\/{rel}","templated":true}]}}