{"id":52879,"date":"2023-01-12T19:44:50","date_gmt":"2023-01-12T18:44:50","guid":{"rendered":"https:\/\/mapau.es\/producto\/pack-pilat-lavabo-verde-2\/"},"modified":"2026-03-30T17:14:17","modified_gmt":"2026-03-30T15:14:17","slug":"pack-pilat-lavabo-verde-2","status":"publish","type":"product","link":"https:\/\/mapau.es\/fr\/producto\/pack-pilat-lavabo-verde-2\/","title":{"rendered":"Pack PILAT + faux vert"},"content":{"rendered":"<p>Ensemble comprenant un meuble-\u00e9vier et une vasque. Meuble-lavabo compact avec porte. Meuble suspendu en panneaux de particules de 19 mm avec rev\u00eatement arri\u00e8re et finitions de surface optimales. Surface \u00e9tanche et hygi\u00e9nique. Charni\u00e8re en acier nickel\u00e9 avec piston \u00e0 fermeture amortie pour une ouverture et une fermeture de porte en douceur. Ajustement tridimensionnel. Supports muraux avec syst\u00e8me anti-affaissement, r\u00e9glables horizontalement et verticalement, supportant jusqu&rsquo;\u00e0 120 kg par support. Vasque m\u00eame. Le mobilier est gratuit et pr\u00eat \u00e0 \u00eatre utilis\u00e9 sur votre mur. Kit de montage inclus. Robinetterie et bonde non incluses. J&rsquo;ai fabriqu\u00e9 en Espagne.<\/p>\n","protected":false},"excerpt":{"rendered":"<p>Ensemble comprenant un meuble-\u00e9vier et une vasque. Meuble-lavabo compact avec porte. Meuble suspendu en panneaux de particules de 19 mm avec rev\u00eatement arri\u00e8re et finitions de surface optimales. Surface \u00e9tanche et hygi\u00e9nique. Charni\u00e8re en acier nickel\u00e9 avec piston \u00e0 fermeture amortie pour une ouverture et une fermeture de porte en douceur. Ajustement tridimensionnel. Supports muraux &hellip; <a href=\"https:\/\/mapau.es\/fr\/producto\/pack-pilat-lavabo-verde-2\/\">Continued<\/a><\/p>\n","protected":false},"featured_media":12619,"comment_status":"closed","ping_status":"open","template":"","meta":{"_acf_changed":false},"product_brand":[708],"product_cat":[664],"product_tag":[],"class_list":{"0":"post-52879","1":"product","2":"type-product","3":"status-publish","4":"has-post-thumbnail","6":"product_brand-pilat","7":"product_cat-meubles-de-salle-de-bain","8":"pa_caracteristicas-portes","9":"pa_colores-blanc","10":"pa_colores-jet","11":"pa_colores-noyer","12":"pa_colores-chene","13":"pa_medidas-503","15":"first","16":"instock","17":"purchasable","18":"product-type-variable"},"acf":[],"_links":{"self":[{"href":"https:\/\/mapau.es\/fr\/wp-json\/wp\/v2\/product\/52879","targetHints":{"allow":["GET"]}}],"collection":[{"href":"https:\/\/mapau.es\/fr\/wp-json\/wp\/v2\/product"}],"about":[{"href":"https:\/\/mapau.es\/fr\/wp-json\/wp\/v2\/types\/product"}],"replies":[{"embeddable":true,"href":"https:\/\/mapau.es\/fr\/wp-json\/wp\/v2\/comments?post=52879"}],"wp:featuredmedia":[{"embeddable":true,"href":"https:\/\/mapau.es\/fr\/wp-json\/wp\/v2\/media\/12619"}],"wp:attachment":[{"href":"https:\/\/mapau.es\/fr\/wp-json\/wp\/v2\/media?parent=52879"}],"wp:term":[{"taxonomy":"product_brand","embeddable":true,"href":"https:\/\/mapau.es\/fr\/wp-json\/wp\/v2\/product_brand?post=52879"},{"taxonomy":"product_cat","embeddable":true,"href":"https:\/\/mapau.es\/fr\/wp-json\/wp\/v2\/product_cat?post=52879"},{"taxonomy":"product_tag","embeddable":true,"href":"https:\/\/mapau.es\/fr\/wp-json\/wp\/v2\/product_tag?post=52879"}],"curies":[{"name":"wp","href":"https:\/\/api.w.org\/{rel}","templated":true}]}}