{"id":52882,"date":"2023-01-12T19:41:26","date_gmt":"2023-01-12T18:41:26","guid":{"rendered":"https:\/\/mapau.es\/producto\/pack-ecrins-lavabo-espejo-led-2\/"},"modified":"2026-03-30T17:14:31","modified_gmt":"2026-03-30T15:14:31","slug":"pack-ecrins-lavabo-espejo-led-2","status":"publish","type":"product","link":"https:\/\/mapau.es\/fr\/producto\/pack-ecrins-lavabo-espejo-led-2\/","title":{"rendered":"Pack ECRINS + vasque + miroir LED"},"content":{"rendered":"<p>Ensemble de salle de bains comprenant un meuble basque suspendu, un lavabo et un miroir avec \u00e9clairage LED. Le meuble suspendu est compos\u00e9 de deux modules ind\u00e9pendants et modulables, adaptables \u00e0 tous les espaces. Fabriqu\u00e9 en panneaux de particules de 19 mm avec rev\u00eatement m\u00e9lamin\u00e9, il offre des caract\u00e9ristiques de surface optimales et une finition hygi\u00e9nique. La structure m\u00e9tallique double face minimaliste pr\u00e9sente des lignes \u00e9pur\u00e9es, un syst\u00e8me de fermeture amortissant, une accessibilit\u00e9 totale et un grand espace de rangement. Les crochets sont \u00e9quip\u00e9s d&rsquo;un syst\u00e8me anti-chute r\u00e9glable horizontalement et verticalement, supportant jusqu&rsquo;\u00e0 120 kg chacun. L&rsquo;ensemble est con\u00e7u pour une installation murale avec un meuble sous-basque. Un lavabo \u00e0 poser en c\u00e9ramique blanche brillante est inclus. Le miroir est \u00e9quip\u00e9 d&rsquo;un \u00e9clairage LED (IP65, 8,4 W, 910 lm, temp\u00e9rature de couleur 6000 K). Le montage est libre et pr\u00eat \u00e0 \u00eatre fix\u00e9 au mur. Un kit de fixation est disponible. Robinetterie et fixations non incluses. Fabriqu\u00e9 en Espagne.<\/p>\n","protected":false},"excerpt":{"rendered":"<p>Ensemble de salle de bains comprenant un meuble basque suspendu, un lavabo et un miroir avec \u00e9clairage LED. Le meuble suspendu est compos\u00e9 de deux modules ind\u00e9pendants et modulables, adaptables \u00e0 tous les espaces. Fabriqu\u00e9 en panneaux de particules de 19 mm avec rev\u00eatement m\u00e9lamin\u00e9, il offre des caract\u00e9ristiques de surface optimales et une finition &hellip; <a href=\"https:\/\/mapau.es\/fr\/producto\/pack-ecrins-lavabo-espejo-led-2\/\">Continued<\/a><\/p>\n","protected":false},"featured_media":12597,"comment_status":"closed","ping_status":"open","template":"","meta":{"_acf_changed":false},"product_brand":[707],"product_cat":[664],"product_tag":[],"class_list":{"0":"post-52882","1":"product","2":"type-product","3":"status-publish","4":"has-post-thumbnail","6":"product_brand-ecrins","7":"product_cat-meubles-de-salle-de-bain","8":"pa_caracteristicas-2-tiroirs","9":"pa_colores-blanc","10":"pa_colores-jet","11":"pa_colores-noyer","12":"pa_colores-chene","13":"pa_colores-gris","14":"pa_medidas-481","15":"pa_medidas-485","17":"first","18":"instock","19":"purchasable","20":"product-type-variable"},"acf":[],"_links":{"self":[{"href":"https:\/\/mapau.es\/fr\/wp-json\/wp\/v2\/product\/52882","targetHints":{"allow":["GET"]}}],"collection":[{"href":"https:\/\/mapau.es\/fr\/wp-json\/wp\/v2\/product"}],"about":[{"href":"https:\/\/mapau.es\/fr\/wp-json\/wp\/v2\/types\/product"}],"replies":[{"embeddable":true,"href":"https:\/\/mapau.es\/fr\/wp-json\/wp\/v2\/comments?post=52882"}],"wp:featuredmedia":[{"embeddable":true,"href":"https:\/\/mapau.es\/fr\/wp-json\/wp\/v2\/media\/12597"}],"wp:attachment":[{"href":"https:\/\/mapau.es\/fr\/wp-json\/wp\/v2\/media?parent=52882"}],"wp:term":[{"taxonomy":"product_brand","embeddable":true,"href":"https:\/\/mapau.es\/fr\/wp-json\/wp\/v2\/product_brand?post=52882"},{"taxonomy":"product_cat","embeddable":true,"href":"https:\/\/mapau.es\/fr\/wp-json\/wp\/v2\/product_cat?post=52882"},{"taxonomy":"product_tag","embeddable":true,"href":"https:\/\/mapau.es\/fr\/wp-json\/wp\/v2\/product_tag?post=52882"}],"curies":[{"name":"wp","href":"https:\/\/api.w.org\/{rel}","templated":true}]}}