{"id":52883,"date":"2023-01-12T19:41:14","date_gmt":"2023-01-12T18:41:14","guid":{"rendered":"https:\/\/mapau.es\/producto\/pack-vanoise-doble-lavabo-espejo-liso-foco-led-2\/"},"modified":"2026-03-30T17:14:31","modified_gmt":"2026-03-30T15:14:31","slug":"pack-vanoise-doble-lavabo-espejo-liso-foco-led-2","status":"publish","type":"product","link":"https:\/\/mapau.es\/fr\/producto\/pack-vanoise-doble-lavabo-espejo-liso-foco-led-2\/","title":{"rendered":"Pack VANOISE + double vasque + miroir simple + spot LED"},"content":{"rendered":"<p>Cet ensemble comprend un meuble bas, un lavabo, un miroir et un \u00e9clairage LED. Le meuble bas est compos\u00e9 d&rsquo;un module de rangement avec un plan de travail pour un lavabo en marbre. Le meuble haut est r\u00e9alis\u00e9 en panneaux de particules de 19 mm avec un rev\u00eatement m\u00e9lamin\u00e9 aux propri\u00e9t\u00e9s de surface optimales. Il est \u00e9quip\u00e9 d&rsquo;un plan de travail en acier inoxydable, d&rsquo;une charni\u00e8re en acier nickel\u00e9 avec piston anti-emboutissement et d&rsquo;un r\u00e9glage en hauteur tridimensionnel. Les crochets sont \u00e9quip\u00e9s d&rsquo;un syst\u00e8me anti-casse avec r\u00e9glage horizontal et vertical, supportant jusqu&rsquo;\u00e0 120 kg par crochet. Un lavabo \u00e0 poser en c\u00e9ramique blanche est inclus. Le miroir rectangulaire avec \u00e9clairage LED (IP44, 12 W, 1100 lm, 6000 K) est \u00e9galement inclus. Le montage est libre et pr\u00eat \u00e0 \u00eatre fix\u00e9 au mur. Un kit de fixation est disponible. Robinetterie et bonde non incluses. Fabriqu\u00e9 en Espagne.<\/p>\n","protected":false},"excerpt":{"rendered":"<p>Cet ensemble comprend un meuble bas, un lavabo, un miroir et un \u00e9clairage LED. Le meuble bas est compos\u00e9 d&rsquo;un module de rangement avec un plan de travail pour un lavabo en marbre. Le meuble haut est r\u00e9alis\u00e9 en panneaux de particules de 19 mm avec un rev\u00eatement m\u00e9lamin\u00e9 aux propri\u00e9t\u00e9s de surface optimales. Il &hellip; <a href=\"https:\/\/mapau.es\/fr\/producto\/pack-vanoise-doble-lavabo-espejo-liso-foco-led-2\/\">Continued<\/a><\/p>\n","protected":false},"featured_media":12591,"comment_status":"closed","ping_status":"open","template":"","meta":{"_acf_changed":false},"product_brand":[706],"product_cat":[664],"product_tag":[],"class_list":{"0":"post-52883","1":"product","2":"type-product","3":"status-publish","4":"has-post-thumbnail","6":"product_brand-vanoise","7":"product_cat-meubles-de-salle-de-bain","8":"pa_caracteristicas-portes","9":"pa_colores-blanc","10":"pa_colores-jet","11":"pa_colores-noyer","12":"pa_colores-chene","13":"pa_colores-gris","14":"pa_medidas-481","16":"first","17":"instock","18":"purchasable","19":"product-type-variable"},"acf":[],"_links":{"self":[{"href":"https:\/\/mapau.es\/fr\/wp-json\/wp\/v2\/product\/52883","targetHints":{"allow":["GET"]}}],"collection":[{"href":"https:\/\/mapau.es\/fr\/wp-json\/wp\/v2\/product"}],"about":[{"href":"https:\/\/mapau.es\/fr\/wp-json\/wp\/v2\/types\/product"}],"replies":[{"embeddable":true,"href":"https:\/\/mapau.es\/fr\/wp-json\/wp\/v2\/comments?post=52883"}],"wp:featuredmedia":[{"embeddable":true,"href":"https:\/\/mapau.es\/fr\/wp-json\/wp\/v2\/media\/12591"}],"wp:attachment":[{"href":"https:\/\/mapau.es\/fr\/wp-json\/wp\/v2\/media?parent=52883"}],"wp:term":[{"taxonomy":"product_brand","embeddable":true,"href":"https:\/\/mapau.es\/fr\/wp-json\/wp\/v2\/product_brand?post=52883"},{"taxonomy":"product_cat","embeddable":true,"href":"https:\/\/mapau.es\/fr\/wp-json\/wp\/v2\/product_cat?post=52883"},{"taxonomy":"product_tag","embeddable":true,"href":"https:\/\/mapau.es\/fr\/wp-json\/wp\/v2\/product_tag?post=52883"}],"curies":[{"name":"wp","href":"https:\/\/api.w.org\/{rel}","templated":true}]}}