{"id":52890,"date":"2023-01-12T19:39:46","date_gmt":"2023-01-12T18:39:46","guid":{"rendered":"https:\/\/mapau.es\/producto\/pack-merveilles-ethereal-lavabo-doble-suspendido-silestone-espejo-led-2\/"},"modified":"2026-03-30T17:14:57","modified_gmt":"2026-03-30T15:14:57","slug":"pack-merveilles-ethereal-lavabo-doble-suspendido-silestone-espejo-led-2","status":"publish","type":"product","link":"https:\/\/mapau.es\/fr\/producto\/pack-merveilles-ethereal-lavabo-doble-suspendido-silestone-espejo-led-2\/","title":{"rendered":"Pack MERVEILLES \u00e9th\u00e9r\u00e9es + Vasque double suspendue SILESTONE + Miroir LED"},"content":{"rendered":"<p>Ce pack comprend un meuble bas, une suspension en Silestone et un miroir avec \u00e9clairage LED. Le meuble est compos\u00e9 d&rsquo;un module \u00e0 plusieurs niveaux avec syst\u00e8me d&rsquo;affichage. La suspension est r\u00e9alis\u00e9e en panneaux de particules de 19 mm avec rev\u00eatement et caract\u00e9ristiques de surface optimales. La surface est scell\u00e9e pour une hygi\u00e8ne optimale. La plaque m\u00e9tallique double face pr\u00e9sente une esth\u00e9tique minimaliste aux lignes fines et \u00e9pur\u00e9es, un m\u00e9canisme d&rsquo;amortissement, une accessibilit\u00e9 totale et un grand espace de rangement. Les crochets sont \u00e9quip\u00e9s d&rsquo;un syst\u00e8me anti-casse avec r\u00e9glage horizontal et vertical, supportant jusqu&rsquo;\u00e0 120 kg par crochet. La suspension est \u00e9galement en Silestone, la surface hybride la plus performante et durable du produit, compos\u00e9e de min\u00e9raux de haute qualit\u00e9 et de mat\u00e9riaux recycl\u00e9s, fabriqu\u00e9e avec la technologie exclusive et innovante HybriQ\u00ae. Le miroir rectangulaire est \u00e9quip\u00e9 d&rsquo;un \u00e9clairage LED (IP44, 12 W, 1100 lm, temp\u00e9rature de couleur 6000 K). Le meuble est livr\u00e9 en kit, non assembl\u00e9, pr\u00eat \u00e0 \u00eatre fix\u00e9 au mur. Robinetterie et fixations non incluses. Fabriqu\u00e9 en Espagne.<\/p>\n","protected":false},"excerpt":{"rendered":"<p>Ce pack comprend un meuble bas, une suspension en Silestone et un miroir avec \u00e9clairage LED. Le meuble est compos\u00e9 d&rsquo;un module \u00e0 plusieurs niveaux avec syst\u00e8me d&rsquo;affichage. La suspension est r\u00e9alis\u00e9e en panneaux de particules de 19 mm avec rev\u00eatement et caract\u00e9ristiques de surface optimales. La surface est scell\u00e9e pour une hygi\u00e8ne optimale. La &hellip; <a href=\"https:\/\/mapau.es\/fr\/producto\/pack-merveilles-ethereal-lavabo-doble-suspendido-silestone-espejo-led-2\/\">Continued<\/a><\/p>\n","protected":false},"featured_media":12547,"comment_status":"closed","ping_status":"open","template":"","meta":{"_acf_changed":false},"product_brand":[704],"product_cat":[664],"product_tag":[],"class_list":{"0":"post-52890","1":"product","2":"type-product","3":"status-publish","4":"has-post-thumbnail","6":"product_brand-merveilles","7":"product_cat-meubles-de-salle-de-bain","8":"pa_caracteristicas-2-tiroirs","9":"pa_colores-blanc","10":"pa_colores-jet","11":"pa_colores-chene","12":"pa_colores-gris","13":"pa_medidas-489","15":"first","16":"instock","17":"purchasable","18":"product-type-variable"},"acf":[],"_links":{"self":[{"href":"https:\/\/mapau.es\/fr\/wp-json\/wp\/v2\/product\/52890","targetHints":{"allow":["GET"]}}],"collection":[{"href":"https:\/\/mapau.es\/fr\/wp-json\/wp\/v2\/product"}],"about":[{"href":"https:\/\/mapau.es\/fr\/wp-json\/wp\/v2\/types\/product"}],"replies":[{"embeddable":true,"href":"https:\/\/mapau.es\/fr\/wp-json\/wp\/v2\/comments?post=52890"}],"wp:featuredmedia":[{"embeddable":true,"href":"https:\/\/mapau.es\/fr\/wp-json\/wp\/v2\/media\/12547"}],"wp:attachment":[{"href":"https:\/\/mapau.es\/fr\/wp-json\/wp\/v2\/media?parent=52890"}],"wp:term":[{"taxonomy":"product_brand","embeddable":true,"href":"https:\/\/mapau.es\/fr\/wp-json\/wp\/v2\/product_brand?post=52890"},{"taxonomy":"product_cat","embeddable":true,"href":"https:\/\/mapau.es\/fr\/wp-json\/wp\/v2\/product_cat?post=52890"},{"taxonomy":"product_tag","embeddable":true,"href":"https:\/\/mapau.es\/fr\/wp-json\/wp\/v2\/product_tag?post=52890"}],"curies":[{"name":"wp","href":"https:\/\/api.w.org\/{rel}","templated":true}]}}