{"id":52905,"date":"2022-11-23T13:05:58","date_gmt":"2022-11-23T12:05:58","guid":{"rendered":"https:\/\/mapau.es\/producto\/grifo-empotrado-lavabo-corfu-negro-mate-2\/"},"modified":"2026-03-30T17:05:04","modified_gmt":"2026-03-30T15:05:04","slug":"grifo-empotrado-lavabo-corfu-negro-mate-2","status":"publish","type":"product","link":"https:\/\/mapau.es\/fr\/producto\/grifo-empotrado-lavabo-corfu-negro-mate-2\/","title":{"rendered":"\u00c9vier encastr\u00e9 Corfou, tapis noir"},"content":{"rendered":"<p>\u00c9VIER ENCASTR\u00c9 CORFOU MIJOTEUR \u00c0 LEVIER UNIQUE, NOIR MAT. Corps en laiton. Cartouche c\u00e9ramique 25 mm.<\/p>\n","protected":false},"excerpt":{"rendered":"<p>\u00c9VIER ENCASTR\u00c9 CORFOU MIJOTEUR \u00c0 LEVIER UNIQUE, NOIR MAT. Corps en laiton. Cartouche c\u00e9ramique 25 mm.<\/p>\n","protected":false},"featured_media":12431,"comment_status":"closed","ping_status":"open","template":"","meta":{"_acf_changed":false},"product_brand":[703],"product_cat":[452],"product_tag":[],"class_list":{"0":"post-52905","1":"product","2":"type-product","3":"status-publish","4":"has-post-thumbnail","6":"product_brand-grifos","7":"product_cat-accesorios","8":"product_shipping_class-t10","9":"pa_colores-noir","11":"first","12":"instock","13":"purchasable","14":"product-type-simple"},"acf":[],"_links":{"self":[{"href":"https:\/\/mapau.es\/fr\/wp-json\/wp\/v2\/product\/52905","targetHints":{"allow":["GET"]}}],"collection":[{"href":"https:\/\/mapau.es\/fr\/wp-json\/wp\/v2\/product"}],"about":[{"href":"https:\/\/mapau.es\/fr\/wp-json\/wp\/v2\/types\/product"}],"replies":[{"embeddable":true,"href":"https:\/\/mapau.es\/fr\/wp-json\/wp\/v2\/comments?post=52905"}],"wp:featuredmedia":[{"embeddable":true,"href":"https:\/\/mapau.es\/fr\/wp-json\/wp\/v2\/media\/12431"}],"wp:attachment":[{"href":"https:\/\/mapau.es\/fr\/wp-json\/wp\/v2\/media?parent=52905"}],"wp:term":[{"taxonomy":"product_brand","embeddable":true,"href":"https:\/\/mapau.es\/fr\/wp-json\/wp\/v2\/product_brand?post=52905"},{"taxonomy":"product_cat","embeddable":true,"href":"https:\/\/mapau.es\/fr\/wp-json\/wp\/v2\/product_cat?post=52905"},{"taxonomy":"product_tag","embeddable":true,"href":"https:\/\/mapau.es\/fr\/wp-json\/wp\/v2\/product_tag?post=52905"}],"curies":[{"name":"wp","href":"https:\/\/api.w.org\/{rel}","templated":true}]}}