{"id":52913,"date":"2022-11-23T13:05:51","date_gmt":"2022-11-23T12:05:51","guid":{"rendered":"https:\/\/mapau.es\/producto\/grifo-lavabo-mallorca-2\/"},"modified":"2026-03-30T17:05:06","modified_gmt":"2026-03-30T15:05:06","slug":"grifo-lavabo-mallorca-2","status":"publish","type":"product","link":"https:\/\/mapau.es\/fr\/producto\/grifo-lavabo-mallorca-2\/","title":{"rendered":"BASSIN DE MALLORQUE ROBINET"},"content":{"rendered":"<p>Mitigeur d&rsquo;\u00e9vier \u00e0 commande unique de MAJORQUE. Corps en laiton. Cartouche c\u00e9ramique de 25 mm.<\/p>\n","protected":false},"excerpt":{"rendered":"<p>Mitigeur d&rsquo;\u00e9vier \u00e0 commande unique de MAJORQUE. Corps en laiton. Cartouche c\u00e9ramique de 25 mm.<\/p>\n","protected":false},"featured_media":12404,"comment_status":"closed","ping_status":"open","template":"","meta":{"_acf_changed":false},"product_brand":[703],"product_cat":[452],"product_tag":[],"class_list":{"0":"post-52913","1":"product","2":"type-product","3":"status-publish","4":"has-post-thumbnail","6":"product_brand-grifos","7":"product_cat-accesorios","8":"product_shipping_class-t10","9":"pa_colores-chrome","11":"first","12":"instock","13":"purchasable","14":"product-type-simple"},"acf":[],"_links":{"self":[{"href":"https:\/\/mapau.es\/fr\/wp-json\/wp\/v2\/product\/52913","targetHints":{"allow":["GET"]}}],"collection":[{"href":"https:\/\/mapau.es\/fr\/wp-json\/wp\/v2\/product"}],"about":[{"href":"https:\/\/mapau.es\/fr\/wp-json\/wp\/v2\/types\/product"}],"replies":[{"embeddable":true,"href":"https:\/\/mapau.es\/fr\/wp-json\/wp\/v2\/comments?post=52913"}],"wp:featuredmedia":[{"embeddable":true,"href":"https:\/\/mapau.es\/fr\/wp-json\/wp\/v2\/media\/12404"}],"wp:attachment":[{"href":"https:\/\/mapau.es\/fr\/wp-json\/wp\/v2\/media?parent=52913"}],"wp:term":[{"taxonomy":"product_brand","embeddable":true,"href":"https:\/\/mapau.es\/fr\/wp-json\/wp\/v2\/product_brand?post=52913"},{"taxonomy":"product_cat","embeddable":true,"href":"https:\/\/mapau.es\/fr\/wp-json\/wp\/v2\/product_cat?post=52913"},{"taxonomy":"product_tag","embeddable":true,"href":"https:\/\/mapau.es\/fr\/wp-json\/wp\/v2\/product_tag?post=52913"}],"curies":[{"name":"wp","href":"https:\/\/api.w.org\/{rel}","templated":true}]}}