{"id":52922,"date":"2022-11-23T13:05:41","date_gmt":"2022-11-23T12:05:41","guid":{"rendered":"https:\/\/mapau.es\/producto\/grifo-lavabo-ibiza-cromo-2\/"},"modified":"2026-03-30T17:05:09","modified_gmt":"2026-03-30T15:05:09","slug":"grifo-lavabo-ibiza-cromo-2","status":"publish","type":"product","link":"https:\/\/mapau.es\/fr\/producto\/grifo-lavabo-ibiza-cromo-2\/","title":{"rendered":"Robinet d&rsquo;\u00e9vier chrom\u00e9 Ibiza"},"content":{"rendered":"<p>Mitigeur d&rsquo;\u00e9vier monocommande IBIZA CHROME. Corps en laiton. Cartouche c\u00e9ramique de 25 mm.<\/p>\n","protected":false},"excerpt":{"rendered":"<p>Mitigeur d&rsquo;\u00e9vier monocommande IBIZA CHROME. Corps en laiton. Cartouche c\u00e9ramique de 25 mm.<\/p>\n","protected":false},"featured_media":12364,"comment_status":"closed","ping_status":"open","template":"","meta":{"_acf_changed":false},"product_brand":[703],"product_cat":[452],"product_tag":[],"class_list":{"0":"post-52922","1":"product","2":"type-product","3":"status-publish","4":"has-post-thumbnail","6":"product_brand-grifos","7":"product_cat-accesorios","8":"product_shipping_class-t10","9":"pa_colores-chrome","11":"first","12":"instock","13":"purchasable","14":"product-type-simple"},"acf":[],"_links":{"self":[{"href":"https:\/\/mapau.es\/fr\/wp-json\/wp\/v2\/product\/52922","targetHints":{"allow":["GET"]}}],"collection":[{"href":"https:\/\/mapau.es\/fr\/wp-json\/wp\/v2\/product"}],"about":[{"href":"https:\/\/mapau.es\/fr\/wp-json\/wp\/v2\/types\/product"}],"replies":[{"embeddable":true,"href":"https:\/\/mapau.es\/fr\/wp-json\/wp\/v2\/comments?post=52922"}],"wp:featuredmedia":[{"embeddable":true,"href":"https:\/\/mapau.es\/fr\/wp-json\/wp\/v2\/media\/12364"}],"wp:attachment":[{"href":"https:\/\/mapau.es\/fr\/wp-json\/wp\/v2\/media?parent=52922"}],"wp:term":[{"taxonomy":"product_brand","embeddable":true,"href":"https:\/\/mapau.es\/fr\/wp-json\/wp\/v2\/product_brand?post=52922"},{"taxonomy":"product_cat","embeddable":true,"href":"https:\/\/mapau.es\/fr\/wp-json\/wp\/v2\/product_cat?post=52922"},{"taxonomy":"product_tag","embeddable":true,"href":"https:\/\/mapau.es\/fr\/wp-json\/wp\/v2\/product_tag?post=52922"}],"curies":[{"name":"wp","href":"https:\/\/api.w.org\/{rel}","templated":true}]}}