{"id":52932,"date":"2022-11-23T13:05:25","date_gmt":"2022-11-23T12:05:25","guid":{"rendered":"https:\/\/mapau.es\/producto\/espejo-lorena-1150-x-800-2\/"},"modified":"2026-03-30T17:05:16","modified_gmt":"2026-03-30T15:05:16","slug":"espejo-lorena-1150-x-800-2","status":"publish","type":"product","link":"https:\/\/mapau.es\/fr\/producto\/espejo-lorena-1150-x-800-2\/","title":{"rendered":"Miroir Lorena 1150 x 800"},"content":{"rendered":"<p>Miroir de salle de bain au design d\u00e9coratif, avec \u00e9clairage int\u00e9gr\u00e9 et traitement anti-bu\u00e9e. Id\u00e9al pour s&rsquo;harmoniser avec les autres accessoires de salle de bain. \u00c9clairage homog\u00e8ne. Deux \u00e9l\u00e9ments anti-bu\u00e9e. Lumi\u00e8re naturelle 4000K. Puissance\u00a0: 20\u00a0W, flux lumineux\u00a0: 457\u00a0lumens. Indice de protection\u00a0: IP44. Quatre positions r\u00e9glables. Impact environnemental possible.<\/p>\n","protected":false},"excerpt":{"rendered":"<p>Miroir de salle de bain au design d\u00e9coratif, avec \u00e9clairage int\u00e9gr\u00e9 et traitement anti-bu\u00e9e. Id\u00e9al pour s&rsquo;harmoniser avec les autres accessoires de salle de bain. \u00c9clairage homog\u00e8ne. Deux \u00e9l\u00e9ments anti-bu\u00e9e. Lumi\u00e8re naturelle 4000K. Puissance\u00a0: 20\u00a0W, flux lumineux\u00a0: 457\u00a0lumens. Indice de protection\u00a0: IP44. Quatre positions r\u00e9glables. Impact environnemental possible.<\/p>\n","protected":false},"featured_media":12329,"comment_status":"closed","ping_status":"open","template":"","meta":{"_acf_changed":false},"product_brand":[698],"product_cat":[452],"product_tag":[],"class_list":{"0":"post-52932","1":"product","2":"type-product","3":"status-publish","4":"has-post-thumbnail","6":"product_brand-espejos","7":"product_cat-accesorios","8":"product_shipping_class-t20","9":"pa_colores-miroir","10":"pa_medidas-500","12":"first","13":"instock","14":"purchasable","15":"product-type-simple"},"acf":[],"_links":{"self":[{"href":"https:\/\/mapau.es\/fr\/wp-json\/wp\/v2\/product\/52932","targetHints":{"allow":["GET"]}}],"collection":[{"href":"https:\/\/mapau.es\/fr\/wp-json\/wp\/v2\/product"}],"about":[{"href":"https:\/\/mapau.es\/fr\/wp-json\/wp\/v2\/types\/product"}],"replies":[{"embeddable":true,"href":"https:\/\/mapau.es\/fr\/wp-json\/wp\/v2\/comments?post=52932"}],"wp:featuredmedia":[{"embeddable":true,"href":"https:\/\/mapau.es\/fr\/wp-json\/wp\/v2\/media\/12329"}],"wp:attachment":[{"href":"https:\/\/mapau.es\/fr\/wp-json\/wp\/v2\/media?parent=52932"}],"wp:term":[{"taxonomy":"product_brand","embeddable":true,"href":"https:\/\/mapau.es\/fr\/wp-json\/wp\/v2\/product_brand?post=52932"},{"taxonomy":"product_cat","embeddable":true,"href":"https:\/\/mapau.es\/fr\/wp-json\/wp\/v2\/product_cat?post=52932"},{"taxonomy":"product_tag","embeddable":true,"href":"https:\/\/mapau.es\/fr\/wp-json\/wp\/v2\/product_tag?post=52932"}],"curies":[{"name":"wp","href":"https:\/\/api.w.org\/{rel}","templated":true}]}}