{"id":52933,"date":"2022-11-23T13:05:25","date_gmt":"2022-11-23T12:05:25","guid":{"rendered":"https:\/\/mapau.es\/producto\/espejo-paula-negro-600-x-850-2\/"},"modified":"2026-03-30T17:05:17","modified_gmt":"2026-03-30T15:05:17","slug":"espejo-paula-negro-600-x-850-2","status":"publish","type":"product","link":"https:\/\/mapau.es\/fr\/producto\/espejo-paula-negro-600-x-850-2\/","title":{"rendered":"Miroir noir PAULA 600 x 850"},"content":{"rendered":"<p>Miroir de salle de bain aux lignes \u00e9pur\u00e9es et au design \u00e9l\u00e9gant, s&rsquo;int\u00e9grant harmonieusement \u00e0 tous les espaces. Traitement anticorrosion pour une protection optimale contre la rouille. Positionnement vertical ou horizontal. Lumi\u00e8re blanche 5700K. 20 W, 820 lumens. Indice de protection IP44. Impact environnemental possible.<\/p>\n","protected":false},"excerpt":{"rendered":"<p>Miroir de salle de bain aux lignes \u00e9pur\u00e9es et au design \u00e9l\u00e9gant, s&rsquo;int\u00e9grant harmonieusement \u00e0 tous les espaces. Traitement anticorrosion pour une protection optimale contre la rouille. Positionnement vertical ou horizontal. Lumi\u00e8re blanche 5700K. 20 W, 820 lumens. Indice de protection IP44. Impact environnemental possible.<\/p>\n","protected":false},"featured_media":12326,"comment_status":"closed","ping_status":"open","template":"","meta":{"_acf_changed":false},"product_brand":[698],"product_cat":[452],"product_tag":[],"class_list":{"0":"post-52933","1":"product","2":"type-product","3":"status-publish","4":"has-post-thumbnail","6":"product_brand-espejos","7":"product_cat-accesorios","8":"product_shipping_class-t20","9":"pa_colores-noir","10":"pa_medidas-492","12":"first","13":"instock","14":"purchasable","15":"product-type-simple"},"acf":[],"_links":{"self":[{"href":"https:\/\/mapau.es\/fr\/wp-json\/wp\/v2\/product\/52933","targetHints":{"allow":["GET"]}}],"collection":[{"href":"https:\/\/mapau.es\/fr\/wp-json\/wp\/v2\/product"}],"about":[{"href":"https:\/\/mapau.es\/fr\/wp-json\/wp\/v2\/types\/product"}],"replies":[{"embeddable":true,"href":"https:\/\/mapau.es\/fr\/wp-json\/wp\/v2\/comments?post=52933"}],"wp:featuredmedia":[{"embeddable":true,"href":"https:\/\/mapau.es\/fr\/wp-json\/wp\/v2\/media\/12326"}],"wp:attachment":[{"href":"https:\/\/mapau.es\/fr\/wp-json\/wp\/v2\/media?parent=52933"}],"wp:term":[{"taxonomy":"product_brand","embeddable":true,"href":"https:\/\/mapau.es\/fr\/wp-json\/wp\/v2\/product_brand?post=52933"},{"taxonomy":"product_cat","embeddable":true,"href":"https:\/\/mapau.es\/fr\/wp-json\/wp\/v2\/product_cat?post=52933"},{"taxonomy":"product_tag","embeddable":true,"href":"https:\/\/mapau.es\/fr\/wp-json\/wp\/v2\/product_tag?post=52933"}],"curies":[{"name":"wp","href":"https:\/\/api.w.org\/{rel}","templated":true}]}}