{"id":52938,"date":"2022-11-23T13:02:44","date_gmt":"2022-11-23T12:02:44","guid":{"rendered":"https:\/\/mapau.es\/producto\/pack-siagne-lavabo-espejo-led-2\/"},"modified":"2026-03-30T17:15:20","modified_gmt":"2026-03-30T15:15:20","slug":"pack-siagne-lavabo-espejo-led-2","status":"publish","type":"product","link":"https:\/\/mapau.es\/fr\/producto\/pack-siagne-lavabo-espejo-led-2\/","title":{"rendered":"Pack SIAGNE + vasque + miroir LED"},"content":{"rendered":"<p>Ensemble de salle de bains comprenant un meuble sous-vasque, un lavabo et un miroir avec \u00e9clairage LED. Le plan de travail suspendu est \u00e9quip\u00e9 d&rsquo;un caisson cloisonn\u00e9 et d&rsquo;un caisson Tyroir aux fa\u00e7ades d\u00e9coratives en relief. Fabriqu\u00e9 en panneaux de particules de m\u00e9lamine de 19 mm, il offre des caract\u00e9ristiques de surface optimales et une finition hygi\u00e9nique. Le caisson double face minimaliste poss\u00e8de une structure m\u00e9tallique aux lignes \u00e9pur\u00e9es et fonctionnelles, un syst\u00e8me de fermeture amortissant les chocs, une accessibilit\u00e9 totale et un grand espace de mouvement. Les crochets sont \u00e9quip\u00e9s d&rsquo;un syst\u00e8me anti-basculement r\u00e9glable horizontalement et verticalement, supportant jusqu&rsquo;\u00e0 120 kg chacun. L&rsquo;ensemble est con\u00e7u pour une installation murale avec un meuble sous-basque. Un lavabo en c\u00e9ramique blanc brillant est inclus. Le miroir est \u00e9quip\u00e9 d&rsquo;un \u00e9clairage LED (IP65, 8,4 W, 910 lm, 6000 K). Le montage est libre et pr\u00eat \u00e0 \u00eatre fix\u00e9 au mur. Un kit de fixation est disponible. Robinetterie et bonde non incluses. Fabriqu\u00e9 en Espagne.<\/p>\n","protected":false},"excerpt":{"rendered":"<p>Ensemble de salle de bains comprenant un meuble sous-vasque, un lavabo et un miroir avec \u00e9clairage LED. Le plan de travail suspendu est \u00e9quip\u00e9 d&rsquo;un caisson cloisonn\u00e9 et d&rsquo;un caisson Tyroir aux fa\u00e7ades d\u00e9coratives en relief. Fabriqu\u00e9 en panneaux de particules de m\u00e9lamine de 19 mm, il offre des caract\u00e9ristiques de surface optimales et une &hellip; <a href=\"https:\/\/mapau.es\/fr\/producto\/pack-siagne-lavabo-espejo-led-2\/\">Continued<\/a><\/p>\n","protected":false},"featured_media":12289,"comment_status":"closed","ping_status":"open","template":"","meta":{"_acf_changed":false},"product_brand":[701],"product_cat":[664],"product_tag":[],"class_list":{"0":"post-52938","1":"product","2":"type-product","3":"status-publish","4":"has-post-thumbnail","6":"product_brand-siagne","7":"product_cat-meubles-de-salle-de-bain","8":"pa_caracteristicas-2-tiroirs","9":"pa_caracteristicas-1-tiroir","10":"pa_colores-anthracite","11":"pa_colores-anthracite-noyer","12":"pa_colores-blanc","13":"pa_colores-blanc-bardolin","14":"pa_colores-terre-cuite","15":"pa_colores-terre-cuite-bardolino","16":"pa_colores-vert","17":"pa_colores-vert-bardolino","18":"pa_medidas-481","19":"pa_medidas-489","20":"pa_medidas-485","22":"first","23":"instock","24":"purchasable","25":"product-type-variable"},"acf":[],"_links":{"self":[{"href":"https:\/\/mapau.es\/fr\/wp-json\/wp\/v2\/product\/52938","targetHints":{"allow":["GET"]}}],"collection":[{"href":"https:\/\/mapau.es\/fr\/wp-json\/wp\/v2\/product"}],"about":[{"href":"https:\/\/mapau.es\/fr\/wp-json\/wp\/v2\/types\/product"}],"replies":[{"embeddable":true,"href":"https:\/\/mapau.es\/fr\/wp-json\/wp\/v2\/comments?post=52938"}],"wp:featuredmedia":[{"embeddable":true,"href":"https:\/\/mapau.es\/fr\/wp-json\/wp\/v2\/media\/12289"}],"wp:attachment":[{"href":"https:\/\/mapau.es\/fr\/wp-json\/wp\/v2\/media?parent=52938"}],"wp:term":[{"taxonomy":"product_brand","embeddable":true,"href":"https:\/\/mapau.es\/fr\/wp-json\/wp\/v2\/product_brand?post=52938"},{"taxonomy":"product_cat","embeddable":true,"href":"https:\/\/mapau.es\/fr\/wp-json\/wp\/v2\/product_cat?post=52938"},{"taxonomy":"product_tag","embeddable":true,"href":"https:\/\/mapau.es\/fr\/wp-json\/wp\/v2\/product_tag?post=52938"}],"curies":[{"name":"wp","href":"https:\/\/api.w.org\/{rel}","templated":true}]}}