{"id":52939,"date":"2022-11-23T13:02:21","date_gmt":"2022-11-23T12:02:21","guid":{"rendered":"https:\/\/mapau.es\/producto\/pack-rennes-plus-lavabo-espejo-led-2\/"},"modified":"2026-03-30T17:15:20","modified_gmt":"2026-03-30T15:15:20","slug":"pack-rennes-plus-lavabo-espejo-led-2","status":"publish","type":"product","link":"https:\/\/mapau.es\/fr\/producto\/pack-rennes-plus-lavabo-espejo-led-2\/","title":{"rendered":"Pack RENNES PLUS + vasque + miroir LED"},"content":{"rendered":"<p>Cet ensemble comprend un meuble sous-\u00e9vier avec vasque et miroir. Le meuble sous-\u00e9vier se compose d&rsquo;une armoire avec porte et couvercle pour vasque, ainsi que d&rsquo;un panneau lat\u00e9ral d\u00e9coratif. Fix\u00e9 au mur, il est fabriqu\u00e9 en panneaux de particules de 19 mm avec rev\u00eatement m\u00e9lamin\u00e9 et finitions de surface optimales. La surface est parfaitement \u00e9tanche. La structure m\u00e9tallique minimaliste \u00e0 double paroi pr\u00e9sente des lignes fonctionnelles et \u00e9pur\u00e9es, un syst\u00e8me d&rsquo;absorption des chocs avec acc\u00e8s total et un grand espace de rangement. La charni\u00e8re en acier nickel\u00e9 est \u00e9quip\u00e9e d&rsquo;un piston permettant une ouverture et une fermeture en douceur et \u00e0 pression optimale. Elle offre un r\u00e9glage tridimensionnel. Les crochets sont \u00e9quip\u00e9s d&rsquo;un syst\u00e8me anti-chute avec r\u00e9glage horizontal et vertical, supportant jusqu&rsquo;\u00e0 120 kg par crochet. La cr\u00e9dence est de couleur contrastante. Une vasque \u00e0 poser en c\u00e9ramique blanche est incluse. Le miroir rectangulaire comprend un \u00e9clairage LED (IP44, 12 W, 1100 lm, 6000 K). Le meuble sous-\u00e9vier est enti\u00e8rement assembl\u00e9 et pr\u00eat \u00e0 \u00eatre install\u00e9 au mur. Kit de fixation disponible. Robinetterie et colle non incluses. Fabriqu\u00e9 en Espagne.<\/p>\n","protected":false},"excerpt":{"rendered":"<p>Cet ensemble comprend un meuble sous-\u00e9vier avec vasque et miroir. Le meuble sous-\u00e9vier se compose d&rsquo;une armoire avec porte et couvercle pour vasque, ainsi que d&rsquo;un panneau lat\u00e9ral d\u00e9coratif. Fix\u00e9 au mur, il est fabriqu\u00e9 en panneaux de particules de 19 mm avec rev\u00eatement m\u00e9lamin\u00e9 et finitions de surface optimales. La surface est parfaitement \u00e9tanche. &hellip; <a href=\"https:\/\/mapau.es\/fr\/producto\/pack-rennes-plus-lavabo-espejo-led-2\/\">Continued<\/a><\/p>\n","protected":false},"featured_media":12279,"comment_status":"closed","ping_status":"open","template":"","meta":{"_acf_changed":false},"product_brand":[700],"product_cat":[664],"product_tag":[],"class_list":{"0":"post-52939","1":"product","2":"type-product","3":"status-publish","4":"has-post-thumbnail","6":"product_brand-rennes-couleurs","7":"product_cat-meubles-de-salle-de-bain","8":"pa_caracteristicas-portes-tiroir","9":"pa_colores-noir","10":"pa_colores-terre-cuite","11":"pa_colores-vert","12":"pa_medidas-480","13":"pa_medidas-481","14":"pa_medidas-485","16":"first","17":"instock","18":"purchasable","19":"product-type-variable"},"acf":[],"_links":{"self":[{"href":"https:\/\/mapau.es\/fr\/wp-json\/wp\/v2\/product\/52939","targetHints":{"allow":["GET"]}}],"collection":[{"href":"https:\/\/mapau.es\/fr\/wp-json\/wp\/v2\/product"}],"about":[{"href":"https:\/\/mapau.es\/fr\/wp-json\/wp\/v2\/types\/product"}],"replies":[{"embeddable":true,"href":"https:\/\/mapau.es\/fr\/wp-json\/wp\/v2\/comments?post=52939"}],"wp:featuredmedia":[{"embeddable":true,"href":"https:\/\/mapau.es\/fr\/wp-json\/wp\/v2\/media\/12279"}],"wp:attachment":[{"href":"https:\/\/mapau.es\/fr\/wp-json\/wp\/v2\/media?parent=52939"}],"wp:term":[{"taxonomy":"product_brand","embeddable":true,"href":"https:\/\/mapau.es\/fr\/wp-json\/wp\/v2\/product_brand?post=52939"},{"taxonomy":"product_cat","embeddable":true,"href":"https:\/\/mapau.es\/fr\/wp-json\/wp\/v2\/product_cat?post=52939"},{"taxonomy":"product_tag","embeddable":true,"href":"https:\/\/mapau.es\/fr\/wp-json\/wp\/v2\/product_tag?post=52939"}],"curies":[{"name":"wp","href":"https:\/\/api.w.org\/{rel}","templated":true}]}}