{"id":52940,"date":"2022-11-23T13:02:05","date_gmt":"2022-11-23T12:02:05","guid":{"rendered":"https:\/\/mapau.es\/producto\/pack-rennes-lavabo-espejo-led-2\/"},"modified":"2026-03-30T17:15:31","modified_gmt":"2026-03-30T15:15:31","slug":"pack-rennes-lavabo-espejo-led-2","status":"publish","type":"product","link":"https:\/\/mapau.es\/fr\/producto\/pack-rennes-lavabo-espejo-led-2\/","title":{"rendered":"Pack RENNES + vasque + miroir LED"},"content":{"rendered":"<p>Cet ensemble comprend un meuble-lavabo, une vasque et un miroir. Le meuble-lavabo est compos\u00e9 d&rsquo;une armoire avec porte et couvercle de vasque, ainsi que d&rsquo;un panneau lat\u00e9ral d\u00e9coratif. Fix\u00e9 au mur, il est fabriqu\u00e9 en panneaux de particules de 19 mm avec rev\u00eatement m\u00e9lamin\u00e9 et finitions de surface optimales. Il est \u00e9quip\u00e9 d&rsquo;une surface en acier inoxydable, d&rsquo;une charni\u00e8re en acier nickel\u00e9 avec piston anti-pincement et d&rsquo;un r\u00e9glage tridimensionnel pr\u00e9cis. Les crochets sont \u00e9quip\u00e9s d&rsquo;un syst\u00e8me anti-chute r\u00e9glable horizontalement et verticalement, supportant jusqu&rsquo;\u00e0 120 kg chacun. Le palier est de couleur contrastante. Une vasque \u00e0 poser en c\u00e9ramique blanche est incluse. Un miroir rectangulaire avec \u00e9clairage LED (IP44, 12 W, 1100 lm, 6000 K) est \u00e9galement fourni. Le meuble-lavabo est livr\u00e9 libre, non assembl\u00e9, pr\u00eat \u00e0 \u00eatre fix\u00e9 au mur. Robinetterie et fixations non incluses. Fabriqu\u00e9 en Espagne.<\/p>\n","protected":false},"excerpt":{"rendered":"<p>Cet ensemble comprend un meuble-lavabo, une vasque et un miroir. Le meuble-lavabo est compos\u00e9 d&rsquo;une armoire avec porte et couvercle de vasque, ainsi que d&rsquo;un panneau lat\u00e9ral d\u00e9coratif. Fix\u00e9 au mur, il est fabriqu\u00e9 en panneaux de particules de 19 mm avec rev\u00eatement m\u00e9lamin\u00e9 et finitions de surface optimales. Il est \u00e9quip\u00e9 d&rsquo;une surface en &hellip; <a href=\"https:\/\/mapau.es\/fr\/producto\/pack-rennes-lavabo-espejo-led-2\/\">Continued<\/a><\/p>\n","protected":false},"featured_media":12269,"comment_status":"closed","ping_status":"open","template":"","meta":{"_acf_changed":false},"product_brand":[700],"product_cat":[664],"product_tag":[],"class_list":{"0":"post-52940","1":"product","2":"type-product","3":"status-publish","4":"has-post-thumbnail","6":"product_brand-rennes-couleurs","7":"product_cat-meubles-de-salle-de-bain","8":"pa_caracteristicas-portes","9":"pa_colores-noir","10":"pa_colores-terre-cuite","11":"pa_colores-vert","12":"pa_medidas-480","13":"pa_medidas-481","14":"pa_medidas-485","16":"first","17":"instock","18":"purchasable","19":"product-type-variable"},"acf":[],"_links":{"self":[{"href":"https:\/\/mapau.es\/fr\/wp-json\/wp\/v2\/product\/52940","targetHints":{"allow":["GET"]}}],"collection":[{"href":"https:\/\/mapau.es\/fr\/wp-json\/wp\/v2\/product"}],"about":[{"href":"https:\/\/mapau.es\/fr\/wp-json\/wp\/v2\/types\/product"}],"replies":[{"embeddable":true,"href":"https:\/\/mapau.es\/fr\/wp-json\/wp\/v2\/comments?post=52940"}],"wp:featuredmedia":[{"embeddable":true,"href":"https:\/\/mapau.es\/fr\/wp-json\/wp\/v2\/media\/12269"}],"wp:attachment":[{"href":"https:\/\/mapau.es\/fr\/wp-json\/wp\/v2\/media?parent=52940"}],"wp:term":[{"taxonomy":"product_brand","embeddable":true,"href":"https:\/\/mapau.es\/fr\/wp-json\/wp\/v2\/product_brand?post=52940"},{"taxonomy":"product_cat","embeddable":true,"href":"https:\/\/mapau.es\/fr\/wp-json\/wp\/v2\/product_cat?post=52940"},{"taxonomy":"product_tag","embeddable":true,"href":"https:\/\/mapau.es\/fr\/wp-json\/wp\/v2\/product_tag?post=52940"}],"curies":[{"name":"wp","href":"https:\/\/api.w.org\/{rel}","templated":true}]}}