{"id":52942,"date":"2022-11-23T13:01:33","date_gmt":"2022-11-23T12:01:33","guid":{"rendered":"https:\/\/mapau.es\/producto\/pack-dijon-lavabo-ceramica-espejo-led-2\/"},"modified":"2026-03-30T17:15:42","modified_gmt":"2026-03-30T15:15:42","slug":"pack-dijon-lavabo-ceramica-espejo-led-2","status":"publish","type":"product","link":"https:\/\/mapau.es\/fr\/producto\/pack-dijon-lavabo-ceramica-espejo-led-2\/","title":{"rendered":"Pack DIJON + vases en c\u00e9ramique + miroir LED"},"content":{"rendered":"<p>Cet ensemble comprend un meuble-lavabo, une vasque et un miroir. Le meuble-lavabo est compos\u00e9 de deux modules suspendus. Fabriqu\u00e9 en panneaux de particules de 19 mm avec un rev\u00eatement m\u00e9lamin\u00e9 aux propri\u00e9t\u00e9s de surface optimales, il offre un toucher agr\u00e9able et une hygi\u00e8ne irr\u00e9prochable. La structure m\u00e9tallique \u00e0 double paroi pr\u00e9sente une esth\u00e9tique minimaliste, avec des lignes \u00e9pur\u00e9es et des fonctions fonctionnelles. Elle est \u00e9quip\u00e9e d&rsquo;un syst\u00e8me d&rsquo;absorption des chocs, d&rsquo;une accessibilit\u00e9 totale et d&rsquo;un grand espace de rangement. Les crochets sont \u00e9quip\u00e9s d&rsquo;un syst\u00e8me anti-basculement r\u00e9glable horizontalement et verticalement, supportant jusqu&rsquo;\u00e0 120 kg chacun. Le module sup\u00e9rieur est con\u00e7u pour accueillir un robinet de lavabo, tandis que le module inf\u00e9rieur est \u00e9quip\u00e9 d&rsquo;un couvercle. Une vasque en c\u00e9ramique blanche est incluse. Le miroir rectangulaire int\u00e8gre un \u00e9clairage LED (IP44, 12 W, 1100 lm, temp\u00e9rature de couleur 6000 K). Le meuble-lavabo est livr\u00e9 enti\u00e8rement assembl\u00e9 et pr\u00eat \u00e0 \u00eatre fix\u00e9 au mur. Un kit de fixation est disponible. Robinetterie et fixation non incluses. Fabriqu\u00e9 en Espagne.<\/p>\n","protected":false},"excerpt":{"rendered":"<p>Cet ensemble comprend un meuble-lavabo, une vasque et un miroir. Le meuble-lavabo est compos\u00e9 de deux modules suspendus. Fabriqu\u00e9 en panneaux de particules de 19 mm avec un rev\u00eatement m\u00e9lamin\u00e9 aux propri\u00e9t\u00e9s de surface optimales, il offre un toucher agr\u00e9able et une hygi\u00e8ne irr\u00e9prochable. La structure m\u00e9tallique \u00e0 double paroi pr\u00e9sente une esth\u00e9tique minimaliste, avec &hellip; <a href=\"https:\/\/mapau.es\/fr\/producto\/pack-dijon-lavabo-ceramica-espejo-led-2\/\">Continued<\/a><\/p>\n","protected":false},"featured_media":12252,"comment_status":"closed","ping_status":"open","template":"","meta":{"_acf_changed":false},"product_brand":[677],"product_cat":[664],"product_tag":[],"class_list":{"0":"post-52942","1":"product","2":"type-product","3":"status-publish","4":"has-post-thumbnail","6":"product_brand-dijon","7":"product_cat-meubles-de-salle-de-bain","8":"pa_caracteristicas-2-tiroirs","9":"pa_caracteristicas-4-tiroirs","10":"pa_colores-anthracite","11":"pa_colores-terre-cuite","12":"pa_colores-vert","13":"pa_medidas-480","14":"pa_medidas-481","15":"pa_medidas-482","16":"pa_medidas-485","18":"first","19":"instock","20":"purchasable","21":"product-type-variable"},"acf":[],"_links":{"self":[{"href":"https:\/\/mapau.es\/fr\/wp-json\/wp\/v2\/product\/52942","targetHints":{"allow":["GET"]}}],"collection":[{"href":"https:\/\/mapau.es\/fr\/wp-json\/wp\/v2\/product"}],"about":[{"href":"https:\/\/mapau.es\/fr\/wp-json\/wp\/v2\/types\/product"}],"replies":[{"embeddable":true,"href":"https:\/\/mapau.es\/fr\/wp-json\/wp\/v2\/comments?post=52942"}],"wp:featuredmedia":[{"embeddable":true,"href":"https:\/\/mapau.es\/fr\/wp-json\/wp\/v2\/media\/12252"}],"wp:attachment":[{"href":"https:\/\/mapau.es\/fr\/wp-json\/wp\/v2\/media?parent=52942"}],"wp:term":[{"taxonomy":"product_brand","embeddable":true,"href":"https:\/\/mapau.es\/fr\/wp-json\/wp\/v2\/product_brand?post=52942"},{"taxonomy":"product_cat","embeddable":true,"href":"https:\/\/mapau.es\/fr\/wp-json\/wp\/v2\/product_cat?post=52942"},{"taxonomy":"product_tag","embeddable":true,"href":"https:\/\/mapau.es\/fr\/wp-json\/wp\/v2\/product_tag?post=52942"}],"curies":[{"name":"wp","href":"https:\/\/api.w.org\/{rel}","templated":true}]}}