{"id":52944,"date":"2022-11-23T13:00:55","date_gmt":"2022-11-23T12:00:55","guid":{"rendered":"https:\/\/mapau.es\/producto\/pack-aude-lavabo-espejo-circular-led-2\/"},"modified":"2026-03-30T17:15:55","modified_gmt":"2026-03-30T15:15:55","slug":"pack-aude-lavabo-espejo-circular-led-2","status":"publish","type":"product","link":"https:\/\/mapau.es\/fr\/producto\/pack-aude-lavabo-espejo-circular-led-2\/","title":{"rendered":"Pack AUDE + vase + miroir circulaire LED"},"content":{"rendered":"<p>Ce meuble comprend une armoire, un meuble et un miroir. L&rsquo;armoire est \u00e9quip\u00e9e d&rsquo;un placard avec un compartiment pour un vase d\u00e9coratif et un \u00e9l\u00e9ment d\u00e9coratif non utilis\u00e9. Ce meuble mural est compos\u00e9 de panneaux de particules de 19 mm avec un rev\u00eatement m\u00e9lamin\u00e9 aux caract\u00e9ristiques de surface optimales. La surface est scell\u00e9e pour une hygi\u00e8ne parfaite. La plaque m\u00e9tallique double face pr\u00e9sente une esth\u00e9tique minimaliste, avec des lignes fines et allong\u00e9es, un m\u00e9canisme d&rsquo;amortissement, une accessibilit\u00e9 totale et un grand espace de rangement. Les crochets sont \u00e9quip\u00e9s d&rsquo;un syst\u00e8me anti-chute avec r\u00e9glage horizontal et vertical, supportant jusqu&rsquo;\u00e0 120 kg par crochet. Le plan de travail et le compartiment d\u00e9coratif sont disponibles en plusieurs couleurs. Un vase d\u00e9coratif en c\u00e9ramique blanche est inclus. Le meuble est con\u00e7u pour l&rsquo;installation d&rsquo;une armoire murale. Un miroir rond avec \u00e9clairage LED (IP44, 12 W, 1100 lm, 6000 K) est \u00e9galement inclus. Le meuble est livr\u00e9 libre et pr\u00eat \u00e0 \u00eatre install\u00e9 au mur. Un kit de fixation est disponible. Robinet et bonde non inclus. Fabriqu\u00e9 en Espagne.<\/p>\n","protected":false},"excerpt":{"rendered":"<p>Ce meuble comprend une armoire, un meuble et un miroir. L&rsquo;armoire est \u00e9quip\u00e9e d&rsquo;un placard avec un compartiment pour un vase d\u00e9coratif et un \u00e9l\u00e9ment d\u00e9coratif non utilis\u00e9. Ce meuble mural est compos\u00e9 de panneaux de particules de 19 mm avec un rev\u00eatement m\u00e9lamin\u00e9 aux caract\u00e9ristiques de surface optimales. La surface est scell\u00e9e pour une &hellip; <a href=\"https:\/\/mapau.es\/fr\/producto\/pack-aude-lavabo-espejo-circular-led-2\/\">Continued<\/a><\/p>\n","protected":false},"featured_media":12229,"comment_status":"closed","ping_status":"open","template":"","meta":{"_acf_changed":false},"product_brand":[699],"product_cat":[664],"product_tag":[],"class_list":{"0":"post-52944","1":"product","2":"type-product","3":"status-publish","4":"has-post-thumbnail","6":"product_brand-aude","7":"product_cat-meubles-de-salle-de-bain","8":"pa_caracteristicas-1-tiroir","9":"pa_colores-anthracite","10":"pa_colores-blanc","11":"pa_colores-chene-de-bardolino","12":"pa_colores-chene-noir-de-jais","13":"pa_colores-noyer","14":"pa_colores-terre-cuite","15":"pa_colores-vert","16":"pa_medidas-481","17":"pa_medidas-485","19":"first","20":"instock","21":"purchasable","22":"product-type-variable"},"acf":[],"_links":{"self":[{"href":"https:\/\/mapau.es\/fr\/wp-json\/wp\/v2\/product\/52944","targetHints":{"allow":["GET"]}}],"collection":[{"href":"https:\/\/mapau.es\/fr\/wp-json\/wp\/v2\/product"}],"about":[{"href":"https:\/\/mapau.es\/fr\/wp-json\/wp\/v2\/types\/product"}],"replies":[{"embeddable":true,"href":"https:\/\/mapau.es\/fr\/wp-json\/wp\/v2\/comments?post=52944"}],"wp:featuredmedia":[{"embeddable":true,"href":"https:\/\/mapau.es\/fr\/wp-json\/wp\/v2\/media\/12229"}],"wp:attachment":[{"href":"https:\/\/mapau.es\/fr\/wp-json\/wp\/v2\/media?parent=52944"}],"wp:term":[{"taxonomy":"product_brand","embeddable":true,"href":"https:\/\/mapau.es\/fr\/wp-json\/wp\/v2\/product_brand?post=52944"},{"taxonomy":"product_cat","embeddable":true,"href":"https:\/\/mapau.es\/fr\/wp-json\/wp\/v2\/product_cat?post=52944"},{"taxonomy":"product_tag","embeddable":true,"href":"https:\/\/mapau.es\/fr\/wp-json\/wp\/v2\/product_tag?post=52944"}],"curies":[{"name":"wp","href":"https:\/\/api.w.org\/{rel}","templated":true}]}}