{"id":52949,"date":"2022-11-23T12:54:46","date_gmt":"2022-11-23T11:54:46","guid":{"rendered":"https:\/\/mapau.es\/producto\/espejo-barbara-negro-450-x-900-2\/"},"modified":"2026-03-30T17:05:34","modified_gmt":"2026-03-30T15:05:34","slug":"espejo-barbara-negro-450-x-900-2","status":"publish","type":"product","link":"https:\/\/mapau.es\/fr\/producto\/espejo-barbara-negro-450-x-900-2\/","title":{"rendered":"BARBARA Miroir noir 450 x 900"},"content":{"rendered":"<p>Miroir de salle de bain au design d\u00e9coratif et d\u00e9coration int\u00e9gr\u00e9e. Lumi\u00e8re d&rsquo;ambiance et bordure d\u00e9corative, id\u00e9ale pour s&rsquo;harmoniser avec les accessoires de salle de bain. Lumi\u00e8re naturelle 4000K. Puissance : 20 W, flux lumineux : 820 lumens. Indice de protection : IP44. Impact environnemental possible.<\/p>\n","protected":false},"excerpt":{"rendered":"<p>Miroir de salle de bain au design d\u00e9coratif et d\u00e9coration int\u00e9gr\u00e9e. Lumi\u00e8re d&rsquo;ambiance et bordure d\u00e9corative, id\u00e9ale pour s&rsquo;harmoniser avec les accessoires de salle de bain. Lumi\u00e8re naturelle 4000K. Puissance : 20 W, flux lumineux : 820 lumens. Indice de protection : IP44. Impact environnemental possible.<\/p>\n","protected":false},"featured_media":12214,"comment_status":"closed","ping_status":"open","template":"","meta":{"_acf_changed":false},"product_brand":[698],"product_cat":[452],"product_tag":[],"class_list":{"0":"post-52949","1":"product","2":"type-product","3":"status-publish","4":"has-post-thumbnail","6":"product_brand-espejos","7":"product_cat-accesorios","8":"product_shipping_class-t20","9":"pa_colores-noir","10":"pa_medidas-488","12":"first","13":"instock","14":"purchasable","15":"product-type-simple"},"acf":[],"_links":{"self":[{"href":"https:\/\/mapau.es\/fr\/wp-json\/wp\/v2\/product\/52949","targetHints":{"allow":["GET"]}}],"collection":[{"href":"https:\/\/mapau.es\/fr\/wp-json\/wp\/v2\/product"}],"about":[{"href":"https:\/\/mapau.es\/fr\/wp-json\/wp\/v2\/types\/product"}],"replies":[{"embeddable":true,"href":"https:\/\/mapau.es\/fr\/wp-json\/wp\/v2\/comments?post=52949"}],"wp:featuredmedia":[{"embeddable":true,"href":"https:\/\/mapau.es\/fr\/wp-json\/wp\/v2\/media\/12214"}],"wp:attachment":[{"href":"https:\/\/mapau.es\/fr\/wp-json\/wp\/v2\/media?parent=52949"}],"wp:term":[{"taxonomy":"product_brand","embeddable":true,"href":"https:\/\/mapau.es\/fr\/wp-json\/wp\/v2\/product_brand?post=52949"},{"taxonomy":"product_cat","embeddable":true,"href":"https:\/\/mapau.es\/fr\/wp-json\/wp\/v2\/product_cat?post=52949"},{"taxonomy":"product_tag","embeddable":true,"href":"https:\/\/mapau.es\/fr\/wp-json\/wp\/v2\/product_tag?post=52949"}],"curies":[{"name":"wp","href":"https:\/\/api.w.org\/{rel}","templated":true}]}}