{"id":52951,"date":"2022-07-04T14:13:00","date_gmt":"2022-07-04T12:13:00","guid":{"rendered":"https:\/\/mapau.es\/producto\/estructura-inodoro-suspendido-2\/"},"modified":"2026-03-30T17:05:35","modified_gmt":"2026-03-30T15:05:35","slug":"estructura-inodoro-suspendido-2","status":"publish","type":"product","link":"https:\/\/mapau.es\/fr\/producto\/estructura-inodoro-suspendido-2\/","title":{"rendered":"Structure des toilettes suspendues"},"content":{"rendered":"<p>WC suspendu B\u00e2ti-WC. WC pr\u00e9-install\u00e9, laque bleue. Hauteur r\u00e9glable jusqu&rsquo;\u00e0 200 mm. Kit de fixation et notice de montage inclus.<\/p>\n","protected":false},"excerpt":{"rendered":"<p>WC suspendu B\u00e2ti-WC. WC pr\u00e9-install\u00e9, laque bleue. Hauteur r\u00e9glable jusqu&rsquo;\u00e0 200 mm. Kit de fixation et notice de montage inclus.<\/p>\n","protected":false},"featured_media":12200,"comment_status":"closed","ping_status":"open","template":"","meta":{"_acf_changed":false},"product_brand":[697],"product_cat":[452],"product_tag":[],"class_list":{"0":"post-52951","1":"product","2":"type-product","3":"status-publish","4":"has-post-thumbnail","6":"product_brand-inodoro","7":"product_cat-accesorios","8":"product_shipping_class-t20","9":"pa_color-blanc","11":"first","12":"instock","13":"purchasable","14":"product-type-simple"},"acf":[],"_links":{"self":[{"href":"https:\/\/mapau.es\/fr\/wp-json\/wp\/v2\/product\/52951","targetHints":{"allow":["GET"]}}],"collection":[{"href":"https:\/\/mapau.es\/fr\/wp-json\/wp\/v2\/product"}],"about":[{"href":"https:\/\/mapau.es\/fr\/wp-json\/wp\/v2\/types\/product"}],"replies":[{"embeddable":true,"href":"https:\/\/mapau.es\/fr\/wp-json\/wp\/v2\/comments?post=52951"}],"wp:featuredmedia":[{"embeddable":true,"href":"https:\/\/mapau.es\/fr\/wp-json\/wp\/v2\/media\/12200"}],"wp:attachment":[{"href":"https:\/\/mapau.es\/fr\/wp-json\/wp\/v2\/media?parent=52951"}],"wp:term":[{"taxonomy":"product_brand","embeddable":true,"href":"https:\/\/mapau.es\/fr\/wp-json\/wp\/v2\/product_brand?post=52951"},{"taxonomy":"product_cat","embeddable":true,"href":"https:\/\/mapau.es\/fr\/wp-json\/wp\/v2\/product_cat?post=52951"},{"taxonomy":"product_tag","embeddable":true,"href":"https:\/\/mapau.es\/fr\/wp-json\/wp\/v2\/product_tag?post=52951"}],"curies":[{"name":"wp","href":"https:\/\/api.w.org\/{rel}","templated":true}]}}