{"id":52953,"date":"2022-07-04T14:13:00","date_gmt":"2022-07-04T12:13:00","guid":{"rendered":"https:\/\/mapau.es\/producto\/inodoro-sein-suspendido-negro-mate-2\/"},"modified":"2026-03-30T17:05:35","modified_gmt":"2026-03-30T15:05:35","slug":"inodoro-sein-suspendido-negro-mate-2","status":"publish","type":"product","link":"https:\/\/mapau.es\/fr\/producto\/inodoro-sein-suspendido-negro-mate-2\/","title":{"rendered":"WC suspendu Sein, noir mat"},"content":{"rendered":"<p>WC suspendu pour r\u00e9servoir encastr\u00e9. La double bouteille d&rsquo;eau (3 L &#8211; 4,5 L) assure une consommation d&rsquo;eau optimale et \u00e9conomique. Le siphon interne est enti\u00e8rement \u00e9maill\u00e9, garantissant un \u00e9coulement fluide et une \u00e9tanch\u00e9it\u00e9 parfaite. La surface est trait\u00e9e antibact\u00e9rienne pour une hygi\u00e8ne renforc\u00e9e. Les bases de l&rsquo;abattant sont faciles \u00e0 monter et \u00e0 d\u00e9monter\u00a0: une simple rotation suffit pour changer la position et un simple d\u00e9placement du filet suffit. L&rsquo;abattant est \u00e9quip\u00e9 d&rsquo;un syst\u00e8me d&rsquo;absorption des chocs. L&rsquo;absence de bride facilite le nettoyage et \u00e9limine les interstices. Le support pour WC suspendu est vendu s\u00e9par\u00e9ment.<\/p>\n","protected":false},"excerpt":{"rendered":"<p>WC suspendu pour r\u00e9servoir encastr\u00e9. La double bouteille d&rsquo;eau (3 L &#8211; 4,5 L) assure une consommation d&rsquo;eau optimale et \u00e9conomique. Le siphon interne est enti\u00e8rement \u00e9maill\u00e9, garantissant un \u00e9coulement fluide et une \u00e9tanch\u00e9it\u00e9 parfaite. La surface est trait\u00e9e antibact\u00e9rienne pour une hygi\u00e8ne renforc\u00e9e. Les bases de l&rsquo;abattant sont faciles \u00e0 monter et \u00e0 d\u00e9monter\u00a0: &hellip; <a href=\"https:\/\/mapau.es\/fr\/producto\/inodoro-sein-suspendido-negro-mate-2\/\">Continued<\/a><\/p>\n","protected":false},"featured_media":12188,"comment_status":"closed","ping_status":"open","template":"","meta":{"_acf_changed":false},"product_brand":[697],"product_cat":[452],"product_tag":[],"class_list":{"0":"post-52953","1":"product","2":"type-product","3":"status-publish","4":"has-post-thumbnail","6":"product_brand-inodoro","7":"product_cat-accesorios","8":"product_shipping_class-t20","10":"first","11":"instock","12":"purchasable","13":"product-type-simple"},"acf":[],"_links":{"self":[{"href":"https:\/\/mapau.es\/fr\/wp-json\/wp\/v2\/product\/52953","targetHints":{"allow":["GET"]}}],"collection":[{"href":"https:\/\/mapau.es\/fr\/wp-json\/wp\/v2\/product"}],"about":[{"href":"https:\/\/mapau.es\/fr\/wp-json\/wp\/v2\/types\/product"}],"replies":[{"embeddable":true,"href":"https:\/\/mapau.es\/fr\/wp-json\/wp\/v2\/comments?post=52953"}],"wp:featuredmedia":[{"embeddable":true,"href":"https:\/\/mapau.es\/fr\/wp-json\/wp\/v2\/media\/12188"}],"wp:attachment":[{"href":"https:\/\/mapau.es\/fr\/wp-json\/wp\/v2\/media?parent=52953"}],"wp:term":[{"taxonomy":"product_brand","embeddable":true,"href":"https:\/\/mapau.es\/fr\/wp-json\/wp\/v2\/product_brand?post=52953"},{"taxonomy":"product_cat","embeddable":true,"href":"https:\/\/mapau.es\/fr\/wp-json\/wp\/v2\/product_cat?post=52953"},{"taxonomy":"product_tag","embeddable":true,"href":"https:\/\/mapau.es\/fr\/wp-json\/wp\/v2\/product_tag?post=52953"}],"curies":[{"name":"wp","href":"https:\/\/api.w.org\/{rel}","templated":true}]}}