{"id":52956,"date":"2022-07-04T14:13:00","date_gmt":"2022-07-04T12:13:00","guid":{"rendered":"https:\/\/mapau.es\/producto\/inodoro-sein-compacto-blanco-brillo-2\/"},"modified":"2026-03-30T17:05:36","modified_gmt":"2026-03-30T15:05:36","slug":"inodoro-sein-compacto-blanco-brillo-2","status":"publish","type":"product","link":"https:\/\/mapau.es\/fr\/producto\/inodoro-sein-compacto-blanco-brillo-2\/","title":{"rendered":"Toilettes compactes Sein, blanc brillant"},"content":{"rendered":"<p>WC sur pied compact pour r\u00e9servoir encastr\u00e9. La double bouteille d&rsquo;eau (3 L &#8211; 4,5 L) assure une consommation d&rsquo;eau optimale et \u00e9conomique. Le siphon interne est enti\u00e8rement \u00e9maill\u00e9, garantissant un \u00e9coulement fluide et une \u00e9tanch\u00e9it\u00e9 parfaite. La surface b\u00e9n\u00e9ficie d&rsquo;un traitement antibact\u00e9rien pour une hygi\u00e8ne renforc\u00e9e. Les chargeurs \u00e0 batterie sont faciles \u00e0 monter et \u00e0 d\u00e9monter\u00a0: une simple rotation suffit pour le d\u00e9montage et une autre pour le d\u00e9montage. La batterie est \u00e9quip\u00e9e d&rsquo;un syst\u00e8me d&rsquo;absorption des chocs. L&rsquo;absence de bride garantit un nettoyage facile et sans pi\u00e8ces.<\/p>\n","protected":false},"excerpt":{"rendered":"<p>WC sur pied compact pour r\u00e9servoir encastr\u00e9. La double bouteille d&rsquo;eau (3 L &#8211; 4,5 L) assure une consommation d&rsquo;eau optimale et \u00e9conomique. Le siphon interne est enti\u00e8rement \u00e9maill\u00e9, garantissant un \u00e9coulement fluide et une \u00e9tanch\u00e9it\u00e9 parfaite. La surface b\u00e9n\u00e9ficie d&rsquo;un traitement antibact\u00e9rien pour une hygi\u00e8ne renforc\u00e9e. Les chargeurs \u00e0 batterie sont faciles \u00e0 monter &hellip; <a href=\"https:\/\/mapau.es\/fr\/producto\/inodoro-sein-compacto-blanco-brillo-2\/\">Continued<\/a><\/p>\n","protected":false},"featured_media":12178,"comment_status":"closed","ping_status":"open","template":"","meta":{"_acf_changed":false},"product_brand":[697],"product_cat":[452],"product_tag":[],"class_list":{"0":"post-52956","1":"product","2":"type-product","3":"status-publish","4":"has-post-thumbnail","6":"product_brand-inodoro","7":"product_cat-accesorios","8":"product_shipping_class-t20","9":"pa_color-blanc","11":"first","12":"instock","13":"purchasable","14":"product-type-simple"},"acf":[],"_links":{"self":[{"href":"https:\/\/mapau.es\/fr\/wp-json\/wp\/v2\/product\/52956","targetHints":{"allow":["GET"]}}],"collection":[{"href":"https:\/\/mapau.es\/fr\/wp-json\/wp\/v2\/product"}],"about":[{"href":"https:\/\/mapau.es\/fr\/wp-json\/wp\/v2\/types\/product"}],"replies":[{"embeddable":true,"href":"https:\/\/mapau.es\/fr\/wp-json\/wp\/v2\/comments?post=52956"}],"wp:featuredmedia":[{"embeddable":true,"href":"https:\/\/mapau.es\/fr\/wp-json\/wp\/v2\/media\/12178"}],"wp:attachment":[{"href":"https:\/\/mapau.es\/fr\/wp-json\/wp\/v2\/media?parent=52956"}],"wp:term":[{"taxonomy":"product_brand","embeddable":true,"href":"https:\/\/mapau.es\/fr\/wp-json\/wp\/v2\/product_brand?post=52956"},{"taxonomy":"product_cat","embeddable":true,"href":"https:\/\/mapau.es\/fr\/wp-json\/wp\/v2\/product_cat?post=52956"},{"taxonomy":"product_tag","embeddable":true,"href":"https:\/\/mapau.es\/fr\/wp-json\/wp\/v2\/product_tag?post=52956"}],"curies":[{"name":"wp","href":"https:\/\/api.w.org\/{rel}","templated":true}]}}