{"id":52961,"date":"2022-04-04T07:23:13","date_gmt":"2022-04-04T05:23:13","guid":{"rendered":"https:\/\/mapau.es\/producto\/pack-obiou-lavabo-espejo-led-2\/"},"modified":"2026-03-30T17:16:06","modified_gmt":"2026-03-30T15:16:06","slug":"pack-obiou-lavabo-espejo-led-2","status":"publish","type":"product","link":"https:\/\/mapau.es\/fr\/producto\/pack-obiou-lavabo-espejo-led-2\/","title":{"rendered":"Pack OBIOU + vasque + miroir LED"},"content":{"rendered":"<p>Ensemble de salle de bains comprenant un meuble suspendu, un lavabo et un miroir. Meuble vasque suspendu en panneaux de particules m\u00e9lamin\u00e9s de 19 mm, comprenant un tiroir \u00e0 extension compl\u00e8te avec fermeture amortie et une \u00e9tag\u00e8re d\u00e9corative. Vasque \u00e0 poser en c\u00e9ramique blanc brillant incluse.  Meuble pr\u00e9par\u00e9 pour recevoir le robinet au mur. Comprend un miroir rectangulaire avec \u00e9clairage LED, IP44, 9,6 W, 8800 lm, temp\u00e9rature de lumi\u00e8re 6000 K. Les meubles sont livr\u00e9s assembl\u00e9s, pr\u00eats \u00e0 \u00eatre accroch\u00e9s au mur. Un kit de montage du meuble est inclus. Robinet et siphon non inclus. Fabriqu\u00e9 en Espagne.<\/p>\n","protected":false},"excerpt":{"rendered":"<p>Ensemble de salle de bains comprenant un meuble suspendu, un lavabo et un miroir. Meuble vasque suspendu en panneaux de particules m\u00e9lamin\u00e9s de 19 mm, comprenant un tiroir \u00e0 extension compl\u00e8te avec fermeture amortie et une \u00e9tag\u00e8re d\u00e9corative. Vasque \u00e0 poser en c\u00e9ramique blanc brillant incluse. Meuble pr\u00e9par\u00e9 pour recevoir le robinet au mur. Comprend &hellip; <a href=\"https:\/\/mapau.es\/fr\/producto\/pack-obiou-lavabo-espejo-led-2\/\">Continued<\/a><\/p>\n","protected":false},"featured_media":49620,"comment_status":"closed","ping_status":"open","template":"","meta":{"_acf_changed":false},"product_brand":[696],"product_cat":[664],"product_tag":[],"class_list":{"0":"post-52961","1":"product","2":"type-product","3":"status-publish","4":"has-post-thumbnail","6":"product_brand-obiou","7":"product_cat-meubles-de-salle-de-bain","8":"pa_caracteristicas-2-tiroirs","9":"pa_caracteristicas-1-tiroir","10":"pa_colores-blanc","11":"pa_colores-cendre","12":"pa_colores-chene-de-bardolino","13":"pa_colores-chene-noir-de-jais","14":"pa_colores-noyer","15":"pa_medidas-480","16":"pa_medidas-481","17":"pa_medidas-489","18":"pa_medidas-485","20":"first","21":"instock","22":"purchasable","23":"product-type-variable"},"acf":[],"_links":{"self":[{"href":"https:\/\/mapau.es\/fr\/wp-json\/wp\/v2\/product\/52961","targetHints":{"allow":["GET"]}}],"collection":[{"href":"https:\/\/mapau.es\/fr\/wp-json\/wp\/v2\/product"}],"about":[{"href":"https:\/\/mapau.es\/fr\/wp-json\/wp\/v2\/types\/product"}],"replies":[{"embeddable":true,"href":"https:\/\/mapau.es\/fr\/wp-json\/wp\/v2\/comments?post=52961"}],"wp:featuredmedia":[{"embeddable":true,"href":"https:\/\/mapau.es\/fr\/wp-json\/wp\/v2\/media\/49620"}],"wp:attachment":[{"href":"https:\/\/mapau.es\/fr\/wp-json\/wp\/v2\/media?parent=52961"}],"wp:term":[{"taxonomy":"product_brand","embeddable":true,"href":"https:\/\/mapau.es\/fr\/wp-json\/wp\/v2\/product_brand?post=52961"},{"taxonomy":"product_cat","embeddable":true,"href":"https:\/\/mapau.es\/fr\/wp-json\/wp\/v2\/product_cat?post=52961"},{"taxonomy":"product_tag","embeddable":true,"href":"https:\/\/mapau.es\/fr\/wp-json\/wp\/v2\/product_tag?post=52961"}],"curies":[{"name":"wp","href":"https:\/\/api.w.org\/{rel}","templated":true}]}}