{"id":52962,"date":"2022-04-04T07:22:33","date_gmt":"2022-04-04T05:22:33","guid":{"rendered":"https:\/\/mapau.es\/producto\/pack-ossau-2-cajones-lavabo-espejo-led-2\/"},"modified":"2026-03-30T17:16:06","modified_gmt":"2026-03-30T15:16:06","slug":"pack-ossau-2-cajones-lavabo-espejo-led-2","status":"publish","type":"product","link":"https:\/\/mapau.es\/fr\/producto\/pack-ossau-2-cajones-lavabo-espejo-led-2\/","title":{"rendered":"Pack OSSAU : 2 placards + lavabo + miroir LED"},"content":{"rendered":"<p>Ensemble de salle de bains comprenant un meuble suspendu, un lavabo et un miroir. Meuble sous-vasque suspendu en panneaux de particules stratifi\u00e9s de 19 mm, compos\u00e9 d&rsquo;un tiroir enti\u00e8rement extensible avec m\u00e9canisme de fermeture amortie. Ouverture par poign\u00e9e au profil blanc mat. Comprend une double vasque en c\u00e9ramique blanc brillant. Robinetterie int\u00e9gr\u00e9e. Miroir rectangulaire avec \u00e9clairage LED int\u00e9gr\u00e9 (IP44, 14,4 W, 1 320 lm, temp\u00e9rature de couleur 6 000 K).    Les meubles sont livr\u00e9s assembl\u00e9s, pr\u00eats \u00e0 \u00eatre accroch\u00e9s au mur. Un kit de montage du meuble est inclus. Robinet et siphon non inclus. Fabriqu\u00e9 en Espagne.<\/p>\n","protected":false},"excerpt":{"rendered":"<p>Ensemble de salle de bains comprenant un meuble suspendu, un lavabo et un miroir. Meuble sous-vasque suspendu en panneaux de particules stratifi\u00e9s de 19 mm, compos\u00e9 d&rsquo;un tiroir enti\u00e8rement extensible avec m\u00e9canisme de fermeture amortie. Ouverture par poign\u00e9e au profil blanc mat. Comprend une double vasque en c\u00e9ramique blanc brillant. Robinetterie int\u00e9gr\u00e9e. Miroir rectangulaire avec &hellip; <a href=\"https:\/\/mapau.es\/fr\/producto\/pack-ossau-2-cajones-lavabo-espejo-led-2\/\">Continued<\/a><\/p>\n","protected":false},"featured_media":49574,"comment_status":"closed","ping_status":"open","template":"","meta":{"_acf_changed":false},"product_brand":[695],"product_cat":[664],"product_tag":[],"class_list":{"0":"post-52962","1":"product","2":"type-product","3":"status-publish","4":"has-post-thumbnail","6":"product_brand-ossau","7":"product_cat-meubles-de-salle-de-bain","8":"pa_caracteristicas-2-tiroirs","9":"pa_colores-blanc","10":"pa_colores-cendre","11":"pa_colores-chene-de-bardolino","12":"pa_colores-chene-noir-de-jais","13":"pa_colores-noyer","14":"pa_medidas-480","15":"pa_medidas-481","16":"pa_medidas-485","18":"first","19":"instock","20":"purchasable","21":"product-type-variable"},"acf":[],"_links":{"self":[{"href":"https:\/\/mapau.es\/fr\/wp-json\/wp\/v2\/product\/52962","targetHints":{"allow":["GET"]}}],"collection":[{"href":"https:\/\/mapau.es\/fr\/wp-json\/wp\/v2\/product"}],"about":[{"href":"https:\/\/mapau.es\/fr\/wp-json\/wp\/v2\/types\/product"}],"replies":[{"embeddable":true,"href":"https:\/\/mapau.es\/fr\/wp-json\/wp\/v2\/comments?post=52962"}],"wp:featuredmedia":[{"embeddable":true,"href":"https:\/\/mapau.es\/fr\/wp-json\/wp\/v2\/media\/49574"}],"wp:attachment":[{"href":"https:\/\/mapau.es\/fr\/wp-json\/wp\/v2\/media?parent=52962"}],"wp:term":[{"taxonomy":"product_brand","embeddable":true,"href":"https:\/\/mapau.es\/fr\/wp-json\/wp\/v2\/product_brand?post=52962"},{"taxonomy":"product_cat","embeddable":true,"href":"https:\/\/mapau.es\/fr\/wp-json\/wp\/v2\/product_cat?post=52962"},{"taxonomy":"product_tag","embeddable":true,"href":"https:\/\/mapau.es\/fr\/wp-json\/wp\/v2\/product_tag?post=52962"}],"curies":[{"name":"wp","href":"https:\/\/api.w.org\/{rel}","templated":true}]}}