{"id":52963,"date":"2022-04-04T07:21:51","date_gmt":"2022-04-04T05:21:51","guid":{"rendered":"https:\/\/mapau.es\/producto\/pack-ossau-lavabo-espejo-led-2\/"},"modified":"2026-03-30T17:16:17","modified_gmt":"2026-03-30T15:16:17","slug":"pack-ossau-lavabo-espejo-led-2","status":"publish","type":"product","link":"https:\/\/mapau.es\/fr\/producto\/pack-ossau-lavabo-espejo-led-2\/","title":{"rendered":"Pack OSSAU + vasque + miroir LED"},"content":{"rendered":"<p>Ensemble de salle de bains comprenant un meuble suspendu, un lavabo et un miroir. Meuble sous-vasque suspendu en panneaux de particules stratifi\u00e9s de 19 mm, compos\u00e9 d&rsquo;un tiroir enti\u00e8rement extensible avec m\u00e9canisme de fermeture amortie. Ouverture par poign\u00e9e au profil blanc mat. Comprend une vasque en c\u00e9ramique \u00e0 la finition blanche brillante. Robinetterie fix\u00e9e sur la vasque.   Comprend un miroir rectangulaire avec \u00e9clairage LED, IP44, 9,6 W, 8800 lm, temp\u00e9rature de lumi\u00e8re 6000 K. Les meubles sont livr\u00e9s assembl\u00e9s, pr\u00eats \u00e0 \u00eatre accroch\u00e9s au mur. Un kit de montage du meuble est inclus. Robinet et siphon non inclus. Fabriqu\u00e9 en Espagne.<\/p>\n","protected":false},"excerpt":{"rendered":"<p>Ensemble de salle de bains comprenant un meuble suspendu, un lavabo et un miroir. Meuble sous-vasque suspendu en panneaux de particules stratifi\u00e9s de 19 mm, compos\u00e9 d&rsquo;un tiroir enti\u00e8rement extensible avec m\u00e9canisme de fermeture amortie. Ouverture par poign\u00e9e au profil blanc mat. Comprend une vasque en c\u00e9ramique \u00e0 la finition blanche brillante. Robinetterie fix\u00e9e sur &hellip; <a href=\"https:\/\/mapau.es\/fr\/producto\/pack-ossau-lavabo-espejo-led-2\/\">Continued<\/a><\/p>\n","protected":false},"featured_media":49528,"comment_status":"closed","ping_status":"open","template":"","meta":{"_acf_changed":false},"product_brand":[695],"product_cat":[664],"product_tag":[],"class_list":{"0":"post-52963","1":"product","2":"type-product","3":"status-publish","4":"has-post-thumbnail","6":"product_brand-ossau","7":"product_cat-meubles-de-salle-de-bain","8":"pa_caracteristicas-1-tiroir","9":"pa_colores-blanc","10":"pa_colores-cendre","11":"pa_colores-chene-de-bardolino","12":"pa_colores-chene-noir-de-jais","13":"pa_colores-noyer","14":"pa_medidas-480","15":"pa_medidas-481","16":"pa_medidas-485","18":"first","19":"instock","20":"purchasable","21":"product-type-variable"},"acf":[],"_links":{"self":[{"href":"https:\/\/mapau.es\/fr\/wp-json\/wp\/v2\/product\/52963","targetHints":{"allow":["GET"]}}],"collection":[{"href":"https:\/\/mapau.es\/fr\/wp-json\/wp\/v2\/product"}],"about":[{"href":"https:\/\/mapau.es\/fr\/wp-json\/wp\/v2\/types\/product"}],"replies":[{"embeddable":true,"href":"https:\/\/mapau.es\/fr\/wp-json\/wp\/v2\/comments?post=52963"}],"wp:featuredmedia":[{"embeddable":true,"href":"https:\/\/mapau.es\/fr\/wp-json\/wp\/v2\/media\/49528"}],"wp:attachment":[{"href":"https:\/\/mapau.es\/fr\/wp-json\/wp\/v2\/media?parent=52963"}],"wp:term":[{"taxonomy":"product_brand","embeddable":true,"href":"https:\/\/mapau.es\/fr\/wp-json\/wp\/v2\/product_brand?post=52963"},{"taxonomy":"product_cat","embeddable":true,"href":"https:\/\/mapau.es\/fr\/wp-json\/wp\/v2\/product_cat?post=52963"},{"taxonomy":"product_tag","embeddable":true,"href":"https:\/\/mapau.es\/fr\/wp-json\/wp\/v2\/product_tag?post=52963"}],"curies":[{"name":"wp","href":"https:\/\/api.w.org\/{rel}","templated":true}]}}