{"id":52964,"date":"2022-04-04T07:21:51","date_gmt":"2022-04-04T05:21:51","guid":{"rendered":"https:\/\/mapau.es\/producto\/pack-saleve-lavabo-espejo-led-2\/"},"modified":"2026-04-22T13:07:21","modified_gmt":"2026-04-22T11:07:21","slug":"pack-saleve-lavabo-espejo-led-2","status":"publish","type":"product","link":"https:\/\/mapau.es\/fr\/producto\/pack-saleve-lavabo-espejo-led-2\/","title":{"rendered":"Pack SALEVE + vasque + miroir LED"},"content":{"rendered":"<p>Ensemble de salle de bains comprenant un meuble suspendu, un lavabo et un miroir. Meuble vasque suspendu en panneaux de particules stratifi\u00e9s de 19 mm, compos\u00e9 de deux portes avec une ouverture en porte-\u00e0-faux en partie basse. Comprend un lavabo de comptoir en c\u00e9ramique avec une finition blanche brillante. Comprend un miroir rectangulaire avec \u00e9clairage LED, IP44, 9,6 W, 8800 lm, temp\u00e9rature de lumi\u00e8re 6000 K. Les meubles sont livr\u00e9s assembl\u00e9s, pr\u00eats \u00e0 \u00eatre accroch\u00e9s au mur. Un kit de montage du meuble est inclus. Robinet et siphon non inclus. Fabriqu\u00e9 en Espagne.<\/p>\n","protected":false},"excerpt":{"rendered":"<p>Ensemble de salle de bains comprenant un meuble suspendu, un lavabo et un miroir. Meuble vasque suspendu en panneaux de particules stratifi\u00e9s de 19 mm, compos\u00e9 de deux portes avec une ouverture en porte-\u00e0-faux en partie basse. Comprend un lavabo de comptoir en c\u00e9ramique avec une finition blanche brillante. Comprend un miroir rectangulaire avec \u00e9clairage &hellip; <a href=\"https:\/\/mapau.es\/fr\/producto\/pack-saleve-lavabo-espejo-led-2\/\">Continued<\/a><\/p>\n","protected":false},"featured_media":49497,"comment_status":"closed","ping_status":"open","template":"","meta":{"_acf_changed":false},"product_brand":[694],"product_cat":[664],"product_tag":[],"class_list":{"0":"post-52964","1":"product","2":"type-product","3":"status-publish","4":"has-post-thumbnail","6":"product_brand-saleve","7":"product_cat-meubles-de-salle-de-bain","8":"pa_caracteristicas-portes","9":"pa_colores-blanc","10":"pa_colores-cendre","11":"pa_colores-chene-de-bardolino","12":"pa_colores-chene-noir-de-jais","13":"pa_colores-noyer","14":"pa_medidas-481","15":"pa_medidas-485","17":"first","18":"instock","19":"purchasable","20":"product-type-variable"},"acf":[],"_links":{"self":[{"href":"https:\/\/mapau.es\/fr\/wp-json\/wp\/v2\/product\/52964","targetHints":{"allow":["GET"]}}],"collection":[{"href":"https:\/\/mapau.es\/fr\/wp-json\/wp\/v2\/product"}],"about":[{"href":"https:\/\/mapau.es\/fr\/wp-json\/wp\/v2\/types\/product"}],"replies":[{"embeddable":true,"href":"https:\/\/mapau.es\/fr\/wp-json\/wp\/v2\/comments?post=52964"}],"wp:featuredmedia":[{"embeddable":true,"href":"https:\/\/mapau.es\/fr\/wp-json\/wp\/v2\/media\/49497"}],"wp:attachment":[{"href":"https:\/\/mapau.es\/fr\/wp-json\/wp\/v2\/media?parent=52964"}],"wp:term":[{"taxonomy":"product_brand","embeddable":true,"href":"https:\/\/mapau.es\/fr\/wp-json\/wp\/v2\/product_brand?post=52964"},{"taxonomy":"product_cat","embeddable":true,"href":"https:\/\/mapau.es\/fr\/wp-json\/wp\/v2\/product_cat?post=52964"},{"taxonomy":"product_tag","embeddable":true,"href":"https:\/\/mapau.es\/fr\/wp-json\/wp\/v2\/product_tag?post=52964"}],"curies":[{"name":"wp","href":"https:\/\/api.w.org\/{rel}","templated":true}]}}