{"id":52965,"date":"2022-04-04T07:21:13","date_gmt":"2022-04-04T05:21:13","guid":{"rendered":"https:\/\/mapau.es\/producto\/pack-stello-2-cajones-lavabo-espejo-led-2\/"},"modified":"2026-03-30T17:16:29","modified_gmt":"2026-03-30T15:16:29","slug":"pack-stello-2-cajones-lavabo-espejo-led-2","status":"publish","type":"product","link":"https:\/\/mapau.es\/fr\/producto\/pack-stello-2-cajones-lavabo-espejo-led-2\/","title":{"rendered":"Pack STELLO : 2 placards + lavabo + miroir LED"},"content":{"rendered":"<p>Ensemble de salle de bains comprenant un meuble suspendu, un lavabo et un miroir. Meuble-lavabo suspendu en panneaux de particules stratifi\u00e9s de 19 mm, compos\u00e9 de deux tiroirs \u00e0 extension compl\u00e8te et fermeture amortie. Ouverture par poign\u00e9e avec finition profil\u00e9e blanc mat. Comprend un double \u00e9vier en c\u00e9ramique finition blanc brillant. Robinet plac\u00e9 au-dessus de l&rsquo;\u00e9vier. Comprend un miroir rectangulaire avec \u00e9clairage LED, IP44, 14,4 W, 1320 lm, temp\u00e9rature de lumi\u00e8re 6000 K. Les meubles sont livr\u00e9s assembl\u00e9s, pr\u00eats \u00e0 \u00eatre accroch\u00e9s au mur. Un kit de montage du meuble est inclus. Robinet et siphon non inclus. Fabriqu\u00e9 en Espagne.<\/p>\n","protected":false},"excerpt":{"rendered":"<p>Ensemble de salle de bains comprenant un meuble suspendu, un lavabo et un miroir. Meuble-lavabo suspendu en panneaux de particules stratifi\u00e9s de 19 mm, compos\u00e9 de deux tiroirs \u00e0 extension compl\u00e8te et fermeture amortie. Ouverture par poign\u00e9e avec finition profil\u00e9e blanc mat. Comprend un double \u00e9vier en c\u00e9ramique finition blanc brillant. Robinet plac\u00e9 au-dessus de &hellip; <a href=\"https:\/\/mapau.es\/fr\/producto\/pack-stello-2-cajones-lavabo-espejo-led-2\/\">Continued<\/a><\/p>\n","protected":false},"featured_media":49451,"comment_status":"closed","ping_status":"open","template":"","meta":{"_acf_changed":false},"product_brand":[693],"product_cat":[664],"product_tag":[],"class_list":{"0":"post-52965","1":"product","2":"type-product","3":"status-publish","4":"has-post-thumbnail","6":"product_brand-stello","7":"product_cat-meubles-de-salle-de-bain","8":"pa_caracteristicas-2-tiroirs","9":"pa_colores-blanc","10":"pa_colores-cendre","11":"pa_colores-chene-de-bardolino","12":"pa_colores-chene-noir-de-jais","13":"pa_colores-noyer","14":"pa_medidas-480","15":"pa_medidas-481","16":"pa_medidas-485","18":"first","19":"instock","20":"purchasable","21":"product-type-variable"},"acf":[],"_links":{"self":[{"href":"https:\/\/mapau.es\/fr\/wp-json\/wp\/v2\/product\/52965","targetHints":{"allow":["GET"]}}],"collection":[{"href":"https:\/\/mapau.es\/fr\/wp-json\/wp\/v2\/product"}],"about":[{"href":"https:\/\/mapau.es\/fr\/wp-json\/wp\/v2\/types\/product"}],"replies":[{"embeddable":true,"href":"https:\/\/mapau.es\/fr\/wp-json\/wp\/v2\/comments?post=52965"}],"wp:featuredmedia":[{"embeddable":true,"href":"https:\/\/mapau.es\/fr\/wp-json\/wp\/v2\/media\/49451"}],"wp:attachment":[{"href":"https:\/\/mapau.es\/fr\/wp-json\/wp\/v2\/media?parent=52965"}],"wp:term":[{"taxonomy":"product_brand","embeddable":true,"href":"https:\/\/mapau.es\/fr\/wp-json\/wp\/v2\/product_brand?post=52965"},{"taxonomy":"product_cat","embeddable":true,"href":"https:\/\/mapau.es\/fr\/wp-json\/wp\/v2\/product_cat?post=52965"},{"taxonomy":"product_tag","embeddable":true,"href":"https:\/\/mapau.es\/fr\/wp-json\/wp\/v2\/product_tag?post=52965"}],"curies":[{"name":"wp","href":"https:\/\/api.w.org\/{rel}","templated":true}]}}