{"id":52968,"date":"2022-04-04T07:19:58","date_gmt":"2022-04-04T05:19:58","guid":{"rendered":"https:\/\/mapau.es\/producto\/pack-montet-lavabo-negro-espejo-redondo-led-2\/"},"modified":"2026-03-30T17:17:03","modified_gmt":"2026-03-30T15:17:03","slug":"pack-montet-lavabo-negro-espejo-redondo-led-2","status":"publish","type":"product","link":"https:\/\/mapau.es\/fr\/producto\/pack-montet-lavabo-negro-espejo-redondo-led-2\/","title":{"rendered":"Pack MONTET + lavabo noir + miroir rond avec \u00e9clairage LED"},"content":{"rendered":"<p>Ensemble de salle de bains comprenant un meuble suspendu, un lavabo et un miroir. Meuble sous-vasque suspendu en panneaux de particules stratifi\u00e9s de 19 mm, compos\u00e9 d&rsquo;un tiroir enti\u00e8rement extensible avec m\u00e9canisme de fermeture amortie. Ouverture par poign\u00e9e d\u00e9corative finition noir mat. Comprend un lavabo de comptoir en c\u00e9ramique avec une finition noire mate. Meuble pr\u00e9par\u00e9 pour recevoir le robinet au mur. Comprend un miroir circulaire avec \u00e9clairage LED, IP44, 21,6 W, 1980 lm, temp\u00e9rature de lumi\u00e8re 6000 K. Les meubles sont livr\u00e9s assembl\u00e9s, pr\u00eats \u00e0 \u00eatre accroch\u00e9s au mur. Un kit de montage du meuble est inclus. Robinet et siphon non inclus. Fabriqu\u00e9 en Espagne.<\/p>\n","protected":false},"excerpt":{"rendered":"<p>Ensemble de salle de bains comprenant un meuble suspendu, un lavabo et un miroir. Meuble sous-vasque suspendu en panneaux de particules stratifi\u00e9s de 19 mm, compos\u00e9 d&rsquo;un tiroir enti\u00e8rement extensible avec m\u00e9canisme de fermeture amortie. Ouverture par poign\u00e9e d\u00e9corative finition noir mat. Comprend un lavabo de comptoir en c\u00e9ramique avec une finition noire mate. Meuble &hellip; <a href=\"https:\/\/mapau.es\/fr\/producto\/pack-montet-lavabo-negro-espejo-redondo-led-2\/\">Continued<\/a><\/p>\n","protected":false},"featured_media":41997,"comment_status":"closed","ping_status":"open","template":"","meta":{"_acf_changed":false},"product_brand":[692],"product_cat":[664],"product_tag":[],"class_list":{"0":"post-52968","1":"product","2":"type-product","3":"status-publish","4":"has-post-thumbnail","6":"product_brand-montet","7":"product_cat-meubles-de-salle-de-bain","8":"pa_caracteristicas-1-tiroir","9":"pa_colores-blanc","10":"pa_colores-cendre","11":"pa_colores-chene-de-bardolino","12":"pa_colores-chene-noir-de-jais","13":"pa_colores-noyer","14":"pa_medidas-480","15":"pa_medidas-481","16":"pa_medidas-485","18":"first","19":"instock","20":"purchasable","21":"product-type-variable"},"acf":[],"_links":{"self":[{"href":"https:\/\/mapau.es\/fr\/wp-json\/wp\/v2\/product\/52968","targetHints":{"allow":["GET"]}}],"collection":[{"href":"https:\/\/mapau.es\/fr\/wp-json\/wp\/v2\/product"}],"about":[{"href":"https:\/\/mapau.es\/fr\/wp-json\/wp\/v2\/types\/product"}],"replies":[{"embeddable":true,"href":"https:\/\/mapau.es\/fr\/wp-json\/wp\/v2\/comments?post=52968"}],"wp:featuredmedia":[{"embeddable":true,"href":"https:\/\/mapau.es\/fr\/wp-json\/wp\/v2\/media\/41997"}],"wp:attachment":[{"href":"https:\/\/mapau.es\/fr\/wp-json\/wp\/v2\/media?parent=52968"}],"wp:term":[{"taxonomy":"product_brand","embeddable":true,"href":"https:\/\/mapau.es\/fr\/wp-json\/wp\/v2\/product_brand?post=52968"},{"taxonomy":"product_cat","embeddable":true,"href":"https:\/\/mapau.es\/fr\/wp-json\/wp\/v2\/product_cat?post=52968"},{"taxonomy":"product_tag","embeddable":true,"href":"https:\/\/mapau.es\/fr\/wp-json\/wp\/v2\/product_tag?post=52968"}],"curies":[{"name":"wp","href":"https:\/\/api.w.org\/{rel}","templated":true}]}}