{"id":52970,"date":"2021-12-27T08:04:33","date_gmt":"2021-12-27T07:04:33","guid":{"rendered":"https:\/\/mapau.es\/producto\/pack-lez-lavabo-espejo-foco-led-2\/"},"modified":"2026-03-30T17:17:03","modified_gmt":"2026-03-30T15:17:03","slug":"pack-lez-lavabo-espejo-foco-led-2","status":"publish","type":"product","link":"https:\/\/mapau.es\/fr\/producto\/pack-lez-lavabo-espejo-foco-led-2\/","title":{"rendered":"Pack Lez + lavabo + miroir + projecteur LED"},"content":{"rendered":"<p>Pack salle de bain pour petits espaces comprenant un meuble de salle de bain, un lavabo et un miroir avec \u00e9clairage LED. Meuble vasque de salle de bains en panneaux de particules stratifi\u00e9s de 19 mm, compos\u00e9 de deux tiroirs peu profonds avec m\u00e9canismes de fermeture amortie, extension compl\u00e8te et ouverture par poign\u00e9e centrale. Comprend un lavabo de comptoir en r\u00e9sine blanche brillante. Comprend un miroir avec \u00e9clairage LED, IP65, 8,4 W, 910 lm et temp\u00e9rature de lumi\u00e8re 6000 K. Les meubles sont livr\u00e9s assembl\u00e9s, pr\u00eats \u00e0 \u00eatre accroch\u00e9s au mur. Un kit de montage du meuble est inclus. Robinet et siphon non inclus. Fabriqu\u00e9 en Espagne.<\/p>\n","protected":false},"excerpt":{"rendered":"<p>Pack salle de bain pour petits espaces comprenant un meuble de salle de bain, un lavabo et un miroir avec \u00e9clairage LED. Meuble vasque de salle de bains en panneaux de particules stratifi\u00e9s de 19 mm, compos\u00e9 de deux tiroirs peu profonds avec m\u00e9canismes de fermeture amortie, extension compl\u00e8te et ouverture par poign\u00e9e centrale. Comprend &hellip; <a href=\"https:\/\/mapau.es\/fr\/producto\/pack-lez-lavabo-espejo-foco-led-2\/\">Continued<\/a><\/p>\n","protected":false},"featured_media":41905,"comment_status":"closed","ping_status":"open","template":"","meta":{"_acf_changed":false},"product_brand":[691],"product_cat":[664],"product_tag":[],"class_list":{"0":"post-52970","1":"product","2":"type-product","3":"status-publish","4":"has-post-thumbnail","6":"product_brand-lez","7":"product_cat-meubles-de-salle-de-bain","8":"pa_caracteristicas-2-tiroirs","9":"pa_colores-blanc","10":"pa_colores-cendre","11":"pa_colores-chene-de-bardolino","12":"pa_colores-chene-noir-de-jais","13":"pa_colores-noyer","14":"pa_medidas-486","16":"first","17":"instock","18":"purchasable","19":"product-type-variable"},"acf":[],"_links":{"self":[{"href":"https:\/\/mapau.es\/fr\/wp-json\/wp\/v2\/product\/52970","targetHints":{"allow":["GET"]}}],"collection":[{"href":"https:\/\/mapau.es\/fr\/wp-json\/wp\/v2\/product"}],"about":[{"href":"https:\/\/mapau.es\/fr\/wp-json\/wp\/v2\/types\/product"}],"replies":[{"embeddable":true,"href":"https:\/\/mapau.es\/fr\/wp-json\/wp\/v2\/comments?post=52970"}],"wp:featuredmedia":[{"embeddable":true,"href":"https:\/\/mapau.es\/fr\/wp-json\/wp\/v2\/media\/41905"}],"wp:attachment":[{"href":"https:\/\/mapau.es\/fr\/wp-json\/wp\/v2\/media?parent=52970"}],"wp:term":[{"taxonomy":"product_brand","embeddable":true,"href":"https:\/\/mapau.es\/fr\/wp-json\/wp\/v2\/product_brand?post=52970"},{"taxonomy":"product_cat","embeddable":true,"href":"https:\/\/mapau.es\/fr\/wp-json\/wp\/v2\/product_cat?post=52970"},{"taxonomy":"product_tag","embeddable":true,"href":"https:\/\/mapau.es\/fr\/wp-json\/wp\/v2\/product_tag?post=52970"}],"curies":[{"name":"wp","href":"https:\/\/api.w.org\/{rel}","templated":true}]}}