{"id":52974,"date":"2021-11-19T11:23:31","date_gmt":"2021-11-19T10:23:31","guid":{"rendered":"https:\/\/mapau.es\/producto\/pack-maronne-lavabo-espejo-led-2\/"},"modified":"2026-03-30T17:17:39","modified_gmt":"2026-03-30T15:17:39","slug":"pack-maronne-lavabo-espejo-led-2","status":"publish","type":"product","link":"https:\/\/mapau.es\/fr\/producto\/pack-maronne-lavabo-espejo-led-2\/","title":{"rendered":"Pack MARONNE + vasque + miroir LED"},"content":{"rendered":"<p>Ensemble de salle de bains comprenant un meuble de salle de bains, un lavabo et un miroir avec \u00e9clairage LED. Meuble sous-vasque suspendu en panneaux de particules stratifi\u00e9s de 19 mm, compos\u00e9 de deux tiroirs \u00e0 fermeture amortie, \u00e0 extension compl\u00e8te et \u00e0 ouverture par poign\u00e9e profil\u00e9e. D\u00e9tail du plan de travail blanc et du socle de 38 mm. Comprend un lavabo de comptoir en c\u00e9ramique blanche brillante. Comprend un miroir avec \u00e9clairage LED, IP65, 8,4 W, 910 lm et temp\u00e9rature de lumi\u00e8re 6000 K. Les meubles sont livr\u00e9s assembl\u00e9s, pr\u00eats \u00e0 \u00eatre accroch\u00e9s au mur. Un kit de montage du meuble est inclus. Robinet et siphon non inclus. Fabriqu\u00e9 en Espagne.<\/p>\n","protected":false},"excerpt":{"rendered":"<p>Ensemble de salle de bains comprenant un meuble de salle de bains, un lavabo et un miroir avec \u00e9clairage LED. Meuble sous-vasque suspendu en panneaux de particules stratifi\u00e9s de 19 mm, compos\u00e9 de deux tiroirs \u00e0 fermeture amortie, \u00e0 extension compl\u00e8te et \u00e0 ouverture par poign\u00e9e profil\u00e9e. D\u00e9tail du plan de travail blanc et du &hellip; <a href=\"https:\/\/mapau.es\/fr\/producto\/pack-maronne-lavabo-espejo-led-2\/\">Continued<\/a><\/p>\n","protected":false},"featured_media":41407,"comment_status":"closed","ping_status":"open","template":"","meta":{"_acf_changed":false},"product_brand":[687],"product_cat":[664],"product_tag":[],"class_list":{"0":"post-52974","1":"product","2":"type-product","3":"status-publish","4":"has-post-thumbnail","6":"product_brand-maronne","7":"product_cat-meubles-de-salle-de-bain","8":"pa_caracteristicas-2-tiroirs","9":"pa_colores-blanc","10":"pa_colores-cendre","11":"pa_colores-chene-de-bardolino","12":"pa_colores-chene-noir-de-jais","13":"pa_colores-noyer","14":"pa_medidas-100-cm","15":"pa_medidas-120-cm","16":"pa_medidas-80-cm","18":"first","19":"instock","20":"purchasable","21":"product-type-variable"},"acf":[],"_links":{"self":[{"href":"https:\/\/mapau.es\/fr\/wp-json\/wp\/v2\/product\/52974","targetHints":{"allow":["GET"]}}],"collection":[{"href":"https:\/\/mapau.es\/fr\/wp-json\/wp\/v2\/product"}],"about":[{"href":"https:\/\/mapau.es\/fr\/wp-json\/wp\/v2\/types\/product"}],"replies":[{"embeddable":true,"href":"https:\/\/mapau.es\/fr\/wp-json\/wp\/v2\/comments?post=52974"}],"wp:featuredmedia":[{"embeddable":true,"href":"https:\/\/mapau.es\/fr\/wp-json\/wp\/v2\/media\/41407"}],"wp:attachment":[{"href":"https:\/\/mapau.es\/fr\/wp-json\/wp\/v2\/media?parent=52974"}],"wp:term":[{"taxonomy":"product_brand","embeddable":true,"href":"https:\/\/mapau.es\/fr\/wp-json\/wp\/v2\/product_brand?post=52974"},{"taxonomy":"product_cat","embeddable":true,"href":"https:\/\/mapau.es\/fr\/wp-json\/wp\/v2\/product_cat?post=52974"},{"taxonomy":"product_tag","embeddable":true,"href":"https:\/\/mapau.es\/fr\/wp-json\/wp\/v2\/product_tag?post=52974"}],"curies":[{"name":"wp","href":"https:\/\/api.w.org\/{rel}","templated":true}]}}