{"id":52975,"date":"2021-08-05T18:25:17","date_gmt":"2021-08-05T16:25:17","guid":{"rendered":"https:\/\/mapau.es\/producto\/pack-indre-con-doble-lavabo-y-espejo-led-2\/"},"modified":"2026-03-30T17:17:39","modified_gmt":"2026-03-30T15:17:39","slug":"pack-indre-con-doble-lavabo-y-espejo-led-2","status":"publish","type":"product","link":"https:\/\/mapau.es\/fr\/producto\/pack-indre-con-doble-lavabo-y-espejo-led-2\/","title":{"rendered":"Pack Indre avec double vase et miroir LED"},"content":{"rendered":"<p>Ensemble compos\u00e9 de meubles de salle de bains en mat\u00e9riau stratifi\u00e9 de 19 mm avec une finition bois et une fa\u00e7ade stratifi\u00e9e blanche mate. Il se compose de deux tiroirs de grande capacit\u00e9, s&rsquo;ouvrant gr\u00e2ce \u00e0 une poign\u00e9e profil\u00e9e blanche avec m\u00e9canisme de fermeture amortie. Il comprend deux vasques \u00e0 poser en c\u00e9ramique blanche et un miroir simple avec \u00e9clairage LED int\u00e9gr\u00e9. Vasque \u00e0 poser en r\u00e9sine blanche avec trou pour robinetterie inclus. Robinet et miroir non inclus. Fabriqu\u00e9 en Espagne.<\/p>\n","protected":false},"excerpt":{"rendered":"<p>Ensemble compos\u00e9 de meubles de salle de bains en mat\u00e9riau stratifi\u00e9 de 19 mm avec une finition bois et une fa\u00e7ade stratifi\u00e9e blanche mate. Il se compose de deux tiroirs de grande capacit\u00e9, s&rsquo;ouvrant gr\u00e2ce \u00e0 une poign\u00e9e profil\u00e9e blanche avec m\u00e9canisme de fermeture amortie. Il comprend deux vasques \u00e0 poser en c\u00e9ramique blanche et &hellip; <a href=\"https:\/\/mapau.es\/fr\/producto\/pack-indre-con-doble-lavabo-y-espejo-led-2\/\">Continued<\/a><\/p>\n","protected":false},"featured_media":55418,"comment_status":"closed","ping_status":"open","template":"","meta":{"_acf_changed":false},"product_brand":[681],"product_cat":[664],"product_tag":[],"class_list":{"0":"post-52975","1":"product","2":"type-product","3":"status-publish","4":"has-post-thumbnail","6":"product_brand-indre","7":"product_cat-meubles-de-salle-de-bain","8":"pa_caracteristicas-2-tiroirs","9":"pa_colores-blanc","10":"pa_colores-cendre","11":"pa_colores-chene-de-bardolino","12":"pa_colores-chene-noir-de-jais","13":"pa_colores-noyer","14":"pa_medidas-160-cm","16":"first","17":"instock","18":"purchasable","19":"product-type-variable"},"acf":[],"_links":{"self":[{"href":"https:\/\/mapau.es\/fr\/wp-json\/wp\/v2\/product\/52975","targetHints":{"allow":["GET"]}}],"collection":[{"href":"https:\/\/mapau.es\/fr\/wp-json\/wp\/v2\/product"}],"about":[{"href":"https:\/\/mapau.es\/fr\/wp-json\/wp\/v2\/types\/product"}],"replies":[{"embeddable":true,"href":"https:\/\/mapau.es\/fr\/wp-json\/wp\/v2\/comments?post=52975"}],"wp:featuredmedia":[{"embeddable":true,"href":"https:\/\/mapau.es\/fr\/wp-json\/wp\/v2\/media\/55418"}],"wp:attachment":[{"href":"https:\/\/mapau.es\/fr\/wp-json\/wp\/v2\/media?parent=52975"}],"wp:term":[{"taxonomy":"product_brand","embeddable":true,"href":"https:\/\/mapau.es\/fr\/wp-json\/wp\/v2\/product_brand?post=52975"},{"taxonomy":"product_cat","embeddable":true,"href":"https:\/\/mapau.es\/fr\/wp-json\/wp\/v2\/product_cat?post=52975"},{"taxonomy":"product_tag","embeddable":true,"href":"https:\/\/mapau.es\/fr\/wp-json\/wp\/v2\/product_tag?post=52975"}],"curies":[{"name":"wp","href":"https:\/\/api.w.org\/{rel}","templated":true}]}}