{"id":52977,"date":"2021-08-05T16:20:22","date_gmt":"2021-08-05T14:20:22","guid":{"rendered":"https:\/\/mapau.es\/producto\/dosificador-recto-kara-2\/"},"modified":"2026-03-30T17:06:08","modified_gmt":"2026-03-30T15:06:08","slug":"dosificador-recto-kara-2","status":"publish","type":"product","link":"https:\/\/mapau.es\/fr\/producto\/dosificador-recto-kara-2\/","title":{"rendered":"Distributeur agr\u00e9\u00e9 KARA"},"content":{"rendered":"<p>Distributeur agr\u00e9\u00e9 KARA<\/p>\n","protected":false},"excerpt":{"rendered":"<p>Distributeur agr\u00e9\u00e9 KARA<\/p>\n","protected":false},"featured_media":7629,"comment_status":"closed","ping_status":"open","template":"","meta":{"_acf_changed":false},"product_brand":[],"product_cat":[452],"product_tag":[],"class_list":{"0":"post-52977","1":"product","2":"type-product","3":"status-publish","4":"has-post-thumbnail","6":"product_cat-accesorios","7":"product_shipping_class-t10","8":"pa_caracteristicas-accessoires","9":"pa_colores-chrome","11":"first","12":"instock","13":"purchasable","14":"product-type-simple"},"acf":[],"_links":{"self":[{"href":"https:\/\/mapau.es\/fr\/wp-json\/wp\/v2\/product\/52977","targetHints":{"allow":["GET"]}}],"collection":[{"href":"https:\/\/mapau.es\/fr\/wp-json\/wp\/v2\/product"}],"about":[{"href":"https:\/\/mapau.es\/fr\/wp-json\/wp\/v2\/types\/product"}],"replies":[{"embeddable":true,"href":"https:\/\/mapau.es\/fr\/wp-json\/wp\/v2\/comments?post=52977"}],"wp:featuredmedia":[{"embeddable":true,"href":"https:\/\/mapau.es\/fr\/wp-json\/wp\/v2\/media\/7629"}],"wp:attachment":[{"href":"https:\/\/mapau.es\/fr\/wp-json\/wp\/v2\/media?parent=52977"}],"wp:term":[{"taxonomy":"product_brand","embeddable":true,"href":"https:\/\/mapau.es\/fr\/wp-json\/wp\/v2\/product_brand?post=52977"},{"taxonomy":"product_cat","embeddable":true,"href":"https:\/\/mapau.es\/fr\/wp-json\/wp\/v2\/product_cat?post=52977"},{"taxonomy":"product_tag","embeddable":true,"href":"https:\/\/mapau.es\/fr\/wp-json\/wp\/v2\/product_tag?post=52977"}],"curies":[{"name":"wp","href":"https:\/\/api.w.org\/{rel}","templated":true}]}}