{"id":52980,"date":"2021-07-31T23:40:20","date_gmt":"2021-07-31T21:40:20","guid":{"rendered":"https:\/\/mapau.es\/producto\/iluminacion-l-100-2\/"},"modified":"2026-03-30T17:06:09","modified_gmt":"2026-03-30T15:06:09","slug":"iluminacion-l-100-2","status":"publish","type":"product","link":"https:\/\/mapau.es\/fr\/producto\/iluminacion-l-100-2\/","title":{"rendered":"\u00c9clairage L-100"},"content":{"rendered":"<p>\u00c9clairage LED de 100 cm de 9,6 W avec 600 lumens et une temp\u00e9rature de couleur de 6000 K.<\/p>\n","protected":false},"excerpt":{"rendered":"<p>\u00c9clairage LED de 100 cm de 9,6 W avec 600 lumens et une temp\u00e9rature de couleur de 6000 K.<\/p>\n","protected":false},"featured_media":11537,"comment_status":"closed","ping_status":"open","template":"","meta":{"_acf_changed":false},"product_brand":[],"product_cat":[452,474],"product_tag":[],"class_list":{"0":"post-52980","1":"product","2":"type-product","3":"status-publish","4":"has-post-thumbnail","6":"product_cat-accesorios","7":"product_cat-iluminacion","8":"product_shipping_class-t10","9":"pa_caracteristicas-foudre","10":"pa_colores-chrome","11":"pa_medidas-100-cm","13":"first","14":"instock","15":"purchasable","16":"product-type-simple"},"acf":[],"_links":{"self":[{"href":"https:\/\/mapau.es\/fr\/wp-json\/wp\/v2\/product\/52980","targetHints":{"allow":["GET"]}}],"collection":[{"href":"https:\/\/mapau.es\/fr\/wp-json\/wp\/v2\/product"}],"about":[{"href":"https:\/\/mapau.es\/fr\/wp-json\/wp\/v2\/types\/product"}],"replies":[{"embeddable":true,"href":"https:\/\/mapau.es\/fr\/wp-json\/wp\/v2\/comments?post=52980"}],"wp:featuredmedia":[{"embeddable":true,"href":"https:\/\/mapau.es\/fr\/wp-json\/wp\/v2\/media\/11537"}],"wp:attachment":[{"href":"https:\/\/mapau.es\/fr\/wp-json\/wp\/v2\/media?parent=52980"}],"wp:term":[{"taxonomy":"product_brand","embeddable":true,"href":"https:\/\/mapau.es\/fr\/wp-json\/wp\/v2\/product_brand?post=52980"},{"taxonomy":"product_cat","embeddable":true,"href":"https:\/\/mapau.es\/fr\/wp-json\/wp\/v2\/product_cat?post=52980"},{"taxonomy":"product_tag","embeddable":true,"href":"https:\/\/mapau.es\/fr\/wp-json\/wp\/v2\/product_tag?post=52980"}],"curies":[{"name":"wp","href":"https:\/\/api.w.org\/{rel}","templated":true}]}}