{"id":52991,"date":"2021-07-31T22:56:49","date_gmt":"2021-07-31T20:56:49","guid":{"rendered":"https:\/\/mapau.es\/producto\/espejo-irene-2\/"},"modified":"2026-03-30T17:06:18","modified_gmt":"2026-03-30T15:06:18","slug":"espejo-irene-2","status":"publish","type":"product","link":"https:\/\/mapau.es\/fr\/producto\/espejo-irene-2\/","title":{"rendered":"Miroir Ir\u00e8ne"},"content":{"rendered":"<p>Miroir design Epur\u00e9 (60 x 80 cm) avec \u00e9clairage LED int\u00e9gr\u00e9 et \u00e9clairage vert. Contr\u00f4le de s\u00e9curit\u00e9. Puissance\u00a0: 4,8 W, 530 lm, 6\u00a0000 K, indice de protection IP\u00a044. \u00c9conomie d&rsquo;\u00e9nergie.<\/p>\n","protected":false},"excerpt":{"rendered":"<p>Miroir design Epur\u00e9 (60 x 80 cm) avec \u00e9clairage LED int\u00e9gr\u00e9 et \u00e9clairage vert. Contr\u00f4le de s\u00e9curit\u00e9. Puissance\u00a0: 4,8 W, 530 lm, 6\u00a0000 K, indice de protection IP\u00a044. \u00c9conomie d&rsquo;\u00e9nergie.<\/p>\n","protected":false},"featured_media":9572,"comment_status":"closed","ping_status":"open","template":"","meta":{"_acf_changed":false},"product_brand":[],"product_cat":[452,457],"product_tag":[],"class_list":{"0":"post-52991","1":"product","2":"type-product","3":"status-publish","4":"has-post-thumbnail","6":"product_cat-accesorios","7":"product_cat-espejos","8":"product_shipping_class-t20","9":"pa_caracteristicas-miroir","10":"pa_colores-chrome","11":"pa_medidas-60-cm","13":"first","14":"instock","15":"purchasable","16":"product-type-simple"},"acf":[],"_links":{"self":[{"href":"https:\/\/mapau.es\/fr\/wp-json\/wp\/v2\/product\/52991","targetHints":{"allow":["GET"]}}],"collection":[{"href":"https:\/\/mapau.es\/fr\/wp-json\/wp\/v2\/product"}],"about":[{"href":"https:\/\/mapau.es\/fr\/wp-json\/wp\/v2\/types\/product"}],"replies":[{"embeddable":true,"href":"https:\/\/mapau.es\/fr\/wp-json\/wp\/v2\/comments?post=52991"}],"wp:featuredmedia":[{"embeddable":true,"href":"https:\/\/mapau.es\/fr\/wp-json\/wp\/v2\/media\/9572"}],"wp:attachment":[{"href":"https:\/\/mapau.es\/fr\/wp-json\/wp\/v2\/media?parent=52991"}],"wp:term":[{"taxonomy":"product_brand","embeddable":true,"href":"https:\/\/mapau.es\/fr\/wp-json\/wp\/v2\/product_brand?post=52991"},{"taxonomy":"product_cat","embeddable":true,"href":"https:\/\/mapau.es\/fr\/wp-json\/wp\/v2\/product_cat?post=52991"},{"taxonomy":"product_tag","embeddable":true,"href":"https:\/\/mapau.es\/fr\/wp-json\/wp\/v2\/product_tag?post=52991"}],"curies":[{"name":"wp","href":"https:\/\/api.w.org\/{rel}","templated":true}]}}