{"id":52993,"date":"2021-07-31T22:48:08","date_gmt":"2021-07-31T20:48:08","guid":{"rendered":"https:\/\/mapau.es\/producto\/pack-accesorios-organizador-cosmeticos-bandeja-multifuncion-caja-almacenaje-2\/"},"modified":"2026-03-30T17:06:19","modified_gmt":"2026-03-30T15:06:19","slug":"pack-accesorios-organizador-cosmeticos-bandeja-multifuncion-caja-almacenaje-2","status":"publish","type":"product","link":"https:\/\/mapau.es\/fr\/producto\/pack-accesorios-organizador-cosmeticos-bandeja-multifuncion-caja-almacenaje-2\/","title":{"rendered":"Kit d&rsquo;accessoires pour l&rsquo;organisation des cosm\u00e9tiques + plateau multifonction + bo\u00eete de rangement"},"content":{"rendered":"<p>Ensemble de rangement pour pneus comprenant un plateau \u00e9quip\u00e9 d&rsquo;un support esth\u00e9tique, un plateau multifonctionnel et une bo\u00eete de rangement.<\/p>\n","protected":false},"excerpt":{"rendered":"<p>Ensemble de rangement pour pneus comprenant un plateau \u00e9quip\u00e9 d&rsquo;un support esth\u00e9tique, un plateau multifonctionnel et une bo\u00eete de rangement.<\/p>\n","protected":false},"featured_media":9541,"comment_status":"closed","ping_status":"open","template":"","meta":{"_acf_changed":false},"product_brand":[],"product_cat":[452],"product_tag":[],"class_list":{"0":"post-52993","1":"product","2":"type-product","3":"status-publish","4":"has-post-thumbnail","6":"product_cat-accesorios","7":"product_shipping_class-t10","8":"pa_caracteristicas-accessoires","9":"pa_colores-anthracite","11":"first","12":"instock","13":"purchasable","14":"product-type-simple"},"acf":[],"_links":{"self":[{"href":"https:\/\/mapau.es\/fr\/wp-json\/wp\/v2\/product\/52993","targetHints":{"allow":["GET"]}}],"collection":[{"href":"https:\/\/mapau.es\/fr\/wp-json\/wp\/v2\/product"}],"about":[{"href":"https:\/\/mapau.es\/fr\/wp-json\/wp\/v2\/types\/product"}],"replies":[{"embeddable":true,"href":"https:\/\/mapau.es\/fr\/wp-json\/wp\/v2\/comments?post=52993"}],"wp:featuredmedia":[{"embeddable":true,"href":"https:\/\/mapau.es\/fr\/wp-json\/wp\/v2\/media\/9541"}],"wp:attachment":[{"href":"https:\/\/mapau.es\/fr\/wp-json\/wp\/v2\/media?parent=52993"}],"wp:term":[{"taxonomy":"product_brand","embeddable":true,"href":"https:\/\/mapau.es\/fr\/wp-json\/wp\/v2\/product_brand?post=52993"},{"taxonomy":"product_cat","embeddable":true,"href":"https:\/\/mapau.es\/fr\/wp-json\/wp\/v2\/product_cat?post=52993"},{"taxonomy":"product_tag","embeddable":true,"href":"https:\/\/mapau.es\/fr\/wp-json\/wp\/v2\/product_tag?post=52993"}],"curies":[{"name":"wp","href":"https:\/\/api.w.org\/{rel}","templated":true}]}}