{"id":52994,"date":"2021-07-31T22:45:26","date_gmt":"2021-07-31T20:45:26","guid":{"rendered":"https:\/\/mapau.es\/producto\/pack-accesorios-organizador-cosmeticos-bandeja-multifuncion-2\/"},"modified":"2026-03-30T17:06:19","modified_gmt":"2026-03-30T15:06:19","slug":"pack-accesorios-organizador-cosmeticos-bandeja-multifuncion-2","status":"publish","type":"product","link":"https:\/\/mapau.es\/fr\/producto\/pack-accesorios-organizador-cosmeticos-bandeja-multifuncion-2\/","title":{"rendered":"Ensemble d&rsquo;accessoires pour organisateur de cosm\u00e9tiques + plateau multifonction"},"content":{"rendered":"<p>Ensemble de rangement pour tiroir compos\u00e9 d&rsquo;un plateau \u00e9quip\u00e9 d&rsquo;un porte-cosm\u00e9tiques et d&rsquo;un plateau multifonction.<\/p>\n","protected":false},"excerpt":{"rendered":"<p>Ensemble de rangement pour tiroir compos\u00e9 d&rsquo;un plateau \u00e9quip\u00e9 d&rsquo;un porte-cosm\u00e9tiques et d&rsquo;un plateau multifonction.<\/p>\n","protected":false},"featured_media":9528,"comment_status":"closed","ping_status":"open","template":"","meta":{"_acf_changed":false},"product_brand":[],"product_cat":[452],"product_tag":[],"class_list":{"0":"post-52994","1":"product","2":"type-product","3":"status-publish","4":"has-post-thumbnail","6":"product_cat-accesorios","7":"product_shipping_class-t10","8":"pa_caracteristicas-accessoires","9":"pa_colores-anthracite","11":"first","12":"instock","13":"purchasable","14":"product-type-simple"},"acf":[],"_links":{"self":[{"href":"https:\/\/mapau.es\/fr\/wp-json\/wp\/v2\/product\/52994","targetHints":{"allow":["GET"]}}],"collection":[{"href":"https:\/\/mapau.es\/fr\/wp-json\/wp\/v2\/product"}],"about":[{"href":"https:\/\/mapau.es\/fr\/wp-json\/wp\/v2\/types\/product"}],"replies":[{"embeddable":true,"href":"https:\/\/mapau.es\/fr\/wp-json\/wp\/v2\/comments?post=52994"}],"wp:featuredmedia":[{"embeddable":true,"href":"https:\/\/mapau.es\/fr\/wp-json\/wp\/v2\/media\/9528"}],"wp:attachment":[{"href":"https:\/\/mapau.es\/fr\/wp-json\/wp\/v2\/media?parent=52994"}],"wp:term":[{"taxonomy":"product_brand","embeddable":true,"href":"https:\/\/mapau.es\/fr\/wp-json\/wp\/v2\/product_brand?post=52994"},{"taxonomy":"product_cat","embeddable":true,"href":"https:\/\/mapau.es\/fr\/wp-json\/wp\/v2\/product_cat?post=52994"},{"taxonomy":"product_tag","embeddable":true,"href":"https:\/\/mapau.es\/fr\/wp-json\/wp\/v2\/product_tag?post=52994"}],"curies":[{"name":"wp","href":"https:\/\/api.w.org\/{rel}","templated":true}]}}