{"id":52995,"date":"2021-07-31T22:42:59","date_gmt":"2021-07-31T20:42:59","guid":{"rendered":"https:\/\/mapau.es\/producto\/pack-accesorios-3-cajas-organizadoras-2\/"},"modified":"2026-03-30T17:06:20","modified_gmt":"2026-03-30T15:06:20","slug":"pack-accesorios-3-cajas-organizadoras-2","status":"publish","type":"product","link":"https:\/\/mapau.es\/fr\/producto\/pack-accesorios-3-cajas-organizadoras-2\/","title":{"rendered":"Lot d&rsquo;accessoires comprenant 3 bo\u00eetes de rangement"},"content":{"rendered":"<p>Ensemble de rangement pour pneus comprenant un plateau lat\u00e9ral et 3 bo\u00eetes couvertes.<\/p>\n","protected":false},"excerpt":{"rendered":"<p>Ensemble de rangement pour pneus comprenant un plateau lat\u00e9ral et 3 bo\u00eetes couvertes.<\/p>\n","protected":false},"featured_media":9521,"comment_status":"closed","ping_status":"open","template":"","meta":{"_acf_changed":false},"product_brand":[],"product_cat":[452],"product_tag":[],"class_list":{"0":"post-52995","1":"product","2":"type-product","3":"status-publish","4":"has-post-thumbnail","6":"product_cat-accesorios","7":"product_shipping_class-t10","8":"pa_caracteristicas-accessoires","9":"pa_colores-anthracite","11":"first","12":"instock","13":"purchasable","14":"product-type-simple"},"acf":[],"_links":{"self":[{"href":"https:\/\/mapau.es\/fr\/wp-json\/wp\/v2\/product\/52995","targetHints":{"allow":["GET"]}}],"collection":[{"href":"https:\/\/mapau.es\/fr\/wp-json\/wp\/v2\/product"}],"about":[{"href":"https:\/\/mapau.es\/fr\/wp-json\/wp\/v2\/types\/product"}],"replies":[{"embeddable":true,"href":"https:\/\/mapau.es\/fr\/wp-json\/wp\/v2\/comments?post=52995"}],"wp:featuredmedia":[{"embeddable":true,"href":"https:\/\/mapau.es\/fr\/wp-json\/wp\/v2\/media\/9521"}],"wp:attachment":[{"href":"https:\/\/mapau.es\/fr\/wp-json\/wp\/v2\/media?parent=52995"}],"wp:term":[{"taxonomy":"product_brand","embeddable":true,"href":"https:\/\/mapau.es\/fr\/wp-json\/wp\/v2\/product_brand?post=52995"},{"taxonomy":"product_cat","embeddable":true,"href":"https:\/\/mapau.es\/fr\/wp-json\/wp\/v2\/product_cat?post=52995"},{"taxonomy":"product_tag","embeddable":true,"href":"https:\/\/mapau.es\/fr\/wp-json\/wp\/v2\/product_tag?post=52995"}],"curies":[{"name":"wp","href":"https:\/\/api.w.org\/{rel}","templated":true}]}}