{"id":52998,"date":"2021-07-31T22:17:36","date_gmt":"2021-07-31T20:17:36","guid":{"rendered":"https:\/\/mapau.es\/producto\/patas-cromadas-2\/"},"modified":"2026-03-30T17:06:21","modified_gmt":"2026-03-30T15:06:21","slug":"patas-cromadas-2","status":"publish","type":"product","link":"https:\/\/mapau.es\/fr\/producto\/patas-cromadas-2\/","title":{"rendered":"pieds chrom\u00e9s"},"content":{"rendered":"<p>Pieds chrom\u00e9s de 10 cm (2 unit\u00e9s)<\/p>\n","protected":false},"excerpt":{"rendered":"<p>Pieds chrom\u00e9s de 10 cm (2 unit\u00e9s)<\/p>\n","protected":false},"featured_media":9480,"comment_status":"closed","ping_status":"open","template":"","meta":{"_acf_changed":false},"product_brand":[],"product_cat":[452],"product_tag":[],"class_list":{"0":"post-52998","1":"product","2":"type-product","3":"status-publish","4":"has-post-thumbnail","6":"product_cat-accesorios","7":"product_shipping_class-t10","8":"pa_caracteristicas-accessoires","9":"pa_colores-chrome","11":"first","12":"instock","13":"purchasable","14":"product-type-simple"},"acf":[],"_links":{"self":[{"href":"https:\/\/mapau.es\/fr\/wp-json\/wp\/v2\/product\/52998","targetHints":{"allow":["GET"]}}],"collection":[{"href":"https:\/\/mapau.es\/fr\/wp-json\/wp\/v2\/product"}],"about":[{"href":"https:\/\/mapau.es\/fr\/wp-json\/wp\/v2\/types\/product"}],"replies":[{"embeddable":true,"href":"https:\/\/mapau.es\/fr\/wp-json\/wp\/v2\/comments?post=52998"}],"wp:featuredmedia":[{"embeddable":true,"href":"https:\/\/mapau.es\/fr\/wp-json\/wp\/v2\/media\/9480"}],"wp:attachment":[{"href":"https:\/\/mapau.es\/fr\/wp-json\/wp\/v2\/media?parent=52998"}],"wp:term":[{"taxonomy":"product_brand","embeddable":true,"href":"https:\/\/mapau.es\/fr\/wp-json\/wp\/v2\/product_brand?post=52998"},{"taxonomy":"product_cat","embeddable":true,"href":"https:\/\/mapau.es\/fr\/wp-json\/wp\/v2\/product_cat?post=52998"},{"taxonomy":"product_tag","embeddable":true,"href":"https:\/\/mapau.es\/fr\/wp-json\/wp\/v2\/product_tag?post=52998"}],"curies":[{"name":"wp","href":"https:\/\/api.w.org\/{rel}","templated":true}]}}